{"id":9,"date":"2011-01-31T19:30:23","date_gmt":"2011-01-31T19:30:23","guid":{"rendered":"http:\/\/www.progreskb.pl\/?page_id=9"},"modified":"2012-10-16T22:14:03","modified_gmt":"2012-10-16T20:14:03","slug":"o-firmie","status":"publish","type":"page","link":"https:\/\/www.progreskb.pl\/?page_id=9","title":{"rendered":"O Firmie"},"content":{"rendered":"<p><strong>Firma PROGRES powsta\u0142a w 1995 roku.<\/strong><\/p>\n<p><strong>Od pocz\u0105tku swego istnienia jest autoryzowanym dystrybutorem firmy 3M w zakresie Produkt\u00f3w Grupy Przemys\u0142owej.<\/strong><\/p>\n<p>Codziennie zesp\u00f3\u0142 specjalist\u00f3w PROGRES rozwi\u0105zuje problemy naszych klient\u00f3w, wdra\u017caj\u0105c nowoczesne i innowacyjne technologie.<\/p>\n<p>Podstawowe obszary naszej dzia\u0142alno\u015bci to sprzeda\u017c i doradztwo techniczne w zakresie:<\/p>\n<ol>\n<li>Materia\u0142\u00f3w      \u015bciernych 3M<\/li>\n<li>Ta\u015bm      klej\u0105cych jedno i dwustronnych 3M<\/li>\n<li>Klej\u00f3w      3M<\/li>\n<li>Produkt\u00f3w      BHP 3M<\/li>\n<li>Narz\u0119dzi      pneumatycznych firm 3M i Dynabrade<\/li>\n<li>Elektronarz\u0119dzi      3M<\/li>\n<\/ol>\n<p>Obecnie PROGRES oferuje swoim klientom kilka tysi\u0119cy bardzo wysokiej jako\u015bci innowacyjnych produkt\u00f3w oraz zapewnia mo\u017cliwo\u015b\u0107 korzystania z bezp\u0142atnych bada\u0144 laboratoryjnych po\u0142\u0105cze\u0144 klejonych oraz z pr\u00f3b w zakresie obr\u00f3bki materia\u0142ami \u015bciernymi.<\/p>\n<p>Nasi in\u017cynierowie ca\u0142y czas podnosz\u0105 swoje kwalifikacje by oferowa\u0107 Pa\u0144stwu zaawansowane technologicznie produkty.<\/p>\n<p>Zapewniamy nadz\u00f3r i opiek\u0119 w momencie wdra\u017cania nowych technologii, doradzamy w zakresie optymalizacji proces\u00f3w produkcyjnych.<\/p>\n<p>Zale\u017cy nam na utrzymaniu statusu solidnego dostawcy na rynkach, kt\u00f3re obs\u0142ugujemy jak r\u00f3wnie\u017c pozyskaniu nowych segment\u00f3w rynku.<\/p>\n","protected":false},"excerpt":{"rendered":"<p>Firma PROGRES powsta\u0142a w 1995 roku. Od pocz\u0105tku swego istnienia jest autoryzowanym dystrybutorem firmy 3M w zakresie Produkt\u00f3w Grupy Przemys\u0142owej. Codziennie zesp\u00f3\u0142 specjalist\u00f3w PROGRES rozwi\u0105zuje problemy naszych klient\u00f3w, wdra\u017caj\u0105c nowoczesne [&hellip;]<\/p>\n","protected":false},"author":1,"featured_media":0,"parent":0,"menu_order":12,"comment_status":"closed","ping_status":"open","template":"","meta":{"footnotes":""},"class_list":["post-9","page","type-page","status-publish","hentry"],"_links":{"self":[{"href":"https:\/\/www.progreskb.pl\/index.php?rest_route=\/wp\/v2\/pages\/9","targetHints":{"allow":["GET"]}}],"collection":[{"href":"https:\/\/www.progreskb.pl\/index.php?rest_route=\/wp\/v2\/pages"}],"about":[{"href":"https:\/\/www.progreskb.pl\/index.php?rest_route=\/wp\/v2\/types\/page"}],"author":[{"embeddable":true,"href":"https:\/\/www.progreskb.pl\/index.php?rest_route=\/wp\/v2\/users\/1"}],"replies":[{"embeddable":true,"href":"https:\/\/www.progreskb.pl\/index.php?rest_route=%2Fwp%2Fv2%2Fcomments&post=9"}],"version-history":[{"count":15,"href":"https:\/\/www.progreskb.pl\/index.php?rest_route=\/wp\/v2\/pages\/9\/revisions"}],"predecessor-version":[{"id":337,"href":"https:\/\/www.progreskb.pl\/index.php?rest_route=\/wp\/v2\/pages\/9\/revisions\/337"}],"wp:attachment":[{"href":"https:\/\/www.progreskb.pl\/index.php?rest_route=%2Fwp%2Fv2%2Fmedia&parent=9"}],"curies":[{"name":"wp","href":"https:\/\/api.w.org\/{rel}","templated":true}]}}