{"id":891,"date":"2011-02-20T16:44:09","date_gmt":"2011-02-20T16:44:09","guid":{"rendered":"http:\/\/www.progreskb.pl\/?page_id=891"},"modified":"2017-05-25T12:28:59","modified_gmt":"2017-05-25T10:28:59","slug":"supertasmy","status":"publish","type":"page","link":"https:\/\/www.progreskb.pl\/?page_id=891","title":{"rendered":"3M\u2122 Cienkie ta\u015bmy dwustronnie klej\u0105ce"},"content":{"rendered":"<p>W ofercie cienkich ta\u015bm dwustronnie klej\u0105cych 3M wyr\u00f3\u017cniamy 2 grupy produktowe:<\/p>\n<ul>\n<li>ta\u015bmy dwustronnie klej\u0105ce i b\u0142ony klejowe (w formie rolek i arkuszy)<\/li>\n<li>folie dystansowe do klawiatur membranowych<\/li>\n<\/ul>\n<p>Przyk\u0142adowe zastosowania:<\/p>\n<ul>\n<li>wklejanie, mocowanie, monta\u017c r\u00f3\u017cnego rodzaju element\u00f3w z drewna, tworzyw sztucznych, szk\u0142a, metalu, itp.<\/li>\n<li>przyklejanie profili drewnianych, gumowych, plastikowych<\/li>\n<li>laminowanie folii np. na samoprzylepne tabliczki znamionowe czy fronty graficzne b\u0105d\u017a elementy dekoracyjne<\/li>\n<li>przyklejanie element\u00f3w dekoracyjnych<\/li>\n<li>klejenie zamiast fastrygowania przed zszyciem<\/li>\n<li>przyklejanie znak\u00f3w, emblemat\u00f3w, tabliczek<\/li>\n<li>klejenie opakowa\u0144<\/li>\n<li>oprawianie obraz\u00f3w<\/li>\n<\/ul>\n<p>Specyficznym zastosowaniem jest np. monta\u017c klawiatur membranowych.<\/p>\n<p>W grupie cienkich ta\u015bm serii90XX dost\u0119pne s\u0105 tak\u017ce d\u0142ugie nawoje motkowe (2000m lub 4000m), kt\u00f3re umo\u017cliwiaj\u0105 laminowanie profili bez potrzeby cz\u0119stych zmian ta\u015bmy.<\/p>\n<p>Wi\u0119cej informacji w katalogach:<br \/>\n<a href=\"https:\/\/www.progreskb.pl\/wp-content\/uploads\/2011\/02\/BLONY-KLEJOWE.pdf\">B\u0142ony klejowe<\/a><br \/>\n<a href=\"https:\/\/www.progreskb.pl\/wp-content\/uploads\/2011\/02\/Blony-z-klejem-360.pdf\">B\u0142ony z klejem 360<\/a><br \/>\n<a href=\"https:\/\/www.progreskb.pl\/wp-content\/uploads\/2011\/02\/Folie-dystansowe.pdf\">Folie dystansowe<\/a><br \/>\n<a href=\"https:\/\/www.progreskb.pl\/wp-content\/uploads\/2011\/02\/SUPER-TASMY.pdf\">Super Ta\u015bmy<\/a><\/p>\n<div style=\"clear:both\">\n<a href=\"https:\/\/progres.pasaz24.pl\/category\/Cienkie-tasmy-dwustronne-96086?#OfertaProduktowa\" target=\"_blank\" rel=\"nofollow\" title=\"Kup w sklepie internetowym\"><img loading=\"lazy\" decoding=\"async\" class=\"alignright size-full wp-image-1610\" src=\"https:\/\/www.progreskb.pl\/wp-content\/uploads\/2017\/05\/kop-online.png\" alt=\"Kup w sklepie internetowym\" width=\"113\" height=\"35\" \/><\/a>\n<\/div>\n","protected":false},"excerpt":{"rendered":"<p>W ofercie cienkich ta\u015bm dwustronnie klej\u0105cych 3M wyr\u00f3\u017cniamy 2 grupy produktowe: ta\u015bmy dwustronnie klej\u0105ce i b\u0142ony klejowe (w formie rolek i arkuszy) folie dystansowe do klawiatur membranowych Przyk\u0142adowe zastosowania: wklejanie, [&hellip;]<\/p>\n","protected":false},"author":1,"featured_media":0,"parent":39,"menu_order":0,"comment_status":"closed","ping_status":"closed","template":"","meta":{"footnotes":""},"class_list":["post-891","page","type-page","status-publish","hentry"],"_links":{"self":[{"href":"https:\/\/www.progreskb.pl\/index.php?rest_route=\/wp\/v2\/pages\/891","targetHints":{"allow":["GET"]}}],"collection":[{"href":"https:\/\/www.progreskb.pl\/index.php?rest_route=\/wp\/v2\/pages"}],"about":[{"href":"https:\/\/www.progreskb.pl\/index.php?rest_route=\/wp\/v2\/types\/page"}],"author":[{"embeddable":true,"href":"https:\/\/www.progreskb.pl\/index.php?rest_route=\/wp\/v2\/users\/1"}],"replies":[{"embeddable":true,"href":"https:\/\/www.progreskb.pl\/index.php?rest_route=%2Fwp%2Fv2%2Fcomments&post=891"}],"version-history":[{"count":8,"href":"https:\/\/www.progreskb.pl\/index.php?rest_route=\/wp\/v2\/pages\/891\/revisions"}],"predecessor-version":[{"id":1650,"href":"https:\/\/www.progreskb.pl\/index.php?rest_route=\/wp\/v2\/pages\/891\/revisions\/1650"}],"up":[{"embeddable":true,"href":"https:\/\/www.progreskb.pl\/index.php?rest_route=\/wp\/v2\/pages\/39"}],"wp:attachment":[{"href":"https:\/\/www.progreskb.pl\/index.php?rest_route=%2Fwp%2Fv2%2Fmedia&parent=891"}],"curies":[{"name":"wp","href":"https:\/\/api.w.org\/{rel}","templated":true}]}}