{"id":889,"date":"2011-02-20T16:43:07","date_gmt":"2011-02-20T16:43:07","guid":{"rendered":"http:\/\/www.progreskb.pl\/?page_id=889"},"modified":"2011-08-07T10:06:12","modified_gmt":"2011-08-07T10:06:12","slug":"szlifierki-oscylacyjne","status":"publish","type":"page","link":"https:\/\/www.progreskb.pl\/?page_id=889","title":{"rendered":"Szlifierki oscylacyjne"},"content":{"rendered":"<p><a href=\"https:\/\/www.progreskb.pl\/wp-content\/uploads\/2011\/02\/szlifierki.jpg\"><img loading=\"lazy\" decoding=\"async\" class=\"alignleft size-full wp-image-968\" title=\"szlifierki\" src=\"https:\/\/www.progreskb.pl\/wp-content\/uploads\/2011\/02\/szlifierki.jpg\" alt=\"\" width=\"317\" height=\"244\" srcset=\"https:\/\/www.progreskb.pl\/wp-content\/uploads\/2011\/02\/szlifierki.jpg 702w, https:\/\/www.progreskb.pl\/wp-content\/uploads\/2011\/02\/szlifierki-300x231.jpg 300w\" sizes=\"auto, (max-width: 317px) 100vw, 317px\" \/><\/a>Pneumatyczne szlifierki oscylacyjne 3M\u2122doskonale sprawdz\u0105 si\u0119 przy wykonywaniu precyzyjnych prac szlifierskich oraz podczas obr\u00f3bki wyko\u0144czeniowej du\u017cych powierzchni materia\u0142\u00f3w takich jak metal, tworzywa sztuczne, drewno i pow\u0142oki lakiernicze. Szlifierki s\u0105 lekkie, a przy tym mocne i wydajne, posiadaj\u0105 ergonomicznie zaprojektowane r\u0119koje\u015bci, kt\u00f3re doskonale dopasowuj\u0105 si\u0119 do d\u0142oni i zapewniaj\u0105 wygod\u0119 w u\u017cytkowaniu.<\/p>\n<p>Wi\u0119cej informacji w katalogach:<a href=\"https:\/\/www.progreskb.pl\/wp-content\/uploads\/2011\/01\/Pneumatyczne-szlifierki-oscylacyjne.pdf\"><br \/>\nPneumatyczne szlifierki oscylacyjne<\/a><a href=\"https:\/\/www.progreskb.pl\/wp-content\/uploads\/2011\/01\/Pneumatyczne-szlifierki-oscylacyjne-i-akcesoria.pdf\"><br \/>\nPneumatyczne szlifierki oscylacyjne i akcesoria<\/a><\/p>\n","protected":false},"excerpt":{"rendered":"<p>Pneumatyczne szlifierki oscylacyjne 3M\u2122doskonale sprawdz\u0105 si\u0119 przy wykonywaniu precyzyjnych prac szlifierskich oraz podczas obr\u00f3bki wyko\u0144czeniowej du\u017cych powierzchni materia\u0142\u00f3w takich jak metal, tworzywa sztuczne, drewno i pow\u0142oki lakiernicze. Szlifierki s\u0105 lekkie, [&hellip;]<\/p>\n","protected":false},"author":1,"featured_media":0,"parent":115,"menu_order":0,"comment_status":"closed","ping_status":"closed","template":"","meta":{"footnotes":""},"class_list":["post-889","page","type-page","status-publish","hentry"],"_links":{"self":[{"href":"https:\/\/www.progreskb.pl\/index.php?rest_route=\/wp\/v2\/pages\/889","targetHints":{"allow":["GET"]}}],"collection":[{"href":"https:\/\/www.progreskb.pl\/index.php?rest_route=\/wp\/v2\/pages"}],"about":[{"href":"https:\/\/www.progreskb.pl\/index.php?rest_route=\/wp\/v2\/types\/page"}],"author":[{"embeddable":true,"href":"https:\/\/www.progreskb.pl\/index.php?rest_route=\/wp\/v2\/users\/1"}],"replies":[{"embeddable":true,"href":"https:\/\/www.progreskb.pl\/index.php?rest_route=%2Fwp%2Fv2%2Fcomments&post=889"}],"version-history":[{"count":8,"href":"https:\/\/www.progreskb.pl\/index.php?rest_route=\/wp\/v2\/pages\/889\/revisions"}],"predecessor-version":[{"id":970,"href":"https:\/\/www.progreskb.pl\/index.php?rest_route=\/wp\/v2\/pages\/889\/revisions\/970"}],"up":[{"embeddable":true,"href":"https:\/\/www.progreskb.pl\/index.php?rest_route=\/wp\/v2\/pages\/115"}],"wp:attachment":[{"href":"https:\/\/www.progreskb.pl\/index.php?rest_route=%2Fwp%2Fv2%2Fmedia&parent=889"}],"curies":[{"name":"wp","href":"https:\/\/api.w.org\/{rel}","templated":true}]}}