{"id":883,"date":"2011-02-20T16:41:40","date_gmt":"2011-02-20T16:41:40","guid":{"rendered":"http:\/\/www.progreskb.pl\/?page_id=883"},"modified":"2011-05-15T20:14:27","modified_gmt":"2011-05-15T20:14:27","slug":"produkty-unifam","status":"publish","type":"page","link":"https:\/\/www.progreskb.pl\/?page_id=883","title":{"rendered":"Produkty Unifam"},"content":{"rendered":"<p>3M oferuje szeroki wyb\u00f3r tarcz do ci\u0119cia stali konstrukcyjnej, nierdzewnej, kamienia i metali nie\u017celaznych oraz dysk\u00f3w lamelkowych do szlifowania z nasypem z elektrokorundu i ziarna cyrkonowego.<\/p>\n<p>Zapraszamy do pobrania katalogu:<br \/>\n<a href='https:\/\/www.progreskb.pl\/wp-content\/uploads\/2011\/02\/Tarcze-UNIFAM.pdf'>Tarcze UNIFAM<\/a><\/p>\n","protected":false},"excerpt":{"rendered":"<p>3M oferuje szeroki wyb\u00f3r tarcz do ci\u0119cia stali konstrukcyjnej, nierdzewnej, kamienia i metali nie\u017celaznych oraz dysk\u00f3w lamelkowych do szlifowania z nasypem z elektrokorundu i ziarna cyrkonowego. Zapraszamy do pobrania katalogu: [&hellip;]<\/p>\n","protected":false},"author":1,"featured_media":0,"parent":113,"menu_order":0,"comment_status":"closed","ping_status":"closed","template":"","meta":{"footnotes":""},"class_list":["post-883","page","type-page","status-publish","hentry"],"_links":{"self":[{"href":"https:\/\/www.progreskb.pl\/index.php?rest_route=\/wp\/v2\/pages\/883","targetHints":{"allow":["GET"]}}],"collection":[{"href":"https:\/\/www.progreskb.pl\/index.php?rest_route=\/wp\/v2\/pages"}],"about":[{"href":"https:\/\/www.progreskb.pl\/index.php?rest_route=\/wp\/v2\/types\/page"}],"author":[{"embeddable":true,"href":"https:\/\/www.progreskb.pl\/index.php?rest_route=\/wp\/v2\/users\/1"}],"replies":[{"embeddable":true,"href":"https:\/\/www.progreskb.pl\/index.php?rest_route=%2Fwp%2Fv2%2Fcomments&post=883"}],"version-history":[{"count":3,"href":"https:\/\/www.progreskb.pl\/index.php?rest_route=\/wp\/v2\/pages\/883\/revisions"}],"predecessor-version":[{"id":888,"href":"https:\/\/www.progreskb.pl\/index.php?rest_route=\/wp\/v2\/pages\/883\/revisions\/888"}],"up":[{"embeddable":true,"href":"https:\/\/www.progreskb.pl\/index.php?rest_route=\/wp\/v2\/pages\/113"}],"wp:attachment":[{"href":"https:\/\/www.progreskb.pl\/index.php?rest_route=%2Fwp%2Fv2%2Fmedia&parent=883"}],"curies":[{"name":"wp","href":"https:\/\/api.w.org\/{rel}","templated":true}]}}