{"id":881,"date":"2011-02-20T16:41:20","date_gmt":"2011-02-20T16:41:20","guid":{"rendered":"http:\/\/www.progreskb.pl\/?page_id=881"},"modified":"2012-10-17T13:00:51","modified_gmt":"2012-10-17T11:00:51","slug":"tarcze-greencorps","status":"publish","type":"page","link":"https:\/\/www.progreskb.pl\/?page_id=881","title":{"rendered":"Tarcze GreenCorps"},"content":{"rendered":"<h3><img loading=\"lazy\" decoding=\"async\" class=\"alignleft size-medium wp-image-1033\" title=\"greencorps\" src=\"https:\/\/www.progreskb.pl\/wp-content\/uploads\/2011\/02\/greencorps-300x225.jpg\" alt=\"\" width=\"347\" height=\"259\" srcset=\"https:\/\/www.progreskb.pl\/wp-content\/uploads\/2011\/02\/greencorps-300x225.jpg 300w, https:\/\/www.progreskb.pl\/wp-content\/uploads\/2011\/02\/greencorps-1024x768.jpg 1024w, https:\/\/www.progreskb.pl\/wp-content\/uploads\/2011\/02\/greencorps.jpg 1280w\" sizes=\"auto, (max-width: 347px) 100vw, 347px\" \/>3M\u2122 Green Corps\u2122<\/h3>\n<p>Elastyczna tarcza do szlifowania<br \/>\nSpos\u00f3b na podniesienie jako\u015bci<br \/>\n\u2013 trwa\u0142o\u015b\u0107, szybsze ci\u0119cie i lepsze wyko\u0144czenie<\/p>\n<p>Nowe tarcze Green Corps<br \/>\ndzi\u0119ki zawarto\u015bci ziarna kubitronowego<br \/>\ni elastycznej budowie zapewniaj\u0105:<br \/>\n\u2022 trwa\u0142o\u015b\u0107 narz\u0119dzia<br \/>\n\u2022 szybko\u015b\u0107 ci\u0119cia<br \/>\n\u2022 doskona\u0142e wyko\u0144czenie<br \/>\n\u2022 znaczn\u0105 redukcj\u0119 wibracji<br \/>\n\u2022 wyd\u0142u\u017con\u0105 \u017cywotno\u015b\u0107<br \/>\n<br \/><\/br><\/p>\n<p style=\"text-align: left;\">Wi\u0119cej informacji w katalogach:<a href=\"https:\/\/www.progreskb.pl\/wp-content\/uploads\/2011\/02\/GREEN-CORPS.pdf\"><br \/>\nGreen Corps Elastyczne tarcze do szlifowania<\/a><a href=\"https:\/\/www.progreskb.pl\/wp-content\/uploads\/2011\/01\/Narzedzia-scierne-do-obrobki-metalu.pdf\"><br \/>\nNarz\u0119dzia \u015bcierne do obr\u00f3bki metalu<\/a><\/p>\n<p><a href=\"https:\/\/www.progreskb.pl\/wp-content\/uploads\/2011\/02\/GREEN-CORPS.pdf\"><\/a><\/p>\n<p><a href=\"https:\/\/www.progreskb.pl\/wp-content\/uploads\/2011\/02\/GREEN-CORPS.pdf\"><\/a><\/p>\n","protected":false},"excerpt":{"rendered":"<p>3M\u2122 Green Corps\u2122 Elastyczna tarcza do szlifowania Spos\u00f3b na podniesienie jako\u015bci \u2013 trwa\u0142o\u015b\u0107, szybsze ci\u0119cie i lepsze wyko\u0144czenie Nowe tarcze Green Corps dzi\u0119ki zawarto\u015bci ziarna kubitronowego i elastycznej budowie zapewniaj\u0105: [&hellip;]<\/p>\n","protected":false},"author":1,"featured_media":0,"parent":113,"menu_order":0,"comment_status":"closed","ping_status":"closed","template":"","meta":{"footnotes":""},"class_list":["post-881","page","type-page","status-publish","hentry"],"_links":{"self":[{"href":"https:\/\/www.progreskb.pl\/index.php?rest_route=\/wp\/v2\/pages\/881","targetHints":{"allow":["GET"]}}],"collection":[{"href":"https:\/\/www.progreskb.pl\/index.php?rest_route=\/wp\/v2\/pages"}],"about":[{"href":"https:\/\/www.progreskb.pl\/index.php?rest_route=\/wp\/v2\/types\/page"}],"author":[{"embeddable":true,"href":"https:\/\/www.progreskb.pl\/index.php?rest_route=\/wp\/v2\/users\/1"}],"replies":[{"embeddable":true,"href":"https:\/\/www.progreskb.pl\/index.php?rest_route=%2Fwp%2Fv2%2Fcomments&post=881"}],"version-history":[{"count":13,"href":"https:\/\/www.progreskb.pl\/index.php?rest_route=\/wp\/v2\/pages\/881\/revisions"}],"predecessor-version":[{"id":1032,"href":"https:\/\/www.progreskb.pl\/index.php?rest_route=\/wp\/v2\/pages\/881\/revisions\/1032"}],"up":[{"embeddable":true,"href":"https:\/\/www.progreskb.pl\/index.php?rest_route=\/wp\/v2\/pages\/113"}],"wp:attachment":[{"href":"https:\/\/www.progreskb.pl\/index.php?rest_route=%2Fwp%2Fv2%2Fmedia&parent=881"}],"curies":[{"name":"wp","href":"https:\/\/api.w.org\/{rel}","templated":true}]}}