{"id":879,"date":"2011-02-20T16:40:03","date_gmt":"2011-02-20T16:40:03","guid":{"rendered":"http:\/\/www.progreskb.pl\/?page_id=879"},"modified":"2017-05-25T11:56:14","modified_gmt":"2017-05-25T09:56:14","slug":"tarcze-do-ciecia","status":"publish","type":"page","link":"https:\/\/www.progreskb.pl\/?page_id=879","title":{"rendered":"Tarcze do ci\u0119cia"},"content":{"rendered":"<p><a href=\"https:\/\/www.progreskb.pl\/wp-content\/uploads\/2011\/02\/tarcza-do-ciecia.jpg\"><img loading=\"lazy\" decoding=\"async\" class=\"alignleft size-medium wp-image-1045\" title=\"tarcza do ci\u0119cia\" src=\"https:\/\/www.progreskb.pl\/wp-content\/uploads\/2011\/02\/tarcza-do-ciecia-300x97.jpg\" alt=\"\" width=\"300\" height=\"97\" \/><\/a>Nowe tarcze do ci\u0119cia stali nierdzewnych i konstrukcyjnych:<\/p>\n<p>&#8211; wydajne i precyzyjne<br \/>\n&#8211; niezwykle szybkie i wytrzyma\u0142e<br \/>\n-bardzo bezpieczne w pracy<\/p>\n<p>Wi\u0119cej informacji w katalogach:<br \/>\n<a href=\"https:\/\/www.progreskb.pl\/wp-content\/uploads\/2011\/02\/tarcze-do-ciecia.pdf\">Tarcze do ci\u0119cia<\/a><br \/>\n<a href=\"https:\/\/www.progreskb.pl\/wp-content\/uploads\/2011\/01\/Narzedzia-scierne-do-obrobki-metalu.pdf\">Narz\u0119dzia \u015bcierne do obr\u00f3bki metalu<\/a><\/p>\n<p><a href=\"https:\/\/www.progreskb.pl\/wp-content\/uploads\/2011\/02\/tarcze-do-ciecia.jpg\"><img decoding=\"async\" class=\"size-full wp-image-1051 alignnone\" title=\"tarcze do ci\u0119cia\" src=\"https:\/\/www.progreskb.pl\/wp-content\/uploads\/2011\/02\/tarcze-do-ciecia.jpg\" alt=\"\" \/><\/a><\/p>\n<p><a href=\"https:\/\/progres.pasaz24.pl\/category\/Tarcze-do-ciecia-96068?#OfertaProduktowa\" target=\"_blank\" rel=\"nofollow\" title=\"Kup w sklepie internetowym\"><img loading=\"lazy\" decoding=\"async\" class=\"alignright size-full wp-image-1610\" src=\"https:\/\/www.progreskb.pl\/wp-content\/uploads\/2017\/05\/kop-online.png\" alt=\"Kup w sklepie internetowym\" width=\"113\" height=\"35\" \/><\/a><\/p>\n","protected":false},"excerpt":{"rendered":"<p>Nowe tarcze do ci\u0119cia stali nierdzewnych i konstrukcyjnych: &#8211; wydajne i precyzyjne &#8211; niezwykle szybkie i wytrzyma\u0142e -bardzo bezpieczne w pracy Wi\u0119cej informacji w katalogach: Tarcze do ci\u0119cia Narz\u0119dzia \u015bcierne [&hellip;]<\/p>\n","protected":false},"author":1,"featured_media":0,"parent":113,"menu_order":0,"comment_status":"closed","ping_status":"closed","template":"","meta":{"footnotes":""},"class_list":["post-879","page","type-page","status-publish","hentry"],"_links":{"self":[{"href":"https:\/\/www.progreskb.pl\/index.php?rest_route=\/wp\/v2\/pages\/879","targetHints":{"allow":["GET"]}}],"collection":[{"href":"https:\/\/www.progreskb.pl\/index.php?rest_route=\/wp\/v2\/pages"}],"about":[{"href":"https:\/\/www.progreskb.pl\/index.php?rest_route=\/wp\/v2\/types\/page"}],"author":[{"embeddable":true,"href":"https:\/\/www.progreskb.pl\/index.php?rest_route=\/wp\/v2\/users\/1"}],"replies":[{"embeddable":true,"href":"https:\/\/www.progreskb.pl\/index.php?rest_route=%2Fwp%2Fv2%2Fcomments&post=879"}],"version-history":[{"count":13,"href":"https:\/\/www.progreskb.pl\/index.php?rest_route=\/wp\/v2\/pages\/879\/revisions"}],"predecessor-version":[{"id":1617,"href":"https:\/\/www.progreskb.pl\/index.php?rest_route=\/wp\/v2\/pages\/879\/revisions\/1617"}],"up":[{"embeddable":true,"href":"https:\/\/www.progreskb.pl\/index.php?rest_route=\/wp\/v2\/pages\/113"}],"wp:attachment":[{"href":"https:\/\/www.progreskb.pl\/index.php?rest_route=%2Fwp%2Fv2%2Fmedia&parent=879"}],"curies":[{"name":"wp","href":"https:\/\/api.w.org\/{rel}","templated":true}]}}