{"id":874,"date":"2011-02-20T16:37:52","date_gmt":"2011-02-20T16:37:52","guid":{"rendered":"http:\/\/www.progreskb.pl\/?page_id=874"},"modified":"2017-05-25T12:00:29","modified_gmt":"2017-05-25T10:00:29","slug":"szczotki-bb-zb","status":"publish","type":"page","link":"https:\/\/www.progreskb.pl\/?page_id=874","title":{"rendered":"Szczotki BB-ZB"},"content":{"rendered":"<p><a href=\"https:\/\/www.progreskb.pl\/wp-content\/uploads\/2011\/02\/bb-zb.jpg\"><img loading=\"lazy\" decoding=\"async\" class=\"alignleft size-thumbnail wp-image-1029\" title=\"bb-zb\" src=\"https:\/\/www.progreskb.pl\/wp-content\/uploads\/2011\/02\/bb-zb-150x150.jpg\" alt=\"\" width=\"150\" height=\"150\" srcset=\"https:\/\/www.progreskb.pl\/wp-content\/uploads\/2011\/02\/bb-zb-150x150.jpg 150w, https:\/\/www.progreskb.pl\/wp-content\/uploads\/2011\/02\/bb-zb-36x36.jpg 36w, https:\/\/www.progreskb.pl\/wp-content\/uploads\/2011\/02\/bb-zb-115x115.jpg 115w\" sizes=\"auto, (max-width: 150px) 100vw, 150px\" \/><\/a>Kompozytowe szczotki z ziarnem \u015bciernym o unikalnych w\u0142a\u015bciwo\u015bciach czyszcz\u0105cych, wyka\u0144czaj\u0105cych i poleruj\u0105cych. Przeznaczone do wielu zastosowa\u0144 przy obr\u00f3bce bi\u017cuterii, odlew\u00f3w i drewna.<\/p>\n<p>Wi\u0119cej informacji w katalogach:<br \/>\n<a href=\"https:\/\/www.progreskb.pl\/wp-content\/uploads\/2011\/02\/BB-ZB.pdf\">Szczotki BB-ZB<\/a><br \/>\n<a href=\"https:\/\/www.progreskb.pl\/wp-content\/uploads\/2011\/02\/Szczotki-BB-ZB-200mm.pdf\">Szczotki BB-ZB 200mm<\/a><\/p>\n<p><a href=\"https:\/\/progres.pasaz24.pl\/category\/Szczotki-BB-ZB-96071?#OfertaProduktowa\" target=\"_blank\" rel=\"nofollow\" title=\"Kup w sklepie internetowym\"><img loading=\"lazy\" decoding=\"async\" class=\"alignright size-full wp-image-1610\" src=\"https:\/\/www.progreskb.pl\/wp-content\/uploads\/2017\/05\/kop-online.png\" alt=\"Kup w sklepie internetowym\" width=\"113\" height=\"35\" \/><\/a><\/p>\n","protected":false},"excerpt":{"rendered":"<p>Kompozytowe szczotki z ziarnem \u015bciernym o unikalnych w\u0142a\u015bciwo\u015bciach czyszcz\u0105cych, wyka\u0144czaj\u0105cych i poleruj\u0105cych. Przeznaczone do wielu zastosowa\u0144 przy obr\u00f3bce bi\u017cuterii, odlew\u00f3w i drewna. Wi\u0119cej informacji w katalogach: Szczotki BB-ZB Szczotki BB-ZB [&hellip;]<\/p>\n","protected":false},"author":1,"featured_media":0,"parent":113,"menu_order":0,"comment_status":"closed","ping_status":"closed","template":"","meta":{"footnotes":""},"class_list":["post-874","page","type-page","status-publish","hentry"],"_links":{"self":[{"href":"https:\/\/www.progreskb.pl\/index.php?rest_route=\/wp\/v2\/pages\/874","targetHints":{"allow":["GET"]}}],"collection":[{"href":"https:\/\/www.progreskb.pl\/index.php?rest_route=\/wp\/v2\/pages"}],"about":[{"href":"https:\/\/www.progreskb.pl\/index.php?rest_route=\/wp\/v2\/types\/page"}],"author":[{"embeddable":true,"href":"https:\/\/www.progreskb.pl\/index.php?rest_route=\/wp\/v2\/users\/1"}],"replies":[{"embeddable":true,"href":"https:\/\/www.progreskb.pl\/index.php?rest_route=%2Fwp%2Fv2%2Fcomments&post=874"}],"version-history":[{"count":7,"href":"https:\/\/www.progreskb.pl\/index.php?rest_route=\/wp\/v2\/pages\/874\/revisions"}],"predecessor-version":[{"id":1623,"href":"https:\/\/www.progreskb.pl\/index.php?rest_route=\/wp\/v2\/pages\/874\/revisions\/1623"}],"up":[{"embeddable":true,"href":"https:\/\/www.progreskb.pl\/index.php?rest_route=\/wp\/v2\/pages\/113"}],"wp:attachment":[{"href":"https:\/\/www.progreskb.pl\/index.php?rest_route=%2Fwp%2Fv2%2Fmedia&parent=874"}],"curies":[{"name":"wp","href":"https:\/\/api.w.org\/{rel}","templated":true}]}}