{"id":872,"date":"2011-02-20T16:36:21","date_gmt":"2011-02-20T16:36:21","guid":{"rendered":"http:\/\/www.progreskb.pl\/?page_id=872"},"modified":"2026-01-03T17:05:58","modified_gmt":"2026-01-03T15:05:58","slug":"kontakt","status":"publish","type":"page","link":"https:\/\/www.progreskb.pl\/?page_id=872","title":{"rendered":"Kontakt"},"content":{"rendered":"<p style=\"margin-top: 10px;\">Je\u015bli chc\u0105 Pa\u0144stwo uzyska\u0107 wi\u0119cej informacji na temat produkt\u00f3w 3M z grupy przemys\u0142owej, prosimy o <strong>kontakt <\/strong>z naszymi specjalistami:<\/p>\n<h3 style=\"text-align: left;\"><strong>Prezes:<\/strong><\/h3>\n<h3><a href=\"https:\/\/www.progreskb.pl\/wp-content\/uploads\/2011\/01\/Krzysztof-Bolek-3M2.jpg\"><img loading=\"lazy\" decoding=\"async\" class=\"alignleft size-medium wp-image-252\" style=\"margin-right: 15px; margin-bottom: 0px;\" title=\"Krzysztof Bolek - Progres KB\" src=\"https:\/\/www.progreskb.pl\/wp-content\/uploads\/2011\/01\/Krzysztof-Bolek-3M2-300x226.jpg\" alt=\"\" width=\"108\" height=\"82\" srcset=\"https:\/\/www.progreskb.pl\/wp-content\/uploads\/2011\/01\/Krzysztof-Bolek-3M2-300x226.jpg 300w, https:\/\/www.progreskb.pl\/wp-content\/uploads\/2011\/01\/Krzysztof-Bolek-3M2.jpg 429w\" sizes=\"auto, (max-width: 108px) 100vw, 108px\" \/><\/a><strong>Krzysztof<br \/>\nBolek<\/strong><\/h3>\n<p><em style=\"font-style: normal; font-size: 12px;\">tel: 664 720 110<\/em><br \/>\n<em style=\"font-style: normal; font-size: 10px;\">mail: <a href=\"mailto:k.bolek@progreskb.pl\">K.Bolek@progreskb.pl<\/a><\/em><\/p>\n<div style=\"clear: both;\"><!-- \/\/ --><\/div>\n<h6><\/h6>\n<h3><strong>Dzia\u0142 Handlowy:<\/strong><\/h3>\n<div style=\"clear: both;\"><!-- \/\/ --><\/div>\n<div style=\"float: right; width: 300px;\">\n<h6><\/h6>\n<h4><strong><a href=\"https:\/\/www.progreskb.pl\/wp-content\/uploads\/2011\/01\/Wawrzyniec-Dulinski-3M1.jpg\"><img loading=\"lazy\" decoding=\"async\" class=\"alignleft size-medium wp-image-269\" style=\"margin-right: 15px; margin-bottom: 0px;\" title=\"Wawrzyniec Duli\u0144ski - Progres KB\" src=\"https:\/\/www.progreskb.pl\/wp-content\/uploads\/2011\/01\/Wawrzyniec-Dulinski-3M1-300x226.jpg\" alt=\"\" width=\"108\" height=\"82\" srcset=\"https:\/\/www.progreskb.pl\/wp-content\/uploads\/2011\/01\/Wawrzyniec-Dulinski-3M1-300x226.jpg 300w, https:\/\/www.progreskb.pl\/wp-content\/uploads\/2011\/01\/Wawrzyniec-Dulinski-3M1.jpg 429w\" sizes=\"auto, (max-width: 108px) 100vw, 108px\" \/><\/a>Wawrzyniec Duli\u0144ski<\/strong><\/h4>\n<p><em style=\"font-style: normal; font-size: 12px;\">tel: 664 720 115<\/em><br \/>\n<em style=\"font-style: normal; font-size: 10px;\">mail: <a href=\"mailto:w.dulinski@progreskb.pl\">W.Dulinski@progreskb.pl<\/a><\/em><\/p>\n<\/div>\n<div style=\"float: right; width: 300px;\">\n<h6><\/h6>\n<h4><strong><a href=\"https:\/\/www.progreskb.pl\/wp-content\/uploads\/2011\/01\/Robert-Wrbel-3M1.jpg\"><img loading=\"lazy\" decoding=\"async\" class=\"alignleft size-medium wp-image-297\" title=\"Robert Wr\u00f3bel - Progres KB\" src=\"https:\/\/www.progreskb.pl\/wp-content\/uploads\/2011\/01\/Robert-Wrobel-3M1-300x224.jpg\" alt=\"\" width=\"108\" height=\"82\" srcset=\"https:\/\/www.progreskb.pl\/wp-content\/uploads\/2011\/01\/Robert-Wrobel-3M1-300x224.jpg 300w, https:\/\/www.progreskb.pl\/wp-content\/uploads\/2011\/01\/Robert-Wrobel-3M1.jpg 461w\" sizes=\"auto, (max-width: 108px) 100vw, 108px\" \/><\/a>Robert<br \/>\nWr\u00f3bel<\/strong><\/h4>\n<p><em style=\"font-style: normal; font-size: 12px;\">tel: 664 720 112<\/em><br \/>\n<em style=\"font-style: normal; font-size: 10px;\">mail: <a href=\"mailto:r.wrobel@progreskb.pl\">R.Wrobel@progreskb.pl<\/a><\/em><\/p>\n<\/div>\n<div style=\"clear: both;\"><!-- \/\/ --><\/div>\n<div style=\"clear: both; width: 600px; height: 300px; margin-top: 10px; margin-bottom: 50px;\"><span style=\"display: block; width: 100%; height: auto; text-align: left; font-weight: bold; font-size: 1.2em;\">Biuro handlowe &#8211; Warszawa<\/span><iframe loading=\"lazy\" src=\"https:\/\/maps.google.pl\/maps?f=q&amp;source=s_q&amp;hl=pl&amp;geocode=&amp;q=ul.+G%C3%B3rska+8,+05-802+Pruszk%C3%B3w&amp;aq=&amp;sll=52.24755,21.193789&amp;sspn=4.338842,13.392334&amp;ie=UTF8&amp;hq=&amp;hnear=G%C3%B3rska+8,+05-802+Pruszk%C3%B3w,+pruszkowski,+mazowieckie&amp;t=m&amp;ll=52.169615,20.835829&amp;spn=0.015793,0.025663&amp;z=14&amp;iwloc=A&amp;output=embed&amp;iwloc=near\" width=\"600\" height=\"300\" frameborder=\"0\" marginwidth=\"0\" marginheight=\"0\" scrolling=\"no\"><\/iframe><br \/>\n<small><a style=\"color: #0000ff; text-align: left;\" href=\"https:\/\/maps.google.pl\/maps?f=q&amp;source=embed&amp;hl=pl&amp;geocode=&amp;q=ul.+G%C3%B3rska+8,+05-802+Pruszk%C3%B3w&amp;aq=&amp;sll=52.24755,21.193789&amp;sspn=4.338842,13.392334&amp;ie=UTF8&amp;hq=&amp;hnear=G%C3%B3rska+8,+05-802+Pruszk%C3%B3w,+pruszkowski,+mazowieckie&amp;t=m&amp;ll=52.169615,20.835829&amp;spn=0.015793,0.025663&amp;z=14&amp;iwloc=A\">Wy\u015bwietl wi\u0119ksz\u0105 map\u0119<\/a><\/small><\/div>\n<div style=\"clear: both;\"><!-- \/\/ --><\/div>\n<div class=\"forminator-ui forminator-custom-form forminator-custom-form-1685 forminator-design--default  forminator_ajax\" data-forminator-render=\"0\" data-form=\"forminator-module-1685\" data-uid=\"69f5baf818253\"><br\/><\/div><form\n\t\t\t\tid=\"forminator-module-1685\"\n\t\t\t\tclass=\"forminator-ui forminator-custom-form forminator-custom-form-1685 forminator-design--default  forminator_ajax\"\n\t\t\t\tmethod=\"post\"\n\t\t\t\tdata-forminator-render=\"0\"\n\t\t\t\tdata-form-id=\"1685\"\n\t\t\t\t data-color-option=\"theme\" data-design=\"default\" data-grid=\"open\" style=\"display: none;\"\n\t\t\t\tdata-uid=\"69f5baf818253\"\n\t\t\t><div role=\"alert\" aria-live=\"polite\" class=\"forminator-response-message forminator-error\" aria-hidden=\"true\"><\/div><div class=\"forminator-row\"><div id=\"html-1\" class=\"forminator-field-html forminator-col forminator-col-12 \"><div class=\"forminator-field forminator-merge-tags\" data-field=\"html-1\"><h4>W celu \u0142atwego i szybkiego kontaktu prosz\u0119 wype\u0142ni\u0107 poni\u017cszy formularz<\/h4><\/div><\/div><\/div><div class=\"forminator-row\"><div id=\"name-1\" class=\"forminator-field-name forminator-col forminator-col-12 \"><div class=\"forminator-row forminator-no-margin\" data-multiple=\"true\"><div class=\"forminator-col forminator-col-md-6\"><div class=\"forminator-field\"><label for=\"forminator-field-first-name-1_69f5baf818253\" id=\"forminator-field-first-name-1_69f5baf818253-label\" class=\"forminator-label\">Imi\u0119 <span class=\"forminator-required\">*<\/span><\/label><input type=\"text\" name=\"name-1-first-name\" placeholder=\"\" id=\"forminator-field-first-name-1_69f5baf818253\" class=\"forminator-input\" aria-required=\"true\" data-multi=\"1\" autocomplete=\"given-name\" value=\"\" \/><\/div><\/div><div class=\"forminator-col forminator-col-md-6\"><div class=\"forminator-field\"><label for=\"forminator-field-last-name-1_69f5baf818253\" id=\"forminator-field-last-name-1_69f5baf818253-label\" class=\"forminator-label\">Nazwisko <span class=\"forminator-required\">*<\/span><\/label><input type=\"text\" name=\"name-1-last-name\" placeholder=\"\" id=\"forminator-field-last-name-1_69f5baf818253\" class=\"forminator-input\" aria-required=\"true\" data-multi=\"1\" autocomplete=\"family-name\" value=\"\" \/><\/div><\/div><\/div><\/div><\/div><div class=\"forminator-row\"><div id=\"email-1\" class=\"forminator-field-email forminator-col forminator-col-12 \"><div class=\"forminator-field\"><label for=\"forminator-field-email-1_69f5baf818253\" id=\"forminator-field-email-1_69f5baf818253-label\" class=\"forminator-label\">Adres e-mail <span class=\"forminator-required\">*<\/span><\/label><input type=\"email\" name=\"email-1\" value=\"\" placeholder=\"\" id=\"forminator-field-email-1_69f5baf818253\" class=\"forminator-input forminator-email--field\" data-required=\"true\" aria-required=\"true\" autocomplete=\"email\" \/><\/div><\/div><\/div><div class=\"forminator-row\"><div id=\"phone-1\" class=\"forminator-field-phone forminator-col forminator-col-12 \"><div class=\"forminator-field\"><label for=\"forminator-field-phone-1_69f5baf818253\" id=\"forminator-field-phone-1_69f5baf818253-label\" class=\"forminator-label\">Numer telefonu<\/label><input type=\"text\" name=\"phone-1\" value=\"\" placeholder=\"\" id=\"forminator-field-phone-1_69f5baf818253\" class=\"forminator-input forminator-field--phone\" data-required=\"\" aria-required=\"false\" autocomplete=\"off\" \/><\/div><\/div><\/div><div class=\"forminator-row\"><div id=\"textarea-1\" class=\"forminator-field-textarea forminator-col forminator-col-12 \"><div class=\"forminator-field\"><label for=\"forminator-field-textarea-1_69f5baf818253\" id=\"forminator-field-textarea-1_69f5baf818253-label\" class=\"forminator-label\">Wiadomo\u015b\u0107 <span class=\"forminator-required\">*<\/span><\/label><span id=\"forminator-field-textarea-1_69f5baf818253-description\" class=\"forminator-description\"><span data-limit=\"180\" data-type=\"characters\" data-editor=\"\">0 \/ 180<\/span><\/span><textarea name=\"textarea-1\" placeholder=\"\" id=\"forminator-field-textarea-1_69f5baf818253\" class=\"forminator-textarea\" rows=\"6\" style=\"min-height:140px;\" maxlength=\"180\" ><\/textarea><\/div><\/div><\/div><div class=\"forminator-row\"><div id=\"captcha-1\" class=\"forminator-field-captcha forminator-col forminator-col-12 \"><div class=\"forminator-captcha-left forminator-g-recaptcha recaptcha-invisible\" data-theme=\"light\" data-badge=\"bottomright\" data-sitekey=\"6Le4dUMsAAAAAFfwL5jIDH4oq0GlJ8YWB5a0aZ1l\" data-size=\"invisible\"><\/div> <\/div><\/div><input type=\"hidden\" name=\"referer_url\" value=\"\" \/><div class=\"forminator-row forminator-row-last\"><div class=\"forminator-col\"><div class=\"forminator-field\"><button class=\"forminator-button forminator-button-submit\">Wy\u015blij<\/button><\/div><\/div><\/div><input type=\"hidden\" id=\"forminator_nonce\" name=\"forminator_nonce\" value=\"5ccc5611f2\" \/><input type=\"hidden\" name=\"_wp_http_referer\" value=\"\/index.php?rest_route=%2Fwp%2Fv2%2Fpages%2F872\" \/><input type=\"hidden\" name=\"form_id\" value=\"1685\"><input type=\"hidden\" name=\"page_id\" value=\"872\"><input type=\"hidden\" name=\"form_type\" value=\"default\"><input type=\"hidden\" name=\"current_url\" value=\"https:\/\/www.progreskb.pl\/?page_id=872\"><input type=\"hidden\" name=\"render_id\" value=\"0\"><input type=\"hidden\" name=\"action\" value=\"forminator_submit_form_custom-forms\"><label for=\"input_5\" class=\"forminator-hidden\" aria-hidden=\"true\">Prosz\u0119 nie wype\u0142nia\u0107 tego pola. <input id=\"input_5\" type=\"text\" name=\"input_5\" value=\"\" autocomplete=\"off\"><\/label><\/form>\n","protected":false},"excerpt":{"rendered":"<p>Je\u015bli chc\u0105 Pa\u0144stwo uzyska\u0107 wi\u0119cej informacji na temat produkt\u00f3w 3M z grupy przemys\u0142owej, prosimy o kontakt z naszymi specjalistami: Prezes: Krzysztof Bolek tel: 664 720 110 mail: K.Bolek@progreskb.pl Dzia\u0142 Handlowy: [&hellip;]<\/p>\n","protected":false},"author":1,"featured_media":0,"parent":0,"menu_order":13,"comment_status":"closed","ping_status":"closed","template":"","meta":{"footnotes":""},"class_list":["post-872","page","type-page","status-publish","hentry"],"_links":{"self":[{"href":"https:\/\/www.progreskb.pl\/index.php?rest_route=\/wp\/v2\/pages\/872","targetHints":{"allow":["GET"]}}],"collection":[{"href":"https:\/\/www.progreskb.pl\/index.php?rest_route=\/wp\/v2\/pages"}],"about":[{"href":"https:\/\/www.progreskb.pl\/index.php?rest_route=\/wp\/v2\/types\/page"}],"author":[{"embeddable":true,"href":"https:\/\/www.progreskb.pl\/index.php?rest_route=\/wp\/v2\/users\/1"}],"replies":[{"embeddable":true,"href":"https:\/\/www.progreskb.pl\/index.php?rest_route=%2Fwp%2Fv2%2Fcomments&post=872"}],"version-history":[{"count":38,"href":"https:\/\/www.progreskb.pl\/index.php?rest_route=\/wp\/v2\/pages\/872\/revisions"}],"predecessor-version":[{"id":1687,"href":"https:\/\/www.progreskb.pl\/index.php?rest_route=\/wp\/v2\/pages\/872\/revisions\/1687"}],"wp:attachment":[{"href":"https:\/\/www.progreskb.pl\/index.php?rest_route=%2Fwp%2Fv2%2Fmedia&parent=872"}],"curies":[{"name":"wp","href":"https:\/\/api.w.org\/{rel}","templated":true}]}}