{"id":73,"date":"2011-01-31T20:32:44","date_gmt":"2011-01-31T20:32:44","guid":{"rendered":"http:\/\/www.progreskb.pl\/?page_id=73"},"modified":"2011-08-07T14:51:52","modified_gmt":"2011-08-07T14:51:52","slug":"inne","status":"publish","type":"page","link":"https:\/\/www.progreskb.pl\/?page_id=73","title":{"rendered":"Inne"},"content":{"rendered":"<p><a href=\"https:\/\/www.progreskb.pl\/wp-content\/uploads\/2011\/01\/inne.jpg\"><img loading=\"lazy\" decoding=\"async\" class=\"alignleft size-full wp-image-1099\" title=\"inne\" src=\"https:\/\/www.progreskb.pl\/wp-content\/uploads\/2011\/01\/inne.jpg\" alt=\"inne\" width=\"216\" height=\"159\" \/><\/a>W naszej ofercie znajduje si\u0119 szeroki asortyment ta\u015bm jednostronnie klej\u0105cych nie uj\u0119tych w naszym zestawieniu.<\/p>\n<h5>Nale\u017cy do nich grupa ta\u015bm specjalistycznych:<\/h5>\n<p>do \u0142\u0105czenia ta\u015bm filmowych,<br \/>\ndo maskowania fotograficznego,<br \/>\nUHMW-PE (ta\u015bmy o g\u0142adkiej powierzchni),<br \/>\nprzepuszczaj\u0105ce powietrze,<br \/>\nmaty pod\u0142ogowe i in.<\/p>\n","protected":false},"excerpt":{"rendered":"<p>W naszej ofercie znajduje si\u0119 szeroki asortyment ta\u015bm jednostronnie klej\u0105cych nie uj\u0119tych w naszym zestawieniu. Nale\u017cy do nich grupa ta\u015bm specjalistycznych: do \u0142\u0105czenia ta\u015bm filmowych, do maskowania fotograficznego, UHMW-PE (ta\u015bmy [&hellip;]<\/p>\n","protected":false},"author":1,"featured_media":0,"parent":37,"menu_order":0,"comment_status":"closed","ping_status":"open","template":"","meta":{"footnotes":""},"class_list":["post-73","page","type-page","status-publish","hentry"],"_links":{"self":[{"href":"https:\/\/www.progreskb.pl\/index.php?rest_route=\/wp\/v2\/pages\/73","targetHints":{"allow":["GET"]}}],"collection":[{"href":"https:\/\/www.progreskb.pl\/index.php?rest_route=\/wp\/v2\/pages"}],"about":[{"href":"https:\/\/www.progreskb.pl\/index.php?rest_route=\/wp\/v2\/types\/page"}],"author":[{"embeddable":true,"href":"https:\/\/www.progreskb.pl\/index.php?rest_route=\/wp\/v2\/users\/1"}],"replies":[{"embeddable":true,"href":"https:\/\/www.progreskb.pl\/index.php?rest_route=%2Fwp%2Fv2%2Fcomments&post=73"}],"version-history":[{"count":13,"href":"https:\/\/www.progreskb.pl\/index.php?rest_route=\/wp\/v2\/pages\/73\/revisions"}],"predecessor-version":[{"id":732,"href":"https:\/\/www.progreskb.pl\/index.php?rest_route=\/wp\/v2\/pages\/73\/revisions\/732"}],"up":[{"embeddable":true,"href":"https:\/\/www.progreskb.pl\/index.php?rest_route=\/wp\/v2\/pages\/37"}],"wp:attachment":[{"href":"https:\/\/www.progreskb.pl\/index.php?rest_route=%2Fwp%2Fv2%2Fmedia&parent=73"}],"curies":[{"name":"wp","href":"https:\/\/api.w.org\/{rel}","templated":true}]}}