{"id":71,"date":"2011-01-31T20:32:32","date_gmt":"2011-01-31T20:32:32","guid":{"rendered":"http:\/\/www.progreskb.pl\/?page_id=71"},"modified":"2012-10-17T14:19:29","modified_gmt":"2012-10-17T12:19:29","slug":"bumpon","status":"publish","type":"page","link":"https:\/\/www.progreskb.pl\/?page_id=71","title":{"rendered":"Bumpon"},"content":{"rendered":"<h3><img loading=\"lazy\" decoding=\"async\" class=\"alignleft\" style=\"margin-right: 15px; border: 0pt none;\" src=\"https:\/\/www.progreskb.pl\/wp-content\/uploads\/2012\/10\/bumpon.gif\" alt=\"\" width=\"216\" height=\"207\" \/><span style=\"color: #000000;\">Samoprzylepne nak\u0142adki ochronne Bumpon<\/span><\/h3>\n<p>Nak\u0142adki ochronne Bumpon 3M mog\u0105 s\u0142u\u017cy\u0107 jako poduszki pod nogi r\u00f3\u017cnych urz\u0105dze\u0144, zderzaki i elementy dystansowe. Poch\u0142aniaj\u0105 one drgania i ha\u0142as, mo\u017cna je mocowa\u0107 na prawie wszystkich rodzajach wyrob\u00f3w. Nak\u0142adki Bumpon s\u0105 wykonywane z poliuretanu, kt\u00f3ry ma doskona\u0142e w\u0142asno\u015bci przeciwpo\u015blizgowe i nie niszczy wsp\u00f3\u0142pracuj\u0105cej powierzchni. S\u0105 zaopatrzone w pow\u0142ok\u0119 z trwa\u0142ego kleju. Nie starzej\u0105 si\u0119, nie twardniej\u0105 i nie p\u0119kaj\u0105, s\u0105 odporne na dzia\u0142anie wi\u0119kszo\u015bci rozpuszczalnik\u00f3w. Daj\u0105 si\u0119 \u0142atwo mocowa\u0107 i nie rzucaj\u0105 si\u0119 w oczy.<\/p>\n<h3><span style=\"color: #000000;\">Oszcz\u0119dno\u015b\u0107 czasu i pieni\u0119dzy<\/span><\/h3>\n<p>Dzi\u0119ki wyeliminowaniu wszystkich dotychczasowych podstawek mocowanych na wkr\u0119ty, nity czy na wcisk jest to prosty spos\u00f3b oszcz\u0119dzania czasu i pieni\u0119dzy. Nie ma potrzeby wykonywania otwor\u00f3w i pracoch\u0142onnego wkr\u0119cania wkr\u0119t\u00f3w. Wystarczy zdj\u0105\u0107 foli\u0119 ochronn\u0105 i przyklei\u0107 zderzak Bumpon w odpowiednim miejscu.<\/p>\n<h4><span style=\"color: #000000;\">Estetyka produktu <\/span><\/h4>\n<p>Nak\u0142adki ochronne Bumpon stanowi\u0105 nowy element konstrukcyjny umo\u017cliwiaj\u0105cy polepszenie estetyki wyrobu ju\u017c w trakcie projektowania.<\/p>\n<h4><img decoding=\"async\" class=\"alignleft\" style=\"margin-right: 15px; border: 0pt none;\" src=\"https:\/\/www.progreskb.pl\/wp-content\/uploads\/2012\/10\/bumpon7.jpg\" alt=\"\" \/><img decoding=\"async\" class=\"alignleft\" style=\"margin-right: 15px; border: 0pt none;\" src=\"https:\/\/www.progreskb.pl\/wp-content\/uploads\/2012\/10\/bumpon6.jpg\" alt=\"\" \/><span style=\"color: #000000;\">Jako amortyzuj\u0105ce poduszki przeciwpo\u015blizgowe <\/span><\/h4>\n<p>Do urz\u0105dze\u0144 gospodarstwa domowego, maszyn do szycia, komputer\u00f3w, kalkulator\u00f3w, telefon\u00f3w, odbiornik\u00f3w telewizyjnych, instrument\u00f3w muzycznych, sprz\u0119tu Hi-Fi itp. Montowane r\u00f3wnie\u017c na blatach, powierzchni p\u0142yt roboczych, p\u0142ytkach obwod\u00f3w drukowanych itp.<\/p>\n<h4><span style=\"color: #cc0000;\"><img decoding=\"async\" class=\"alignleft\" style=\"margin-right: 15px; border: 0pt none;\" src=\"https:\/\/www.progreskb.pl\/wp-content\/uploads\/2012\/10\/bumpon5.jpg\" alt=\"\" \/><\/span><\/h4>\n<h4><span style=\"color: #000000;\">Jako zderzaki i odboje o wysokiej trwa\u0142o\u015bci<\/span><\/h4>\n<p>Do drzwi,<br \/>\nszuflad,<br \/>\nokien,<br \/>\n\u015bcian,<br \/>\nmebli<br \/>\ni innego sprz\u0119tu domowego.<\/p>\n<h4><span style=\"color: #cc0000;\"><span style=\"color: #000000;\">Bogactwo kolor\u00f3w i kszta\u0142t\u00f3w<\/span><\/span><\/h4>\n<h4><img loading=\"lazy\" decoding=\"async\" class=\"alignleft\" style=\"margin-right: 15px; border: 0pt none;\" src=\"https:\/\/www.progreskb.pl\/wp-content\/uploads\/2012\/10\/bumpon3.jpg\" alt=\"\" width=\"100\" height=\"100\" \/><\/h4>\n<p><img loading=\"lazy\" decoding=\"async\" class=\"alignleft\" style=\"margin-right: 15px; border: 0pt none;\" src=\"https:\/\/www.progreskb.pl\/wp-content\/uploads\/2012\/10\/bumpon4.jpg\" alt=\"\" width=\"100\" height=\"100\" \/><\/p>\n<p>Nak\u0142adki ochronne Bumpon s\u0105 produkowane w szerokim asortymencie kolor\u00f3w (nie wy\u0142\u0105czaj\u0105c nak\u0142adek przezroczystych), kszta\u0142t\u00f3w i wielko\u015bci, a tak\u017ce mog\u0105 by\u0107 wykrawane wed\u0142ug indywidualnych wymaga\u0144 nabywcy. Przezroczyste podstawki przeznaczone w szczeg\u00f3lno\u015bci s\u0105 do stosowania na powierzchni wyrob\u00f3w ze szk\u0142a i akrylu. Zar\u00f3wno materia\u0142y poliuretanowego zderzaka czy poduszki jak i warstewki kleju s\u0105 odporne na starzenie i nie \u017c\u00f3\u0142kn\u0105. Standardowy asortyment konstruktorski obejmuje najcz\u0119\u015bciej stosowane zderzaki i podstawki okr\u0105g\u0142e, kwadratowe i prostok\u0105tne w gamie obejmuj\u0105cej kolory szary, br\u0105zowy, bia\u0142y, czarny i przezroczysty. S\u0105 one produkowane w r\u00f3\u017cnych wymiarach \u015brednic, wysoko\u015bci i szeroko\u015bci.<\/p>\n<h4><span style=\"color: #000000;\">Zderzaki i poduszki ochronne &#8211; Bumpon na zam\u00f3wienie<\/span><\/h4>\n<p><img loading=\"lazy\" decoding=\"async\" class=\"alignleft\" style=\"margin-right: 15px; border: 0pt none;\" src=\"https:\/\/www.progreskb.pl\/wp-content\/uploads\/2012\/10\/bumpon2.gif\" alt=\"\" width=\"300\" height=\"300\" \/><\/p>\n<p>Istnieje mo\u017cliwo\u015b\u0107 okre\u015blenia przez zamawiaj\u0105cego kszta\u0142tu i koloru zderzak\u00f3w (przy spe\u0142nieniu warunku minimalnej wielko\u015bci dostawy*). Zamawiaj\u0105cy mo\u017ce dok\u0142adnie dobra\u0107 kolor zderzaka do swojego wyrobu i zaprojektowa\u0107 kszta\u0142t zderzaka czy poduszki ju\u017c we wczesnej fazie projektowania.<br \/>\n<br \/><\/br><br \/>\nWi\u0119cej informacji w katalogu:<br \/>\n<a href=\"https:\/\/www.progreskb.pl\/wp-content\/uploads\/2011\/01\/BUMPON.pdf\">BUMPON samoprzylepne nak\u0142adki ochronne<\/a><\/p>\n","protected":false},"excerpt":{"rendered":"<p>Samoprzylepne nak\u0142adki ochronne Bumpon Nak\u0142adki ochronne Bumpon 3M mog\u0105 s\u0142u\u017cy\u0107 jako poduszki pod nogi r\u00f3\u017cnych urz\u0105dze\u0144, zderzaki i elementy dystansowe. Poch\u0142aniaj\u0105 one drgania i ha\u0142as, mo\u017cna je mocowa\u0107 na prawie [&hellip;]<\/p>\n","protected":false},"author":1,"featured_media":0,"parent":37,"menu_order":0,"comment_status":"closed","ping_status":"open","template":"","meta":{"footnotes":""},"class_list":["post-71","page","type-page","status-publish","hentry"],"_links":{"self":[{"href":"https:\/\/www.progreskb.pl\/index.php?rest_route=\/wp\/v2\/pages\/71","targetHints":{"allow":["GET"]}}],"collection":[{"href":"https:\/\/www.progreskb.pl\/index.php?rest_route=\/wp\/v2\/pages"}],"about":[{"href":"https:\/\/www.progreskb.pl\/index.php?rest_route=\/wp\/v2\/types\/page"}],"author":[{"embeddable":true,"href":"https:\/\/www.progreskb.pl\/index.php?rest_route=\/wp\/v2\/users\/1"}],"replies":[{"embeddable":true,"href":"https:\/\/www.progreskb.pl\/index.php?rest_route=%2Fwp%2Fv2%2Fcomments&post=71"}],"version-history":[{"count":51,"href":"https:\/\/www.progreskb.pl\/index.php?rest_route=\/wp\/v2\/pages\/71\/revisions"}],"predecessor-version":[{"id":683,"href":"https:\/\/www.progreskb.pl\/index.php?rest_route=\/wp\/v2\/pages\/71\/revisions\/683"}],"up":[{"embeddable":true,"href":"https:\/\/www.progreskb.pl\/index.php?rest_route=\/wp\/v2\/pages\/37"}],"wp:attachment":[{"href":"https:\/\/www.progreskb.pl\/index.php?rest_route=%2Fwp%2Fv2%2Fmedia&parent=71"}],"curies":[{"name":"wp","href":"https:\/\/api.w.org\/{rel}","templated":true}]}}