{"id":69,"date":"2011-01-31T20:32:14","date_gmt":"2011-01-31T20:32:14","guid":{"rendered":"http:\/\/www.progreskb.pl\/?page_id=69"},"modified":"2017-05-25T12:29:50","modified_gmt":"2017-05-25T10:29:50","slug":"rzepy","status":"publish","type":"page","link":"https:\/\/www.progreskb.pl\/?page_id=69","title":{"rendered":"Rzepy"},"content":{"rendered":"<p><a href=\"https:\/\/www.progreskb.pl\/wp-content\/uploads\/2011\/01\/Dual-lock.jpg\"><img loading=\"lazy\" decoding=\"async\" class=\"alignleft size-full wp-image-1095\" title=\"Dual-lock\" src=\"https:\/\/www.progreskb.pl\/wp-content\/uploads\/2011\/01\/Dual-lock.jpg\" alt=\"Dual-lock\" width=\"200\" height=\"148\" \/><\/a><\/p>\n<p><span style=\"color: #000000;\">System przemys\u0142owych po\u0142\u0105cze\u0144 roz\u0142\u0105cznych 3M zast\u0119puje nieestetyczne, k\u0142opotliwe cz\u0119\u015bci mechaniczne (\u015bruby, sworznie, zasuwy itp.). Czyste linie produkcyjne, g\u0142adkie profile, wydajny, tani i prosty proces produkcyjny &#8211; pracujesz ci\u0119\u017cko, aby zaprojektowa\u0107 te parametry dla swoich produkt\u00f3w &#8211; innowacyjny system przemys\u0142owych po\u0142\u0105cze\u0144 roz\u0142\u0105cznych 3M mo\u017ce zast\u0105pi\u0107 w spos\u00f3b niewidoczny inne metody po\u0142\u0105cze\u0144.<\/span><\/p>\n<h3><span style=\"color: #000000;\">System po\u0142\u0105cze\u0144 roz\u0142\u0105cznych eliminuje:<\/span><\/h3>\n<ul>\n<li>otwory<\/li>\n<\/ul>\n<ul>\n<li>problemy z rozmieszczeniem<\/li>\n<\/ul>\n<ul>\n<li>zatrzaski<\/li>\n<\/ul>\n<ul>\n<li>\u0142by \u015brub<\/li>\n<\/ul>\n<ul>\n<li>wystaj\u0105ce cz\u0119\u015bci<\/li>\n<\/ul>\n<ul>\n<li>korozj\u0119<\/li>\n<\/ul>\n<h3><span style=\"color: #000000;\">Doskona\u0142e rozwi\u0105zanie: <\/span><\/h3>\n<ul>\n<li>mo\u017cna dobiera\u0107 rzepy o r\u00f3\u017cnej wytrzyma\u0142o\u015bci<\/li>\n<\/ul>\n<ul>\n<li>r\u00f3\u017cne rozmiary i kszta\u0142ty<\/li>\n<\/ul>\n<ul>\n<li>rzepy s\u0105 samoprzylepne (z warstw\u0105 kleju na spodzie), lub do wszywania<\/li>\n<\/ul>\n<ul>\n<li>sprawdzaj\u0105 si\u0119 w wysokich i niskich temperaturach oraz w \u015brodowisku wilgotnym<\/li>\n<\/ul>\n<ul>\n<li>szybki, \u0142atwy monta\u017c<\/li>\n<\/ul>\n<h3><span style=\"color: #000000;\">Rzep Dual Lock <\/span><\/h3>\n<p><img loading=\"lazy\" decoding=\"async\" class=\"alignleft\" style=\"margin-bottom: 35px; margin-right: 15px; border: 0pt none;\" src=\"https:\/\/www.progreskb.pl\/wp-content\/uploads\/2012\/10\/tasma_rzep_3.gif\" alt=\"\" width=\"200\" height=\"176\" \/> Po zaci\u015bni\u0119ciu rzepa przemys\u0142owego 3M Dual Lock, nast\u0119puje wzajemne zaz\u0119bienie kilkuset zaczep\u00f3w &#8222;grzybkowych&#8221;. Odg\u0142os &#8222;trza\u015bni\u0119cia&#8221; oznacza, \u017ce po\u0142\u0105czenie jest zablokowane. Uzyskuje si\u0119 doskona\u0142\u0105 wytrzyma\u0142o\u015b\u0107 na rozci\u0105ganie tak, \u017ce mo\u017cna zast\u0105pi\u0107 wiele nieestetycznych po\u0142\u0105cze\u0144 mechanicznych. Ponadto konstrukcja ta umo\u017cliwia otwieranie i zamykanie rzep\u00f3w Dual Lock setki razy. Rzepy Dual Lock s\u0105 zaprojektowane do wielu zastosowa\u0144 w pomieszczeniach wewn\u0119trznych i na zewn\u0105trz, oferuj\u0105 zr\u00f3\u017cnicowan\u0105 przyczepno\u015b\u0107 do powierzchni twardych i elastycznych. Po\u0142\u0105czenie jest odporne na wstrz\u0105sy i wibracje.<\/p>\n<p>Przezroczyste rzepy Dual Lock doskonale komponuj\u0105 si\u0119 z Twoim produktem tak, \u017ce jego kolor jest widoczny poprzez \u0142\u0105cznik.<\/p>\n<p><img loading=\"lazy\" decoding=\"async\" class=\"alignleft\" style=\"margin-right: 15px; border: 0pt none;\" src=\"https:\/\/www.progreskb.pl\/wp-content\/uploads\/2012\/10\/tasma_rzep_2.jpg\" alt=\"\" width=\"200\" height=\"66\" \/><\/p>\n<h3><img loading=\"lazy\" decoding=\"async\" class=\"aligncenter\" style=\"border: 0pt none;\" src=\"https:\/\/www.progreskb.pl\/wp-content\/uploads\/2012\/10\/tasma_rzep_1.jpg\" alt=\"\" width=\"200\" height=\"66\" \/><\/h3>\n<h3><span style=\"color: #000000;\">Rzep Scotchmate<\/span><\/h3>\n<p><img decoding=\"async\" class=\"alignleft\" style=\"margin-bottom: 35px; margin-right: 15px; border: 0pt none;\" src=\"https:\/\/www.progreskb.pl\/wp-content\/uploads\/2012\/10\/tasma_rzep_5.gif\" alt=\"\" \/> Gdy Tw\u00f3j produkt wymaga tysi\u0105ckrotnego powtarzania operacji otwarcia i zamykania rzep przemys\u0142owy Scotchmate jest idealnym rozwi\u0105zaniem. Drobne sztywne haczyki zaz\u0119biaj\u0105 si\u0119 z gi\u0119tkimi p\u0119telkami, co umo\u017cliwia szybkie mocowanie oraz pozwala na skr\u00f3cenie czasu pracy i obni\u017cenie koszt\u00f3w.<\/p>\n<p>Opr\u00f3cz rzep\u00f3w na rolkach mog\u0105 one by\u0107 produkowane w kszta\u0142tach dostosowanych do kszta\u0142tu detali tak, aby pasowa\u0142y dok\u0142adnie do konstrukcji twojego produktu oraz procesu produkcyjnego.<br \/>\n<br \/><\/br><br \/>\n<br \/><\/br><br \/>\nWi\u0119cej informacji w katalogu:<br \/>\n<a href=\"https:\/\/www.progreskb.pl\/wp-content\/uploads\/2011\/01\/RZEPY.pdf\">Rzepy przemys\u0142owe &#8211; system po\u0142\u0105cze\u0144 roz\u0142\u0105cznych<\/a><\/p>\n<div style=\"clear:both\">\n<a href=\"https:\/\/progres.pasaz24.pl\/category\/Rzepy-samoprzylepne-96089?#OfertaProduktowa\" target=\"_blank\" rel=\"nofollow\" title=\"Kup w sklepie internetowym\"><img loading=\"lazy\" decoding=\"async\" class=\"alignright size-full wp-image-1610\" src=\"https:\/\/www.progreskb.pl\/wp-content\/uploads\/2017\/05\/kop-online.png\" alt=\"Kup w sklepie internetowym\" width=\"113\" height=\"35\" \/><\/a>\n<\/div>\n","protected":false},"excerpt":{"rendered":"<p>System przemys\u0142owych po\u0142\u0105cze\u0144 roz\u0142\u0105cznych 3M zast\u0119puje nieestetyczne, k\u0142opotliwe cz\u0119\u015bci mechaniczne (\u015bruby, sworznie, zasuwy itp.). Czyste linie produkcyjne, g\u0142adkie profile, wydajny, tani i prosty proces produkcyjny &#8211; pracujesz ci\u0119\u017cko, aby zaprojektowa\u0107 [&hellip;]<\/p>\n","protected":false},"author":1,"featured_media":0,"parent":39,"menu_order":0,"comment_status":"closed","ping_status":"open","template":"","meta":{"footnotes":""},"class_list":["post-69","page","type-page","status-publish","hentry"],"_links":{"self":[{"href":"https:\/\/www.progreskb.pl\/index.php?rest_route=\/wp\/v2\/pages\/69","targetHints":{"allow":["GET"]}}],"collection":[{"href":"https:\/\/www.progreskb.pl\/index.php?rest_route=\/wp\/v2\/pages"}],"about":[{"href":"https:\/\/www.progreskb.pl\/index.php?rest_route=\/wp\/v2\/types\/page"}],"author":[{"embeddable":true,"href":"https:\/\/www.progreskb.pl\/index.php?rest_route=\/wp\/v2\/users\/1"}],"replies":[{"embeddable":true,"href":"https:\/\/www.progreskb.pl\/index.php?rest_route=%2Fwp%2Fv2%2Fcomments&post=69"}],"version-history":[{"count":48,"href":"https:\/\/www.progreskb.pl\/index.php?rest_route=\/wp\/v2\/pages\/69\/revisions"}],"predecessor-version":[{"id":1652,"href":"https:\/\/www.progreskb.pl\/index.php?rest_route=\/wp\/v2\/pages\/69\/revisions\/1652"}],"up":[{"embeddable":true,"href":"https:\/\/www.progreskb.pl\/index.php?rest_route=\/wp\/v2\/pages\/39"}],"wp:attachment":[{"href":"https:\/\/www.progreskb.pl\/index.php?rest_route=%2Fwp%2Fv2%2Fmedia&parent=69"}],"curies":[{"name":"wp","href":"https:\/\/api.w.org\/{rel}","templated":true}]}}