{"id":65,"date":"2011-01-31T20:31:47","date_gmt":"2011-01-31T20:31:47","guid":{"rendered":"http:\/\/www.progreskb.pl\/?page_id=65"},"modified":"2017-05-25T12:25:11","modified_gmt":"2017-05-25T10:25:11","slug":"pakowe","status":"publish","type":"page","link":"https:\/\/www.progreskb.pl\/?page_id=65","title":{"rendered":"Pakowe"},"content":{"rendered":"<p>Najwy\u017cszej jako\u015bci ta\u015bmy polipropylenowe z klejem oferowane w szerokiej gamie rozmiar\u00f3w i kolor\u00f3w. Mo\u017cliwe jest r\u00f3wnie\u017c zam\u00f3wienie ta\u015bmy pakowej 3M z nadrukiem firmowym.<\/p>\n<p style=\"text-align: center;\"><img loading=\"lazy\" decoding=\"async\" class=\"aligncenter\" style=\"border: 0pt none;\" src=\"https:\/\/www.progreskb.pl\/wp-content\/uploads\/2012\/10\/pakowe.gif\" border=\"0\" alt=\"\" width=\"500\" height=\"364\" \/><\/p>\n<div style=\"clear:both\">\n<a href=\"https:\/\/progres.pasaz24.pl\/category\/Tasmy-pakowe-96081?#OfertaProduktowa\" target=\"_blank\" rel=\"nofollow\" title=\"Kup w sklepie internetowym\"><img loading=\"lazy\" decoding=\"async\" class=\"alignright size-full wp-image-1610\" src=\"https:\/\/www.progreskb.pl\/wp-content\/uploads\/2017\/05\/kop-online.png\" alt=\"Kup w sklepie internetowym\" width=\"113\" height=\"35\" \/><\/a>\n<\/div>\n","protected":false},"excerpt":{"rendered":"<p>Najwy\u017cszej jako\u015bci ta\u015bmy polipropylenowe z klejem oferowane w szerokiej gamie rozmiar\u00f3w i kolor\u00f3w. Mo\u017cliwe jest r\u00f3wnie\u017c zam\u00f3wienie ta\u015bmy pakowej 3M z nadrukiem firmowym.<\/p>\n","protected":false},"author":1,"featured_media":0,"parent":37,"menu_order":0,"comment_status":"closed","ping_status":"open","template":"","meta":{"footnotes":""},"class_list":["post-65","page","type-page","status-publish","hentry"],"_links":{"self":[{"href":"https:\/\/www.progreskb.pl\/index.php?rest_route=\/wp\/v2\/pages\/65","targetHints":{"allow":["GET"]}}],"collection":[{"href":"https:\/\/www.progreskb.pl\/index.php?rest_route=\/wp\/v2\/pages"}],"about":[{"href":"https:\/\/www.progreskb.pl\/index.php?rest_route=\/wp\/v2\/types\/page"}],"author":[{"embeddable":true,"href":"https:\/\/www.progreskb.pl\/index.php?rest_route=\/wp\/v2\/users\/1"}],"replies":[{"embeddable":true,"href":"https:\/\/www.progreskb.pl\/index.php?rest_route=%2Fwp%2Fv2%2Fcomments&post=65"}],"version-history":[{"count":8,"href":"https:\/\/www.progreskb.pl\/index.php?rest_route=\/wp\/v2\/pages\/65\/revisions"}],"predecessor-version":[{"id":1643,"href":"https:\/\/www.progreskb.pl\/index.php?rest_route=\/wp\/v2\/pages\/65\/revisions\/1643"}],"up":[{"embeddable":true,"href":"https:\/\/www.progreskb.pl\/index.php?rest_route=\/wp\/v2\/pages\/37"}],"wp:attachment":[{"href":"https:\/\/www.progreskb.pl\/index.php?rest_route=%2Fwp%2Fv2%2Fmedia&parent=65"}],"curies":[{"name":"wp","href":"https:\/\/api.w.org\/{rel}","templated":true}]}}