{"id":63,"date":"2011-01-31T20:31:28","date_gmt":"2011-01-31T20:31:28","guid":{"rendered":"http:\/\/www.progreskb.pl\/?page_id=63"},"modified":"2012-10-17T14:09:27","modified_gmt":"2012-10-17T12:09:27","slug":"z-wloknami","status":"publish","type":"page","link":"https:\/\/www.progreskb.pl\/?page_id=63","title":{"rendered":"Zbrojone w\u0142\u00f3knem szklanym"},"content":{"rendered":"<p><img loading=\"lazy\" decoding=\"async\" class=\"alignleft\" style=\"margin-bottom: 35px; margin-right: 15px; border: 0pt none;\" src=\"https:\/\/www.progreskb.pl\/wp-content\/uploads\/2012\/10\/tasma_wlokno.jpg\" alt=\"\" width=\"200\" height=\"197\" \/>Asortyment obejmuje ta\u015bmy Scotch 3M maj\u0105ce sprosta\u0107 nawet najtrudniejszym wymaganiom pakowania. We wszystkich tych przypadkach, gdzie wa\u017cna jest odporno\u015b\u0107 na \u015bcieranie, du\u017ce znaczenie ma poliestrowe pod\u0142o\u017ce. W przypadku zastosowa\u0144, kt\u00f3re nie stawiaj\u0105 takich wymaga\u0144 stosuje si\u0119 pod\u0142o\u017ce z polipropylenu, kt\u00f3re spe\u0142nia dobrze swoje zadania i jest ta\u0144sze. Tam, gdzie wymagana jest wysoka wytrzyma\u0142o\u015b\u0107 ta\u015bmy na zrywanie, w\u0142\u00f3kna szklane zapewniaj\u0105 wysok\u0105 wytrzyma\u0142o\u015b\u0107. W przypadku zastosowa\u0144, przy kt\u00f3rych wymagana jest wy\u017csza odporno\u015b\u0107 na uderzenia (takich jak \u0142\u0105czenie cewek lub wi\u0105zanie w wi\u0105zki pr\u0119t\u00f3w stalowych) konieczne jest u\u017cycie w\u0142\u00f3kien poliestrowych. Przy produkcji asortymentu ta\u015bm wzmocnionych, firma 3M wykorzysta\u0142a w pe\u0142ni posiadane bogate do\u015bwiadczenia w zakresie technologii klej\u00f3w, co pozwoli\u0142o na zapewnienie jednocze\u015bnie wysokiej wytrzyma\u0142o\u015bci oraz du\u017cej trwa\u0142o\u015bci po\u0142\u0105cze\u0144.<\/p>\n<h4><strong>Zastosowanie ta\u015bm wzmocnionych Scotch:<\/strong><\/h4>\n<ul>\n<li>Wi\u0105zanie w wi\u0105zki pr\u0119t\u00f3w grubych i cienkich oraz rur w celu ich przechowywania lub transportu. Oferujemy asortyment ta\u015bm przeznaczonych do r\u00f3\u017cnych zastosowa\u0144, pocz\u0105wszy od ta\u015bm do wi\u0105zania ci\u0119\u017ckich pr\u0119t\u00f3w metalowych, a\u017c do ta\u015bm do wi\u0105zania drewna lub tworzyw sztucznych, kt\u00f3re stawiaj\u0105 mniejsze wymagania.<\/li>\n<\/ul>\n<ul>\n<li>Wzmacnianie &#8211; ci\u0119\u017ckie wyroby cz\u0119sto wymagaj\u0105 lepszego zabezpieczenia od tego, jakie mog\u0105 zapewni\u0107 standardowe ta\u015bmy pakowe. Ta\u015bmy o wysokiej wytrzyma\u0142o\u015bci dodatkowo zwi\u0119kszaj\u0105 wytrzyma\u0142o\u015b\u0107 karton\u00f3w ci\u0119\u017ckiego typu.<\/li>\n<\/ul>\n<ul>\n<li>Zespalanie &#8211; proces rozpoczynania i zaka\u0144czania zwoj\u00f3w ta\u015bm metalowych stwarza szczeg\u00f3lnie wysokie wymagania (musz\u0105 by\u0107 bardzo odporne na rozci\u0105ganie, przecinanie i uderzenia udarowe), kt\u00f3re s\u0105 spe\u0142niane przez ta\u015bmy wzmocnione w\u0142\u00f3knem.<\/li>\n<\/ul>\n<ul>\n<li>Zabezpieczanie palet &#8211; \u0142adunki pude\u0142 na paletach wymagaj\u0105 stabilizacji w celu unikni\u0119cia wypadk\u00f3w w miejscu pracy i uszkodzenia podczas transportu.<\/li>\n<\/ul>\n<ul>\n<li>Zamykanie typu L i C karton\u00f3w mieszcz\u0105cych ci\u0119\u017ckie elementy wymaga u\u017cycia ta\u015bm wzmocnionych w\u0142\u00f3knem, odznaczaj\u0105cych si\u0119 wysok\u0105 wytrzyma\u0142o\u015bci\u0105 i du\u017c\u0105 przyczepno\u015bci\u0105. Zastosowanie ta\u015bm 3M o wy\u017cszej wytrzyma\u0142o\u015bci oznacza, \u017ce mo\u017cna zmniejszy\u0107 do minimum ilo\u015b\u0107 u\u017cywanej ta\u015bmy.<\/li>\n<\/ul>\n<ul>\n<li>\u0141\u0105czenie &#8211; mo\u017cna obni\u017cy\u0107 koszty przesy\u0142ki poprzez po\u0142\u0105czenie kilku paczek w jedn\u0105 za pomoc\u0105 ta\u015bm wzmocnionych w\u0142\u00f3knami.<\/li>\n<\/ul>\n<p><img decoding=\"async\" class=\"alignleft\" style=\"margin: 5px; border: 0pt none;\" src=\"https:\/\/www.progreskb.pl\/wp-content\/uploads\/2012\/10\/tasma_wlokno4.jpg\" alt=\"\" \/><img decoding=\"async\" class=\"alignleft\" style=\"margin: 5px; border: 0pt none;\" src=\"https:\/\/www.progreskb.pl\/wp-content\/uploads\/2012\/10\/tasma_wlokno6.jpg\" alt=\"\" \/><img decoding=\"async\" class=\"alignleft\" style=\"margin: 5px; border: 0pt none;\" src=\"https:\/\/www.progreskb.pl\/wp-content\/uploads\/2012\/10\/tasma_wlokno3.gif\" alt=\"\" \/><img decoding=\"async\" class=\"alignleft\" style=\"margin: 5px; border: 0pt none;\" src=\"https:\/\/www.progreskb.pl\/wp-content\/uploads\/2012\/10\/tasma_wlokno5.gif\" alt=\"\" \/><img decoding=\"async\" class=\"alignleft\" style=\"margin: 5px; border: 0pt none;\" src=\"https:\/\/www.progreskb.pl\/wp-content\/uploads\/2012\/10\/tasma_wlokno2.jpg\" alt=\"\" \/><br \/>\n<img decoding=\"async\" class=\"alignleft\" style=\"margin: 5px; border: 0pt none;\" src=\"https:\/\/www.progreskb.pl\/wp-content\/uploads\/2012\/10\/tasma_wlokno1.gif\" alt=\"\" \/><\/p>\n","protected":false},"excerpt":{"rendered":"<p>Asortyment obejmuje ta\u015bmy Scotch 3M maj\u0105ce sprosta\u0107 nawet najtrudniejszym wymaganiom pakowania. We wszystkich tych przypadkach, gdzie wa\u017cna jest odporno\u015b\u0107 na \u015bcieranie, du\u017ce znaczenie ma poliestrowe pod\u0142o\u017ce. W przypadku zastosowa\u0144, kt\u00f3re [&hellip;]<\/p>\n","protected":false},"author":1,"featured_media":0,"parent":37,"menu_order":0,"comment_status":"closed","ping_status":"open","template":"","meta":{"footnotes":""},"class_list":["post-63","page","type-page","status-publish","hentry"],"_links":{"self":[{"href":"https:\/\/www.progreskb.pl\/index.php?rest_route=\/wp\/v2\/pages\/63","targetHints":{"allow":["GET"]}}],"collection":[{"href":"https:\/\/www.progreskb.pl\/index.php?rest_route=\/wp\/v2\/pages"}],"about":[{"href":"https:\/\/www.progreskb.pl\/index.php?rest_route=\/wp\/v2\/types\/page"}],"author":[{"embeddable":true,"href":"https:\/\/www.progreskb.pl\/index.php?rest_route=\/wp\/v2\/users\/1"}],"replies":[{"embeddable":true,"href":"https:\/\/www.progreskb.pl\/index.php?rest_route=%2Fwp%2Fv2%2Fcomments&post=63"}],"version-history":[{"count":20,"href":"https:\/\/www.progreskb.pl\/index.php?rest_route=\/wp\/v2\/pages\/63\/revisions"}],"predecessor-version":[{"id":559,"href":"https:\/\/www.progreskb.pl\/index.php?rest_route=\/wp\/v2\/pages\/63\/revisions\/559"}],"up":[{"embeddable":true,"href":"https:\/\/www.progreskb.pl\/index.php?rest_route=\/wp\/v2\/pages\/37"}],"wp:attachment":[{"href":"https:\/\/www.progreskb.pl\/index.php?rest_route=%2Fwp%2Fv2%2Fmedia&parent=63"}],"curies":[{"name":"wp","href":"https:\/\/api.w.org\/{rel}","templated":true}]}}