{"id":61,"date":"2011-01-31T20:31:09","date_gmt":"2011-01-31T20:31:09","guid":{"rendered":"http:\/\/www.progreskb.pl\/?page_id=61"},"modified":"2017-05-25T12:25:58","modified_gmt":"2017-05-25T10:25:58","slug":"winylowe","status":"publish","type":"page","link":"https:\/\/www.progreskb.pl\/?page_id=61","title":{"rendered":"Winylowe"},"content":{"rendered":"<p><a href=\"https:\/\/www.progreskb.pl\/wp-content\/uploads\/2011\/01\/tasmy-winylowe.jpg\"><img decoding=\"async\" class=\"alignnone size-full wp-image-1089\" title=\"ta\u015bmy winylowe\" src=\"https:\/\/www.progreskb.pl\/wp-content\/uploads\/2011\/01\/tasmy-winylowe.jpg\" alt=\"ta\u015bmy winylowe\" \/><\/a><\/p>\n<h4><span style=\"color: #cc0000;\"> <\/span><\/h4>\n<p>Uniwersalno\u015b\u0107 ta\u015bm winylowych wynika z zastosowania bardzo trwa\u0142ego materia\u0142u no\u015bnego i specjalnego materia\u0142u klej\u0105cego. S\u0105 one dost\u0119pne w wielu kolorach. S\u0142u\u017c\u0105 m.in. do: oznakowania zabezpieczaj\u0105cego, identyfikacji, maskowania, kodowania kolorami i uszczelniania.<\/p>\n<p><span style=\"color: #cc0000;\"><img loading=\"lazy\" decoding=\"async\" class=\"alignleft\" style=\"margin-bottom: 55px; margin-right: 15px; border: 0pt none;\" src=\"https:\/\/www.progreskb.pl\/wp-content\/uploads\/2012\/10\/tasma_winyl_1.jpg\" alt=\"\" width=\"160\" height=\"211\" \/><\/span><\/p>\n<h3><span style=\"color: #000000;\">Oznakowanie za pomoc\u0105 kolor\u00f3w <\/span><\/h3>\n<p>Na oznakowanie niebezpiecznych miejsc mo\u017cna zastosowa\u0107 tylko takie materia\u0142y, kt\u00f3re s\u0105 odporne mechanicznie oraz maj\u0105 \u0142atwo zauwa\u017calne i trwa\u0142e kolory. No\u015bnik o bardzo trwa\u0142ych kolorach, pokryty warstw\u0105 z tworzywa sztucznego sprawia, \u017ce ta\u015bmy winylowe Scotch Brand 3M w pe\u0142ni odpowiadaj\u0105 tym ostrym wymaganiom. Ta\u015bmy winylowe s\u0105 bardzo odporne na wycieranie i na wilgo\u0107, wytrzyma\u0142e na zewn\u0119trzne warunki otoczenia oraz odporne na wi\u0119kszo\u015b\u0107 rozpuszczalnik\u00f3w. Kolory ta\u015bm z tworzyw sztucznych odpowiadaj\u0105 normom OSHA i mo\u017cna je stosowa\u0107 do oznakowania niebezpiecznych miejsc, urz\u0105dze\u0144 bezpiecze\u0144stwa, dr\u00f3g przeciwpo\u017carowych itp. Poniewa\u017c si\u0142a klejenia ta\u015bmy z czasem wzrasta, mo\u017cna je zastosowa\u0107 do oznakowania tam, gdzie jest wymagana zwi\u0119kszona trwa\u0142o\u015b\u0107 oznakowania. W przeciwie\u0144stwie do materia\u0142\u00f3w zawieraj\u0105cych rozpuszczalniki, ta\u015bmy mo\u017cna przechowywa\u0107 bez specjalnych \u015brodk\u00f3w bezpiecze\u0144stwa. Zastosowanie ta\u015bm Scotch Brand 3M do oznakowania kolorami, jest bezpieczne i oszcz\u0119dne.<\/p>\n<h3><span style=\"color: #cc0000;\"><strong><img loading=\"lazy\" decoding=\"async\" class=\"alignleft\" style=\"margin-bottom: 15px; margin-right: 15px; border: 0pt none;\" src=\"https:\/\/www.progreskb.pl\/wp-content\/uploads\/2012\/10\/tasma_winyl_4.gif\" alt=\"\" width=\"162\" height=\"101\" \/><\/strong><span style=\"color: #000000;\">\u0141atwo\u015b\u0107 kszta\u0142towania<\/span><\/span><\/h3>\n<p><span style=\"color: #cc0000;\"> <\/span><\/p>\n<p>Ta\u015bm\u0119 winylow\u0105 Scotch Brand 3M mo\u017cna naci\u0105ga\u0107, formowa\u0107, prasowa\u0107 i przycina\u0107. Ta\u015bmy te s\u0105 bardzo elastyczne, dlatego dok\u0142adnie przylepiaj\u0105 si\u0119 nawet do nier\u00f3wnej powierzchni. Przy maskowaniu kraw\u0119dzie s\u0105 bardzo ostre i wyra\u017ane.<\/p>\n<h3><span style=\"color: #cc0000;\"><img loading=\"lazy\" decoding=\"async\" class=\"alignleft\" style=\"margin-right: 15px; border: 0pt none;\" src=\"https:\/\/www.progreskb.pl\/wp-content\/uploads\/2012\/10\/tasma_winyl_3.jpg\" alt=\"\" width=\"162\" height=\"160\" \/><span style=\"color: #000000;\">Oznakowanie i uszczelnianie <\/span><\/span><\/h3>\n<p>Za pomoc\u0105 ta\u015bm winylowych 3M mo\u017cna umie\u015bci\u0107 kolorowe kody na dowolnych przedmiotach. Ten spos\u00f3b kodowania w por\u00f3wnaniu z innymi technologiami jest o wiele prostszy i bardziej oszcz\u0119dny. Dzi\u0119ki wyj\u0105tkowo odpornej mechanicznie warstwie no\u015bnej, ta\u015bma nie dziurawi si\u0119, nie drze si\u0119 i zapewnia dok\u0142adne uszczelnienie na dowolnej powierzchni. Dobrze przylepia si\u0119 do pod\u0142o\u017ca a r\u00f3wnocze\u015bnie przy tymczasowym zastosowaniu daje si\u0119 \u0142atwo usun\u0105\u0107.<br \/>\n<span style=\"color: #ffffff;\">1<\/span><\/p>\n<h3><span style=\"color: #cc0000;\"><strong><img loading=\"lazy\" decoding=\"async\" class=\"alignleft\" style=\"margin-right: 15px; border: 0pt none;\" src=\"https:\/\/www.progreskb.pl\/wp-content\/uploads\/2012\/10\/tasma_winyl_2.jpg\" alt=\"\" width=\"162\" height=\"146\" \/><\/strong><\/span><span style=\"color: #000000;\">Maskowanie<\/span><\/h3>\n<p>Poniewa\u017c ta\u015bma na ca\u0142ej swojej szeroko\u015bci przylepia si\u0119 r\u00f3wnomiernie do powierzchni maskowanej, zostawia wyra\u017an\u0105 i r\u00f3wn\u0105 lini\u0119 odci\u0119cia przy malowaniu.<\/p>\n<p>Wi\u0119cej informacji w katalogu:<br \/>\n<a href=\"https:\/\/www.progreskb.pl\/wp-content\/uploads\/2011\/01\/TASMY-WINYLOWE.pdf\">Ta\u015bmy winylowe<\/a><\/p>\n<div style=\"clear:both\">\n<a href=\"https:\/\/progres.pasaz24.pl\/category\/Tasmy-winylowe-96083?#OfertaProduktowa\" target=\"_blank\" rel=\"nofollow\" title=\"Kup w sklepie internetowym\"><img loading=\"lazy\" decoding=\"async\" class=\"alignright size-full wp-image-1610\" src=\"https:\/\/www.progreskb.pl\/wp-content\/uploads\/2017\/05\/kop-online.png\" alt=\"Kup w sklepie internetowym\" width=\"113\" height=\"35\" \/><\/a>\n<\/div>\n","protected":false},"excerpt":{"rendered":"<p>Uniwersalno\u015b\u0107 ta\u015bm winylowych wynika z zastosowania bardzo trwa\u0142ego materia\u0142u no\u015bnego i specjalnego materia\u0142u klej\u0105cego. S\u0105 one dost\u0119pne w wielu kolorach. S\u0142u\u017c\u0105 m.in. do: oznakowania zabezpieczaj\u0105cego, identyfikacji, maskowania, kodowania kolorami i [&hellip;]<\/p>\n","protected":false},"author":1,"featured_media":0,"parent":37,"menu_order":0,"comment_status":"closed","ping_status":"open","template":"","meta":{"footnotes":""},"class_list":["post-61","page","type-page","status-publish","hentry"],"_links":{"self":[{"href":"https:\/\/www.progreskb.pl\/index.php?rest_route=\/wp\/v2\/pages\/61","targetHints":{"allow":["GET"]}}],"collection":[{"href":"https:\/\/www.progreskb.pl\/index.php?rest_route=\/wp\/v2\/pages"}],"about":[{"href":"https:\/\/www.progreskb.pl\/index.php?rest_route=\/wp\/v2\/types\/page"}],"author":[{"embeddable":true,"href":"https:\/\/www.progreskb.pl\/index.php?rest_route=\/wp\/v2\/users\/1"}],"replies":[{"embeddable":true,"href":"https:\/\/www.progreskb.pl\/index.php?rest_route=%2Fwp%2Fv2%2Fcomments&post=61"}],"version-history":[{"count":47,"href":"https:\/\/www.progreskb.pl\/index.php?rest_route=\/wp\/v2\/pages\/61\/revisions"}],"predecessor-version":[{"id":1645,"href":"https:\/\/www.progreskb.pl\/index.php?rest_route=\/wp\/v2\/pages\/61\/revisions\/1645"}],"up":[{"embeddable":true,"href":"https:\/\/www.progreskb.pl\/index.php?rest_route=\/wp\/v2\/pages\/37"}],"wp:attachment":[{"href":"https:\/\/www.progreskb.pl\/index.php?rest_route=%2Fwp%2Fv2%2Fmedia&parent=61"}],"curies":[{"name":"wp","href":"https:\/\/api.w.org\/{rel}","templated":true}]}}