{"id":59,"date":"2011-01-31T20:30:45","date_gmt":"2011-01-31T20:30:45","guid":{"rendered":"http:\/\/www.progreskb.pl\/?page_id=59"},"modified":"2017-05-25T12:23:47","modified_gmt":"2017-05-25T10:23:47","slug":"metalowe","status":"publish","type":"page","link":"https:\/\/www.progreskb.pl\/?page_id=59","title":{"rendered":"Metalowe"},"content":{"rendered":"<p>Ta\u015bmy jednostronnie klej\u0105ce preferowane w wielu zastosowaniach wymagaj\u0105cych odporno\u015bci chemicznej, termicznej, na dzia\u0142anie czynnik\u00f3w atmosferycznych oraz dobrego przewodzenia ciep\u0142a.<\/p>\n<p>Ta\u015bmy metalowe przeznaczone do zastosowa\u0144 przemys\u0142owych, przyk\u0142adowe aplikacje:<br \/>\nZabezpieczanie przewod\u00f3w rurowych przed wilgoci\u0105 i wysok\u0105 temperatur\u0105. No\u015bnik ta\u015bmy Scotch Brand 3M z folii aluminiowej, wzmocniony tkanin\u0105 umo\u017cliwia dok\u0142adne przyklejanie si\u0119 do nier\u00f3wnych powierzchni i w przeciwie\u0144stwie do innych tego typu cienkich ta\u015bm nie dziurawi si\u0119 i nie rwie. Folia odbijaj\u0105ca ciep\u0142o jest odporna na dzia\u0142anie wilgoci i r\u00f3\u017cnych rozpuszczalnik\u00f3w, zapewnia wykonanie bardzo trwa\u0142ej izolacji. Pocz\u0105tkowa przyczepno\u015b\u0107 kleju akrylowego jest bardzo du\u017ca i nie zmniejsza si\u0119 z czasem, dlatego nie ma potrzeby wymiany lub naprawy tak wykonanej izolacji.<img loading=\"lazy\" decoding=\"async\" class=\"alignleft\" style=\"margin-right: 15px; border: 0pt none;\" src=\"https:\/\/www.progreskb.pl\/wp-content\/uploads\/2012\/10\/tasma_metal_1.gif\" border=\"0\" alt=\"\" width=\"160\" height=\"107\" \/><\/p>\n<p>Mocowanie rur ch\u0142odz\u0105cych do \u015bciany ch\u0142odziarki ta\u015bm\u0105 aluminiow\u0105 z warstw\u0105 kleju akrylowego. Celem jest osi\u0105gni\u0119cie szybszego odprowadzania ciep\u0142a lub zimna, co zapewnia ta\u015bma o du\u017cym wsp\u00f3\u0142czynniku odbicia promieniowania cieplnego, nadaj\u0105ca si\u0119 jednocze\u015bnie do uszczelnienia.<br \/>\nMaskowanie urz\u0105dze\u0144 przy malowaniu farb\u0105 w proszku. Dzi\u0119ki bardzo trwa\u0142emu no\u015bnikowi ta\u015bm\u0119 po malowaniu mo\u017cna \u0142atwo i bez \u015bladu usun\u0105\u0107.<\/p>\n<p>Galwanizacja. Ta\u015bm\u0119 o\u0142owian\u0105 Scotch Brand 3M mo\u017cna \u0142atwo formowa\u0107, jest bardzo odporna na dzia\u0142anie \u015brodk\u00f3w chemicznych, na wilgo\u0107, nie przepuszcza promieni rentgenowskich, przewodzi pr\u0105d elektryczny. Ta\u015bma ca\u0142kowicie przywiera do powierzchni i nie odkleja si\u0119 przy galwanizacji wewn\u0119trznej strony cylindra. Dzi\u0119ki du\u017cej przewodno\u015bci elektrycznej, granica galwanizacji bardzo wyra\u017anie zarysowuje si\u0119.<\/p>\n<p><img loading=\"lazy\" decoding=\"async\" class=\"alignleft\" style=\"margin-right: 5px; border: 0pt none;\" src=\"https:\/\/www.progreskb.pl\/wp-content\/uploads\/2012\/10\/tasma_metal_3.jpg\" alt=\"\" width=\"140\" height=\"109\" \/><img loading=\"lazy\" decoding=\"async\" class=\"alignleft\" style=\"margin-right: 5px; border: 0pt none;\" src=\"https:\/\/www.progreskb.pl\/wp-content\/uploads\/2012\/10\/tasma_metal_4.gif\" alt=\"\" width=\"140\" height=\"109\" \/><img loading=\"lazy\" decoding=\"async\" class=\"alignleft\" style=\"margin-right: 5px; border: 0pt none;\" src=\"https:\/\/www.progreskb.pl\/wp-content\/uploads\/2012\/10\/tasma_metal_5.gif\" alt=\"\" width=\"140\" height=\"109\" \/><img loading=\"lazy\" decoding=\"async\" class=\"alignleft\" style=\"margin-right: 5px; border: 0pt none;\" src=\"https:\/\/www.progreskb.pl\/wp-content\/uploads\/2012\/10\/tasma_metal_2.jpg\" alt=\"\" width=\"140\" height=\"109\" \/><\/p>\n<div style=\"clear:both\">\n<a href=\"https:\/\/progres.pasaz24.pl\/category\/Tasmy-metalowe-96080?#OfertaProduktowa\" target=\"_blank\" rel=\"nofollow\" title=\"Kup w sklepie internetowym\"><img loading=\"lazy\" decoding=\"async\" class=\"alignright size-full wp-image-1610\" src=\"https:\/\/www.progreskb.pl\/wp-content\/uploads\/2017\/05\/kop-online.png\" alt=\"Kup w sklepie internetowym\" width=\"113\" height=\"35\" \/><\/a>\n<\/div>\n","protected":false},"excerpt":{"rendered":"<p>Ta\u015bmy jednostronnie klej\u0105ce preferowane w wielu zastosowaniach wymagaj\u0105cych odporno\u015bci chemicznej, termicznej, na dzia\u0142anie czynnik\u00f3w atmosferycznych oraz dobrego przewodzenia ciep\u0142a. Ta\u015bmy metalowe przeznaczone do zastosowa\u0144 przemys\u0142owych, przyk\u0142adowe aplikacje: Zabezpieczanie przewod\u00f3w rurowych [&hellip;]<\/p>\n","protected":false},"author":1,"featured_media":1082,"parent":37,"menu_order":0,"comment_status":"closed","ping_status":"open","template":"","meta":{"footnotes":""},"class_list":["post-59","page","type-page","status-publish","has-post-thumbnail","hentry"],"_links":{"self":[{"href":"https:\/\/www.progreskb.pl\/index.php?rest_route=\/wp\/v2\/pages\/59","targetHints":{"allow":["GET"]}}],"collection":[{"href":"https:\/\/www.progreskb.pl\/index.php?rest_route=\/wp\/v2\/pages"}],"about":[{"href":"https:\/\/www.progreskb.pl\/index.php?rest_route=\/wp\/v2\/types\/page"}],"author":[{"embeddable":true,"href":"https:\/\/www.progreskb.pl\/index.php?rest_route=\/wp\/v2\/users\/1"}],"replies":[{"embeddable":true,"href":"https:\/\/www.progreskb.pl\/index.php?rest_route=%2Fwp%2Fv2%2Fcomments&post=59"}],"version-history":[{"count":37,"href":"https:\/\/www.progreskb.pl\/index.php?rest_route=\/wp\/v2\/pages\/59\/revisions"}],"predecessor-version":[{"id":1641,"href":"https:\/\/www.progreskb.pl\/index.php?rest_route=\/wp\/v2\/pages\/59\/revisions\/1641"}],"up":[{"embeddable":true,"href":"https:\/\/www.progreskb.pl\/index.php?rest_route=\/wp\/v2\/pages\/37"}],"wp:featuredmedia":[{"embeddable":true,"href":"https:\/\/www.progreskb.pl\/index.php?rest_route=\/wp\/v2\/media\/1082"}],"wp:attachment":[{"href":"https:\/\/www.progreskb.pl\/index.php?rest_route=%2Fwp%2Fv2%2Fmedia&parent=59"}],"curies":[{"name":"wp","href":"https:\/\/api.w.org\/{rel}","templated":true}]}}