{"id":43,"date":"2011-01-31T20:14:39","date_gmt":"2011-01-31T20:14:39","guid":{"rendered":"http:\/\/www.progreskb.pl\/?page_id=43"},"modified":"2017-05-25T12:17:35","modified_gmt":"2017-05-25T10:17:35","slug":"naskakujace","status":"publish","type":"page","link":"https:\/\/www.progreskb.pl\/?page_id=43","title":{"rendered":"Maskuj\u0105ce"},"content":{"rendered":"<p><img loading=\"lazy\" decoding=\"async\" class=\"alignleft\" style=\"margin-right: 15px; border: 0pt none;\" src=\"https:\/\/www.progreskb.pl\/wp-content\/uploads\/2012\/10\/maskujace.jpg\" border=\"0\" alt=\"\" width=\"300\" height=\"144\" align=\"right\" \/>Ta\u015bmy maskuj\u0105ce wykorzystywane s\u0105 na co dzie\u0144 w przemy\u015ble i stosowanie ich traktuje si\u0119 jako co\u015b zupe\u0142nie naturalnego. Firma 3M po\u015bwi\u0119ca tyle samo czasu i \u015brodk\u00f3w na rozw\u00f3j ta\u015bm maskuj\u0105cych, jak i na rozw\u00f3j innych wyrob\u00f3w. Dzi\u0119ki temu nasze ta\u015bmy maskuj\u0105ce mog\u0105 by\u0107 coraz doskonalsze, pomocne w zwi\u0119kszaniu wydajno\u015bci pracy, obni\u017caniu koszt\u00f3w produkcji, przy stale zmieniaj\u0105cych si\u0119 procesach produkcyjnych.<\/p>\n<p>Ta\u015bmy maskuj\u0105ce 3M to wyroby doskonale wype\u0142niaj\u0105ce swoje zadanie zar\u00f3wno przy prostych jak i wymagaj\u0105cych operacjach, np.:<\/p>\n<ul>\n<li>maskowanie przy standardowym malowaniu,<\/li>\n<\/ul>\n<ul>\n<li>maskowanie w wysokich temperaturach<\/li>\n<\/ul>\n<ul>\n<li>maskowanie przedmiot\u00f3w delikatnych, lub maskowanie precyzyjne zapewniaj\u0105ce wierno\u015b\u0107 szczeg\u00f3\u0142\u00f3w,<\/li>\n<\/ul>\n<ul>\n<li>maskowanie, kt\u00f3re musi by\u0107 odporne na \u015brodki chemiczne powoduj\u0105ce korozj\u0119.<\/li>\n<\/ul>\n<p>Ta\u015bmy z oryginalnym rdzeniem Scotch 3M gwarantuj\u0105 sta\u0142\u0105 jako\u015b\u0107 wyrob\u00f3w po konkurencyjnej cenie.<\/p>\n<p>Wi\u0119cej informacji w katalogu:<br \/>\n<a href=\"https:\/\/www.progreskb.pl\/wp-content\/uploads\/2011\/01\/TASMY-MASKUJACE.pdf\">Ta\u015bmy maskuj\u0105ce<\/a><\/p>\n<div style=\"clear:both\">\n<a href=\"https:\/\/progres.pasaz24.pl\/category\/Tasmy-maskujace-96079?#OfertaProduktowa\" target=\"_blank\" rel=\"nofollow\" title=\"Kup w sklepie internetowym\"><img loading=\"lazy\" decoding=\"async\" class=\"alignright size-full wp-image-1610\" src=\"https:\/\/www.progreskb.pl\/wp-content\/uploads\/2017\/05\/kop-online.png\" alt=\"Kup w sklepie internetowym\" width=\"113\" height=\"35\" \/><\/a>\n<\/div>\n","protected":false},"excerpt":{"rendered":"<p>Ta\u015bmy maskuj\u0105ce wykorzystywane s\u0105 na co dzie\u0144 w przemy\u015ble i stosowanie ich traktuje si\u0119 jako co\u015b zupe\u0142nie naturalnego. Firma 3M po\u015bwi\u0119ca tyle samo czasu i \u015brodk\u00f3w na rozw\u00f3j ta\u015bm maskuj\u0105cych, [&hellip;]<\/p>\n","protected":false},"author":1,"featured_media":0,"parent":37,"menu_order":0,"comment_status":"closed","ping_status":"open","template":"","meta":{"footnotes":""},"class_list":["post-43","page","type-page","status-publish","hentry"],"_links":{"self":[{"href":"https:\/\/www.progreskb.pl\/index.php?rest_route=\/wp\/v2\/pages\/43","targetHints":{"allow":["GET"]}}],"collection":[{"href":"https:\/\/www.progreskb.pl\/index.php?rest_route=\/wp\/v2\/pages"}],"about":[{"href":"https:\/\/www.progreskb.pl\/index.php?rest_route=\/wp\/v2\/types\/page"}],"author":[{"embeddable":true,"href":"https:\/\/www.progreskb.pl\/index.php?rest_route=\/wp\/v2\/users\/1"}],"replies":[{"embeddable":true,"href":"https:\/\/www.progreskb.pl\/index.php?rest_route=%2Fwp%2Fv2%2Fcomments&post=43"}],"version-history":[{"count":14,"href":"https:\/\/www.progreskb.pl\/index.php?rest_route=\/wp\/v2\/pages\/43\/revisions"}],"predecessor-version":[{"id":1640,"href":"https:\/\/www.progreskb.pl\/index.php?rest_route=\/wp\/v2\/pages\/43\/revisions\/1640"}],"up":[{"embeddable":true,"href":"https:\/\/www.progreskb.pl\/index.php?rest_route=\/wp\/v2\/pages\/37"}],"wp:attachment":[{"href":"https:\/\/www.progreskb.pl\/index.php?rest_route=%2Fwp%2Fv2%2Fmedia&parent=43"}],"curies":[{"name":"wp","href":"https:\/\/api.w.org\/{rel}","templated":true}]}}