{"id":39,"date":"2011-01-31T20:09:48","date_gmt":"2011-01-31T20:09:48","guid":{"rendered":"http:\/\/www.progreskb.pl\/?page_id=39"},"modified":"2017-05-25T12:26:48","modified_gmt":"2017-05-25T10:26:48","slug":"dwustronne","status":"publish","type":"page","link":"https:\/\/www.progreskb.pl\/?page_id=39","title":{"rendered":"Dwustronne"},"content":{"rendered":"<ul>\n<li><a href=\"https:\/\/www.progreskb.pl\/wp-content\/uploads\/2011\/01\/vhb.jpg\"><img loading=\"lazy\" decoding=\"async\" class=\"size-full wp-image-1108 alignright\" title=\"vhb\" src=\"https:\/\/www.progreskb.pl\/wp-content\/uploads\/2011\/01\/vhb.jpg\" alt=\"vhb\" width=\"195\" height=\"146\" \/><\/a>ta\u015bmy VHB i VHB+<\/li>\n<\/ul>\n<ul>\n<li> ta\u015bmy z no\u015bnikiem piankowym<\/li>\n<\/ul>\n<ul>\n<li>Rzepy Dual Lock i Scotch Mate<\/li>\n<\/ul>\n<ul>\n<li> 3M ATG &#8211; System b\u0142on klejowych<\/li>\n<\/ul>\n<ul>\n<li> Cienkie ta\u015bmy dwustronnie klej\u0105ce<\/li>\n<\/ul>\n<ul>\n<li> inne ta\u015bmy dwustronnie klej\u0105ce<\/li>\n<\/ul>\n<p style=\"padding-left: 60px;\">\n<div style=\"clear:both\">\n<a href=\"https:\/\/progres.pasaz24.pl\/category\/Tasmy-dwustronnie-klejace-96078?#OfertaProduktowa\" target=\"_blank\" rel=\"nofollow\" title=\"Kup w sklepie internetowym\"><img loading=\"lazy\" decoding=\"async\" class=\"alignright size-full wp-image-1610\" src=\"https:\/\/www.progreskb.pl\/wp-content\/uploads\/2017\/05\/kop-online.png\" alt=\"Kup w sklepie internetowym\" width=\"113\" height=\"35\" \/><\/a>\n<\/div>\n","protected":false},"excerpt":{"rendered":"<p>ta\u015bmy VHB i VHB+ ta\u015bmy z no\u015bnikiem piankowym Rzepy Dual Lock i Scotch Mate 3M ATG &#8211; System b\u0142on klejowych Cienkie ta\u015bmy dwustronnie klej\u0105ce inne ta\u015bmy dwustronnie klej\u0105ce<\/p>\n","protected":false},"author":1,"featured_media":0,"parent":25,"menu_order":0,"comment_status":"closed","ping_status":"open","template":"","meta":{"footnotes":""},"class_list":["post-39","page","type-page","status-publish","hentry"],"_links":{"self":[{"href":"https:\/\/www.progreskb.pl\/index.php?rest_route=\/wp\/v2\/pages\/39","targetHints":{"allow":["GET"]}}],"collection":[{"href":"https:\/\/www.progreskb.pl\/index.php?rest_route=\/wp\/v2\/pages"}],"about":[{"href":"https:\/\/www.progreskb.pl\/index.php?rest_route=\/wp\/v2\/types\/page"}],"author":[{"embeddable":true,"href":"https:\/\/www.progreskb.pl\/index.php?rest_route=\/wp\/v2\/users\/1"}],"replies":[{"embeddable":true,"href":"https:\/\/www.progreskb.pl\/index.php?rest_route=%2Fwp%2Fv2%2Fcomments&post=39"}],"version-history":[{"count":16,"href":"https:\/\/www.progreskb.pl\/index.php?rest_route=\/wp\/v2\/pages\/39\/revisions"}],"predecessor-version":[{"id":1647,"href":"https:\/\/www.progreskb.pl\/index.php?rest_route=\/wp\/v2\/pages\/39\/revisions\/1647"}],"up":[{"embeddable":true,"href":"https:\/\/www.progreskb.pl\/index.php?rest_route=\/wp\/v2\/pages\/25"}],"wp:attachment":[{"href":"https:\/\/www.progreskb.pl\/index.php?rest_route=%2Fwp%2Fv2%2Fmedia&parent=39"}],"curies":[{"name":"wp","href":"https:\/\/api.w.org\/{rel}","templated":true}]}}