{"id":37,"date":"2011-01-31T20:09:21","date_gmt":"2011-01-31T20:09:21","guid":{"rendered":"http:\/\/www.progreskb.pl\/?page_id=37"},"modified":"2017-05-25T12:16:48","modified_gmt":"2017-05-25T10:16:48","slug":"jednostronne","status":"publish","type":"page","link":"https:\/\/www.progreskb.pl\/?page_id=37","title":{"rendered":"Jednostronne"},"content":{"rendered":"<ul>\n<li><a href=\"https:\/\/www.progreskb.pl\/wp-content\/uploads\/2011\/01\/jednostronne.jpg\"><img loading=\"lazy\" decoding=\"async\" class=\"alignright size-full wp-image-1151\" title=\"jednostronne\" src=\"https:\/\/www.progreskb.pl\/wp-content\/uploads\/2011\/01\/jednostronne.jpg\" alt=\"jednostronne\" width=\"151\" height=\"181\" \/><\/a>ta\u015bmy maskuj\u0105ce<\/li>\n<\/ul>\n<ul>\n<li> ta\u015bmy metalowe<\/li>\n<\/ul>\n<ul>\n<li> ta\u015bmy winylowe<\/li>\n<\/ul>\n<ul>\n<li> ta\u015bmy zbrojone w\u0142\u00f3knem szklanym<\/li>\n<\/ul>\n<ul>\n<li> ta\u015bmy pakowe<\/li>\n<\/ul>\n<ul>\n<li> ta\u015bmy poliestrowe<\/li>\n<\/ul>\n<ul>\n<li> Bumpon &#8211; samoprzylepne nak\u0142adki ochronne<\/li>\n<\/ul>\n<ul>\n<li> inne ta\u015bmy jednostronnie klej\u0105ce<\/li>\n<\/ul>\n<div style=\"clear:both\">\n<a href=\"https:\/\/progres.pasaz24.pl\/category\/Tasmy-jednostronnie-klejace-96077?#OfertaProduktowa\" target=\"_blank\" rel=\"nofollow\" title=\"Kup w sklepie internetowym\"><img loading=\"lazy\" decoding=\"async\" class=\"alignright size-full wp-image-1610\" src=\"https:\/\/www.progreskb.pl\/wp-content\/uploads\/2017\/05\/kop-online.png\" alt=\"Kup w sklepie internetowym\" width=\"113\" height=\"35\" \/><\/a>\n<\/div>\n","protected":false},"excerpt":{"rendered":"<p>ta\u015bmy maskuj\u0105ce ta\u015bmy metalowe ta\u015bmy winylowe ta\u015bmy zbrojone w\u0142\u00f3knem szklanym ta\u015bmy pakowe ta\u015bmy poliestrowe Bumpon &#8211; samoprzylepne nak\u0142adki ochronne inne ta\u015bmy jednostronnie klej\u0105ce<\/p>\n","protected":false},"author":1,"featured_media":0,"parent":25,"menu_order":0,"comment_status":"closed","ping_status":"open","template":"","meta":{"footnotes":""},"class_list":["post-37","page","type-page","status-publish","hentry"],"_links":{"self":[{"href":"https:\/\/www.progreskb.pl\/index.php?rest_route=\/wp\/v2\/pages\/37","targetHints":{"allow":["GET"]}}],"collection":[{"href":"https:\/\/www.progreskb.pl\/index.php?rest_route=\/wp\/v2\/pages"}],"about":[{"href":"https:\/\/www.progreskb.pl\/index.php?rest_route=\/wp\/v2\/types\/page"}],"author":[{"embeddable":true,"href":"https:\/\/www.progreskb.pl\/index.php?rest_route=\/wp\/v2\/users\/1"}],"replies":[{"embeddable":true,"href":"https:\/\/www.progreskb.pl\/index.php?rest_route=%2Fwp%2Fv2%2Fcomments&post=37"}],"version-history":[{"count":15,"href":"https:\/\/www.progreskb.pl\/index.php?rest_route=\/wp\/v2\/pages\/37\/revisions"}],"predecessor-version":[{"id":1638,"href":"https:\/\/www.progreskb.pl\/index.php?rest_route=\/wp\/v2\/pages\/37\/revisions\/1638"}],"up":[{"embeddable":true,"href":"https:\/\/www.progreskb.pl\/index.php?rest_route=\/wp\/v2\/pages\/25"}],"wp:attachment":[{"href":"https:\/\/www.progreskb.pl\/index.php?rest_route=%2Fwp%2Fv2%2Fmedia&parent=37"}],"curies":[{"name":"wp","href":"https:\/\/api.w.org\/{rel}","templated":true}]}}