{"id":25,"date":"2011-01-31T20:05:21","date_gmt":"2011-01-31T20:05:21","guid":{"rendered":"http:\/\/www.progreskb.pl\/?page_id=25"},"modified":"2017-05-25T12:15:46","modified_gmt":"2017-05-25T10:15:46","slug":"tasmy-i-kleje","status":"publish","type":"page","link":"https:\/\/www.progreskb.pl\/?page_id=25","title":{"rendered":"Ta\u015bmy"},"content":{"rendered":"<p>3M stworzy\u0142o pierwsz\u0105 na \u015bwiecie ta\u015bm\u0119  klej\u0105c\u0105. Obecnie posiada ogromn\u0105 gam\u0119 ta\u015bm przemys\u0142owych, jedno i  dwustronnych o bardzo r\u00f3\u017cnych, cz\u0119sto specjalistycznych zastosowaniach.  Opracowa\u0142o now\u0105 technologi\u0119 ta\u015bm klej\u0105cych VHB<sup>TM<\/sup> o bardzo du\u017cej sile \u0142\u0105czenia, zast\u0119puj\u0105cych po\u0142\u0105czenia mechaniczne.<\/p>\n<p style=\"text-align: center;\"><span style=\"color: #0000cc;\"><img loading=\"lazy\" decoding=\"async\" class=\"aligncenter\" style=\"border: 0pt none;\" src=\"https:\/\/www.progreskb.pl\/wp-content\/uploads\/2012\/10\/Img0095.jpg\" border=\"0\" alt=\"\" width=\"208\" height=\"288\" \/><\/span><\/p>\n<div style=\"clear:both\">\n<a href=\"https:\/\/progres.pasaz24.pl\/category\/Tasmy-94699?#OfertaProduktowa\" target=\"_blank\" rel=\"nofollow\" title=\"Kup w sklepie internetowym\"><img loading=\"lazy\" decoding=\"async\" class=\"alignright size-full wp-image-1610\" src=\"https:\/\/www.progreskb.pl\/wp-content\/uploads\/2017\/05\/kop-online.png\" alt=\"Kup w sklepie internetowym\" width=\"113\" height=\"35\" \/><\/a>\n<\/div>\n","protected":false},"excerpt":{"rendered":"<p>3M stworzy\u0142o pierwsz\u0105 na \u015bwiecie ta\u015bm\u0119 klej\u0105c\u0105. Obecnie posiada ogromn\u0105 gam\u0119 ta\u015bm przemys\u0142owych, jedno i dwustronnych o bardzo r\u00f3\u017cnych, cz\u0119sto specjalistycznych zastosowaniach. Opracowa\u0142o now\u0105 technologi\u0119 ta\u015bm klej\u0105cych VHBTM o bardzo [&hellip;]<\/p>\n","protected":false},"author":1,"featured_media":0,"parent":0,"menu_order":7,"comment_status":"closed","ping_status":"open","template":"","meta":{"footnotes":""},"class_list":["post-25","page","type-page","status-publish","hentry"],"_links":{"self":[{"href":"https:\/\/www.progreskb.pl\/index.php?rest_route=\/wp\/v2\/pages\/25","targetHints":{"allow":["GET"]}}],"collection":[{"href":"https:\/\/www.progreskb.pl\/index.php?rest_route=\/wp\/v2\/pages"}],"about":[{"href":"https:\/\/www.progreskb.pl\/index.php?rest_route=\/wp\/v2\/types\/page"}],"author":[{"embeddable":true,"href":"https:\/\/www.progreskb.pl\/index.php?rest_route=\/wp\/v2\/users\/1"}],"replies":[{"embeddable":true,"href":"https:\/\/www.progreskb.pl\/index.php?rest_route=%2Fwp%2Fv2%2Fcomments&post=25"}],"version-history":[{"count":13,"href":"https:\/\/www.progreskb.pl\/index.php?rest_route=\/wp\/v2\/pages\/25\/revisions"}],"predecessor-version":[{"id":1636,"href":"https:\/\/www.progreskb.pl\/index.php?rest_route=\/wp\/v2\/pages\/25\/revisions\/1636"}],"wp:attachment":[{"href":"https:\/\/www.progreskb.pl\/index.php?rest_route=%2Fwp%2Fv2%2Fmedia&parent=25"}],"curies":[{"name":"wp","href":"https:\/\/api.w.org\/{rel}","templated":true}]}}