{"id":23,"date":"2011-01-31T20:03:57","date_gmt":"2011-01-31T20:03:57","guid":{"rendered":"http:\/\/www.progreskb.pl\/?page_id=23"},"modified":"2017-05-25T12:08:24","modified_gmt":"2017-05-25T10:08:24","slug":"materialy-scierne","status":"publish","type":"page","link":"https:\/\/www.progreskb.pl\/?page_id=23","title":{"rendered":"Materia\u0142y \u015acierne"},"content":{"rendered":"<p>Materia\u0142y \u015bcierne 3M zapewniaj\u0105 ostateczny kszta\u0142t i wygl\u0105d wi\u0119kszo\u015bci wyrob\u00f3w. Dzia\u0142 materia\u0142\u00f3w \u015bciernych oferuje pe\u0142en asortyment materia\u0142\u00f3w nasypowych, w\u0142\u00f3knin \u015bciernych oraz materia\u0142\u00f3w mikro\u015bciernych.\u00a0<\/p>\n<p>Materia\u0142y te stosowane s\u0105 przy szlifowaniu, kalibrowaniu i wyka\u0144czaniu powierzchni. Jako ziaren \u015bciernych u\u017cywane s\u0105: granat, tlenek aluminium, w\u0119glik krzemu, dwutlenek cyrkonu, diament oraz 3M<sup>TM<\/sup> Cubitron. Jako podk\u0142ady wykorzystuje si\u0119: papier, p\u0142\u00f3tno, foli\u0119 poliestrow\u0105, fibre. Jako spoiwo: \u017cywic\u0119, klej oraz wi\u0105zania wodoodporne. Gdziekolwiek szlifowanie i wyka\u0144czanie jest procesem trudnym i k\u0142opotliwym, materia\u0142y \u015bcierne 3M gwarantuj\u0105 najwy\u017csz\u0105 jako\u015b\u0107 wykonanej pracy.<\/p>\n<p><a href=\"https:\/\/progres.pasaz24.pl\/category\/Materialy-scierne-94453?#OfertaProduktowa\" target=\"_blank\" rel=\"nofollow\" title=\"Kup w sklepie internetowym\"><img loading=\"lazy\" decoding=\"async\" class=\"alignright size-full wp-image-1610\" src=\"https:\/\/www.progreskb.pl\/wp-content\/uploads\/2017\/05\/kop-online.png\" alt=\"Kup w sklepie internetowym\" width=\"113\" height=\"35\" \/><\/a><\/p>\n","protected":false},"excerpt":{"rendered":"<p>Materia\u0142y \u015bcierne 3M zapewniaj\u0105 ostateczny kszta\u0142t i wygl\u0105d wi\u0119kszo\u015bci wyrob\u00f3w. Dzia\u0142 materia\u0142\u00f3w \u015bciernych oferuje pe\u0142en asortyment materia\u0142\u00f3w nasypowych, w\u0142\u00f3knin \u015bciernych oraz materia\u0142\u00f3w mikro\u015bciernych.\u00a0 Materia\u0142y te stosowane s\u0105 przy szlifowaniu, kalibrowaniu [&hellip;]<\/p>\n","protected":false},"author":1,"featured_media":0,"parent":0,"menu_order":6,"comment_status":"closed","ping_status":"open","template":"","meta":{"footnotes":""},"class_list":["post-23","page","type-page","status-publish","hentry"],"_links":{"self":[{"href":"https:\/\/www.progreskb.pl\/index.php?rest_route=\/wp\/v2\/pages\/23","targetHints":{"allow":["GET"]}}],"collection":[{"href":"https:\/\/www.progreskb.pl\/index.php?rest_route=\/wp\/v2\/pages"}],"about":[{"href":"https:\/\/www.progreskb.pl\/index.php?rest_route=\/wp\/v2\/types\/page"}],"author":[{"embeddable":true,"href":"https:\/\/www.progreskb.pl\/index.php?rest_route=\/wp\/v2\/users\/1"}],"replies":[{"embeddable":true,"href":"https:\/\/www.progreskb.pl\/index.php?rest_route=%2Fwp%2Fv2%2Fcomments&post=23"}],"version-history":[{"count":6,"href":"https:\/\/www.progreskb.pl\/index.php?rest_route=\/wp\/v2\/pages\/23\/revisions"}],"predecessor-version":[{"id":1626,"href":"https:\/\/www.progreskb.pl\/index.php?rest_route=\/wp\/v2\/pages\/23\/revisions\/1626"}],"wp:attachment":[{"href":"https:\/\/www.progreskb.pl\/index.php?rest_route=%2Fwp%2Fv2%2Fmedia&parent=23"}],"curies":[{"name":"wp","href":"https:\/\/api.w.org\/{rel}","templated":true}]}}