{"id":173,"date":"2011-01-31T20:54:13","date_gmt":"2011-01-31T20:54:13","guid":{"rendered":"http:\/\/www.progreskb.pl\/?page_id=173"},"modified":"2012-10-17T15:09:53","modified_gmt":"2012-10-17T13:09:53","slug":"srodki-bhp","status":"publish","type":"page","link":"https:\/\/www.progreskb.pl\/?page_id=173","title":{"rendered":"Maski"},"content":{"rendered":"<h3>P\u00f3\u0142maski przeciwpy\u0142owe<\/h3>\n<h4><img loading=\"lazy\" decoding=\"async\" class=\"alignleft\" style=\"margin-right: 15px; border: 0pt none;\" src=\"https:\/\/www.progreskb.pl\/wp-content\/uploads\/2012\/10\/Image31.jpg\" alt=\"\" width=\"127\" height=\"93\" \/>P\u00f3\u0142maski bez zawor\u00f3w wydechowych<\/h4>\n<p>P\u00f3\u0142maski przeciwpy\u0142owe 3M 8710E i 8810 to pewna, lekka, komfortowa ochrona przed py\u0142ami.<br \/>\n8710E &#8211; klasa FFP1<br \/>\n8810 &#8211; klasa FFP1<\/p>\n<h4><img loading=\"lazy\" decoding=\"async\" class=\"alignleft\" style=\"margin-bottom: 85px; margin-right: 15px; border: 0pt none;\" src=\"https:\/\/www.progreskb.pl\/wp-content\/uploads\/2012\/10\/Image32.jpg\" alt=\"\" width=\"128\" height=\"93\" \/>P\u00f3\u0142maski z zaworami wydechowymi<\/h4>\n<p>Wyposa\u017cone w innowacyjny, opatentowany zaw\u00f3r wydechowy p\u00f3\u0142maski 3M 8812,8822 i 8832 zapewniaj\u0105 wyj\u0105tkowy komfort u\u017cytkowania dzi\u0119ki zmniejszeniu gromadzenia si\u0119 wilgoci i ciep\u0142ego powietrza wewn\u0105trz p\u00f3\u0142maski. P\u00f3\u0142maski te s\u0105 zalecane do u\u017cywania w miejscach o wysokiej temperaturze i wilgotno\u015bci powietrza<\/p>\n<p>8812 \u2013 klasa FFP1S<br \/>\n8822 \u2013 klasa FFP2S<br \/>\n8832 \u2013 klasa FFP3S<\/p>\n<h4><img loading=\"lazy\" decoding=\"async\" class=\"alignleft\" style=\"margin-bottom: 75px; margin-right: 15px; border: 0pt none;\" src=\"https:\/\/www.progreskb.pl\/wp-content\/uploads\/2012\/10\/Image33.jpg\" alt=\"\" width=\"129\" height=\"95\" \/>P\u00f3\u0142maski z zaworami wydechowymi chroni\u0105ce przed py\u0142ami szczeg\u00f3lnie szkodliwymi<\/h4>\n<p>Oryginalna i wyj\u0105tkowa konstrukcja p\u00f3\u0142masek 8825 i 8835 zapewniaj\u0105 bardzo wydajn\u0105 ochron\u0119 przeciwko wszystkim typom py\u0142\u00f3w, mgie\u0142 i dym\u00f3w oraz niskie opory oddychania. Mi\u0119kka uszczelka gwarantuj\u0105ca doskona\u0142e dopasowanie do twarzy i opatentowany wysoko wydajny zaw\u00f3r wydechowy zapewniaj\u0105 wyj\u0105tkowy komfort dla u\u017cytkownika.<\/p>\n<p>8825 \u2013 klasa FFP2SL<br \/>\n8835 \u2013 klasa FFP3SL<\/p>\n<h4><img loading=\"lazy\" decoding=\"async\" class=\"alignleft\" style=\"margin-bottom: 75px; margin-right: 15px; border: 0pt none;\" src=\"https:\/\/www.progreskb.pl\/wp-content\/uploads\/2012\/10\/Image34.jpg\" alt=\"\" width=\"129\" height=\"92\" \/>P\u00f3\u0142maski dla spawaczy<\/h4>\n<p>P\u00f3\u0142maski 3M 9920 i 9925 maj\u0105ce wyj\u0105tkow\u0105 odporn\u0105 czasz\u0119 zosta\u0142y zaprojektowane specjalnie do ochrony przeciwko dymom spawalniczym.<br \/>\nP\u00f3\u0142maska 3M 9925 zosta\u0142a dodatkowo wyposa\u017cona w warstw\u0119 w\u0119gla aktywnego zabezpieczaj\u0105cego przed ozonem i dokuczliwymi oparami, kt\u00f3re mog\u0105 by\u0107 wytwarzane w trakcie spawania \u0142ukiem elektrycznym<\/p>\n<p>9920 \u2013 klasa FFP2S<br \/>\n9925 \u2013 klasa FFP3S<\/p>\n<h4><img loading=\"lazy\" decoding=\"async\" class=\"alignleft\" style=\"margin-bottom: 85px; margin-right: 15px; border: 0pt none;\" src=\"https:\/\/www.progreskb.pl\/wp-content\/uploads\/2012\/10\/Image35.jpg\" alt=\"\" width=\"129\" height=\"93\" \/>P\u00f3\u0142maski specjalne<\/h4>\n<p>Seria 3m 9900 to p\u00f3\u0142maski specjalne posiadaj\u0105ce dodatkow\u0105 warstw\u0119 z w\u0119gla aktywnego<\/p>\n<p>9906: eliminacja fluorowodoru (poni\u017cej NDS)<br \/>\n9908: eliminacja opar\u00f3w rt\u0119ci (poni\u017cej NDS)<br \/>\n9913: eliminacja odor\u00f3w organicznych (poni\u017cej NDS)<br \/>\n9915: eliminacja fluorowodoru, dwutlenku siarki, odor\u00f3w i opar\u00f3w organicznych (poni\u017cej NDS)<\/p>\n<h3>P\u00f3\u0142maski przeciw gazom i oparom<\/h3>\n<h4>Innowacja Technologiczna<\/h4>\n<h4><img loading=\"lazy\" decoding=\"async\" class=\"alignleft\" style=\"margin-bottom: 35px; margin-right: 15px; border: 0pt none;\" src=\"https:\/\/www.progreskb.pl\/wp-content\/uploads\/2012\/10\/Image36.jpg\" alt=\"\" width=\"130\" height=\"93\" \/><\/h4>\n<p>Seria 3M 4000 to gamma ca\u0142kowicie unikalnych p\u00f3\u0142masek, w kt\u00f3rych zastosowano nowe technologie aby uzyska\u0107 efektywne zabezpieczenie i wyj\u0105tkowy komfort. Nie wymagaj\u0105ca konserwacji i o zintegrowanej konstrukcji p\u00f3\u0142maska zapewnia pewn\u0105 ochron\u0119 przeciwko wi\u0119kszo\u015bci gaz\u00f3w, opar\u00f3w i py\u0142\u00f3w.<\/p>\n<p>4251 \u2013 klasa FFA1P1<br \/>\n4255 \u2013 klasa FFA2P2S<br \/>\n4277 \u2013 klasa FFABE1P2SL<\/p>\n<h4>Elastyczny system<\/h4>\n<h4><img loading=\"lazy\" decoding=\"async\" class=\"alignleft\" style=\"margin-bottom: 35px; margin-right: 15px; border: 0pt none;\" src=\"https:\/\/www.progreskb.pl\/wp-content\/uploads\/2012\/10\/Image37.jpg\" alt=\"\" width=\"134\" height=\"96\" \/><\/h4>\n<p>P\u00f3\u0142maski3M serii 6000 s\u0105 bardzo ekonomicznym rozwi\u0105zaniem. Cz\u0119\u015b\u0107 twarzowa p\u00f3\u0142maski jest u\u017cywana z podw\u00f3jnymi bardzo lekkimi filtrami, mocowanymi za pomoc\u0105 bardzo prostych w u\u017cyciu zaczep\u00f3w bagnetowych.<br \/>\nNiewiele innych p\u00f3\u0142masek mo\u017ce zaoferowa\u0107 tak\u0105 elastyczno\u015b\u0107, potrzebne przy danej pracy filtry s\u0105 z \u0142atwo\u015bci\u0105 montowane lub wymieniane na inne<br \/>\n<br \/><\/br><br \/>\n<br \/><\/br><br \/>\nWi\u0119cej informacji w katalogach:<br \/>\n<a href=\"https:\/\/www.progreskb.pl\/wp-content\/uploads\/2011\/01\/Polmaski-filtrujace.pdf\">P\u00f3\u0142maski filtruj\u0105ce<\/a><br \/>\n<a href=\"https:\/\/www.progreskb.pl\/wp-content\/uploads\/2011\/01\/Polmaski-i-maski-pelne.pdf\">P\u00f3lmaski i maski pe\u0142ne<\/a><br \/>\n<a href=\"https:\/\/www.progreskb.pl\/wp-content\/uploads\/2011\/01\/Systemy-z-wymuszonym-przeplywem-powietrza.pdf\">Systemy z wymuszonym przep\u0142ywem powietrza<\/a><\/p>\n","protected":false},"excerpt":{"rendered":"<p>P\u00f3\u0142maski przeciwpy\u0142owe P\u00f3\u0142maski bez zawor\u00f3w wydechowych P\u00f3\u0142maski przeciwpy\u0142owe 3M 8710E i 8810 to pewna, lekka, komfortowa ochrona przed py\u0142ami. 8710E &#8211; klasa FFP1 8810 &#8211; klasa FFP1 P\u00f3\u0142maski z zaworami [&hellip;]<\/p>\n","protected":false},"author":1,"featured_media":0,"parent":27,"menu_order":0,"comment_status":"closed","ping_status":"closed","template":"","meta":{"footnotes":""},"class_list":["post-173","page","type-page","status-publish","hentry"],"_links":{"self":[{"href":"https:\/\/www.progreskb.pl\/index.php?rest_route=\/wp\/v2\/pages\/173","targetHints":{"allow":["GET"]}}],"collection":[{"href":"https:\/\/www.progreskb.pl\/index.php?rest_route=\/wp\/v2\/pages"}],"about":[{"href":"https:\/\/www.progreskb.pl\/index.php?rest_route=\/wp\/v2\/types\/page"}],"author":[{"embeddable":true,"href":"https:\/\/www.progreskb.pl\/index.php?rest_route=\/wp\/v2\/users\/1"}],"replies":[{"embeddable":true,"href":"https:\/\/www.progreskb.pl\/index.php?rest_route=%2Fwp%2Fv2%2Fcomments&post=173"}],"version-history":[{"count":32,"href":"https:\/\/www.progreskb.pl\/index.php?rest_route=\/wp\/v2\/pages\/173\/revisions"}],"predecessor-version":[{"id":596,"href":"https:\/\/www.progreskb.pl\/index.php?rest_route=\/wp\/v2\/pages\/173\/revisions\/596"}],"up":[{"embeddable":true,"href":"https:\/\/www.progreskb.pl\/index.php?rest_route=\/wp\/v2\/pages\/27"}],"wp:attachment":[{"href":"https:\/\/www.progreskb.pl\/index.php?rest_route=%2Fwp%2Fv2%2Fmedia&parent=173"}],"curies":[{"name":"wp","href":"https:\/\/api.w.org\/{rel}","templated":true}]}}