{"id":171,"date":"2011-01-31T20:53:55","date_gmt":"2011-01-31T20:53:55","guid":{"rendered":"http:\/\/www.progreskb.pl\/?page_id=171"},"modified":"2012-10-17T14:44:50","modified_gmt":"2012-10-17T12:44:50","slug":"maski","status":"publish","type":"page","link":"https:\/\/www.progreskb.pl\/?page_id=171","title":{"rendered":"Ochrona wzroku i s\u0142uchu"},"content":{"rendered":"<p>Utrata s\u0142uchu spowodowana nara\u017ceniem na ha\u0142as w miejscu pracy pozostaje jedn\u0105 z wa\u017cniejszych chor\u00f3b zawodowych. Sprz\u0119t ochrony s\u0142uchu marki E-A-R\u2122 mo\u017ce gra\u0107 decyduj\u0105c\u0105 rol\u0119 w zapobieganiu z\u0142emu stanowi zdrowia pracownik\u00f3w i mog\u0105cym wynikn\u0105\u0107 z tego wysokim kosztom spowodowanym sporami s\u0105dowymi wytaczanymi przeciwko pracodawcy przez pracownik\u00f3w.<\/p>\n<p>Oferta produkt\u00f3w ochrony s\u0142uchu marki E-A-R\u2122 obejmuje kompletn\u0105 gam\u0119 wk\u0142adek przeciwha\u0142asowych i pasywnych ochronnik\u00f3w s\u0142uchu, zapewniaj\u0105cych ochron\u0119, komfort i \u0142atwo\u015b\u0107 u\u017cytkowania.<\/p>\n<p>Wszystkie produkty ochrony s\u0142uchu zaprojektowano tak, by by\u0142y zar\u00f3wno praktyczne w u\u017cyciu, jak i wygodne. Priorytet stanowi komfort \u2013 \u0142\u0105czenie w\u0142a\u015bciwego stopnia ochrony przed ha\u0142asem z \u0142atwo\u015bci\u0105 u\u017cytkowania.<br \/>\n<br \/><\/br><br \/>\nWi\u0119cej informacji w katalogach:<br \/>\n<a href=\"https:\/\/www.progreskb.pl\/wp-content\/uploads\/2011\/01\/Produkty-ochrony-sluchu.pdf\">Produkty ochrony s\u0142uchu<\/a><br \/>\n<a href=\"https:\/\/www.progreskb.pl\/wp-content\/uploads\/2011\/01\/Produkty-ochrony-wzroku.pdf\">Produkty ochrony wzroku<\/a><\/p>\n","protected":false},"excerpt":{"rendered":"<p>Utrata s\u0142uchu spowodowana nara\u017ceniem na ha\u0142as w miejscu pracy pozostaje jedn\u0105 z wa\u017cniejszych chor\u00f3b zawodowych. Sprz\u0119t ochrony s\u0142uchu marki E-A-R\u2122 mo\u017ce gra\u0107 decyduj\u0105c\u0105 rol\u0119 w zapobieganiu z\u0142emu stanowi zdrowia pracownik\u00f3w [&hellip;]<\/p>\n","protected":false},"author":1,"featured_media":0,"parent":27,"menu_order":0,"comment_status":"closed","ping_status":"closed","template":"","meta":{"footnotes":""},"class_list":["post-171","page","type-page","status-publish","hentry"],"_links":{"self":[{"href":"https:\/\/www.progreskb.pl\/index.php?rest_route=\/wp\/v2\/pages\/171","targetHints":{"allow":["GET"]}}],"collection":[{"href":"https:\/\/www.progreskb.pl\/index.php?rest_route=\/wp\/v2\/pages"}],"about":[{"href":"https:\/\/www.progreskb.pl\/index.php?rest_route=\/wp\/v2\/types\/page"}],"author":[{"embeddable":true,"href":"https:\/\/www.progreskb.pl\/index.php?rest_route=\/wp\/v2\/users\/1"}],"replies":[{"embeddable":true,"href":"https:\/\/www.progreskb.pl\/index.php?rest_route=%2Fwp%2Fv2%2Fcomments&post=171"}],"version-history":[{"count":16,"href":"https:\/\/www.progreskb.pl\/index.php?rest_route=\/wp\/v2\/pages\/171\/revisions"}],"predecessor-version":[{"id":590,"href":"https:\/\/www.progreskb.pl\/index.php?rest_route=\/wp\/v2\/pages\/171\/revisions\/590"}],"up":[{"embeddable":true,"href":"https:\/\/www.progreskb.pl\/index.php?rest_route=\/wp\/v2\/pages\/27"}],"wp:attachment":[{"href":"https:\/\/www.progreskb.pl\/index.php?rest_route=%2Fwp%2Fv2%2Fmedia&parent=171"}],"curies":[{"name":"wp","href":"https:\/\/api.w.org\/{rel}","templated":true}]}}