{"id":163,"date":"2011-01-31T20:50:25","date_gmt":"2011-01-31T20:50:25","guid":{"rendered":"http:\/\/www.progreskb.pl\/?page_id=163"},"modified":"2017-08-04T14:10:39","modified_gmt":"2017-08-04T12:10:39","slug":"aerozole-przemyslowe","status":"publish","type":"page","link":"https:\/\/www.progreskb.pl\/?page_id=163","title":{"rendered":"Aerozole przemys\u0142owe"},"content":{"rendered":"<p><img loading=\"lazy\" decoding=\"async\" class=\"alignleft\" style=\"margin-bottom: 55px; margin-right: 15px; border: 0pt none;\" src=\"https:\/\/www.progreskb.pl\/wp-content\/uploads\/2012\/10\/klej_spray.jpg\" alt=\"\" width=\"163\" height=\"150\" \/><\/p>\n<p>Kleje 3M w aerozolu. Wygoda, por\u0119czno\u015b\u0107 i szybko\u015b\u0107 stosowania.<\/p>\n<p><strong>Spray 74<\/strong> &#8211; do pianek, materia\u0142\u00f3w izolacyjnych i wyg\u0142uszaj\u0105cych<br \/>\n<strong>Spray 75<\/strong> &#8211; umo\u017cliwia repozycjonowanie<br \/>\n<strong>Spray 76<\/strong> &#8211; wyd\u0142u\u017cony czas otwarty &#8211; do poliolefin (PP, PE), filcu, korka<br \/>\n<strong>Spray 77<\/strong> &#8211; uniwersalny (do styropianu, papieru, tkanin itp.)<br \/>\n<strong>Spray 80<\/strong> &#8211; kontaktowy (do gumy, mi\u0119kkiego PCW, sk\u00f3ry, laminat\u00f3w itp.)<br \/>\n<strong>Spray 90<\/strong> &#8211; do poliolefin (do tworzyw sztucznych, laminat\u00f3w (HPL), drewna, sk\u00f3ry, metali).<\/p>\n<p>Preparaty w aerozolu do czyszczenia i konserwacji:<\/p>\n<p><strong>Cleaner Spray<\/strong> &#8211; \u015brodek czyszcz\u0105cy na bazie olej\u00f3w cytrusowych. Skutecznie usuwa resztki nieutwardzonych klej\u00f3w, pozosta\u0142o\u015bci ta\u015bm klej\u0105cych, zabrudzenia ze smar\u00f3w, olej\u00f3w, brud, gum\u0119 do \u017cucia. Dost\u0119pny tak\u017ce w formie por\u0119cznego sztyftu (Easy Clean Pen).<\/p>\n<p><strong>5 Way Spray<\/strong> &#8211; uniwersalny \u015brodek konserwuj\u0105cy (np. do maszyn i urz\u0105dze\u0144 precyzyjnych), o dzia\u0142aniu osuszaj\u0105cym, przeciwdzia\u0142a rdzy, oczyszcza elementy metalowe. Stosowany jako smar do gwint\u00f3w w stali nierdzewnej i aluminium. U\u0142atwia ruch element\u00f3w \u015blizgowych.<\/p>\n<p><img loading=\"lazy\" decoding=\"async\" style=\"margin-right: 15px; border: 0pt none;\" src=\"https:\/\/www.progreskb.pl\/wp-content\/uploads\/2012\/10\/klej_spray_silikon.jpg\" alt=\"\" width=\"142\" height=\"91\" \/><img loading=\"lazy\" decoding=\"async\" style=\"margin-right: 15px; border: 0pt none;\" src=\"https:\/\/www.progreskb.pl\/wp-content\/uploads\/2012\/10\/klej_spray_5way.jpg\" alt=\"\" width=\"142\" height=\"91\" \/><img loading=\"lazy\" decoding=\"async\" style=\"margin-right: 15px; border: 0pt none;\" src=\"https:\/\/www.progreskb.pl\/wp-content\/uploads\/2012\/10\/klej_spray_citruscleaner.jpg\" alt=\"\" width=\"142\" height=\"91\" \/><br \/>\n<br \/><\/br><br \/>\n<span>Wi\u0119cej informacji w katalogu:<br \/>\n<a href=\"https:\/\/www.progreskb.pl\/wp-content\/uploads\/2011\/01\/Aerozole+przemyslowe+3M.pdf\" target=\"_blank\">Aerozole przemys\u0142owe<\/a><\/span><\/p>\n<div><a target=\"_blank\" title=\"Katalog klej\u00f3w 3M\" href=\"http:\/\/progres.katalogklejow3m.pl\/\" rel=\"nofollow\">Katalog klej\u00f3w 3M<\/a><\/div>\n","protected":false},"excerpt":{"rendered":"<p>Kleje 3M w aerozolu. Wygoda, por\u0119czno\u015b\u0107 i szybko\u015b\u0107 stosowania. Spray 74 &#8211; do pianek, materia\u0142\u00f3w izolacyjnych i wyg\u0142uszaj\u0105cych Spray 75 &#8211; umo\u017cliwia repozycjonowanie Spray 76 &#8211; wyd\u0142u\u017cony czas otwarty &#8211; [&hellip;]<\/p>\n","protected":false},"author":1,"featured_media":0,"parent":35,"menu_order":0,"comment_status":"closed","ping_status":"closed","template":"","meta":{"footnotes":""},"class_list":["post-163","page","type-page","status-publish","hentry"],"_links":{"self":[{"href":"https:\/\/www.progreskb.pl\/index.php?rest_route=\/wp\/v2\/pages\/163","targetHints":{"allow":["GET"]}}],"collection":[{"href":"https:\/\/www.progreskb.pl\/index.php?rest_route=\/wp\/v2\/pages"}],"about":[{"href":"https:\/\/www.progreskb.pl\/index.php?rest_route=\/wp\/v2\/types\/page"}],"author":[{"embeddable":true,"href":"https:\/\/www.progreskb.pl\/index.php?rest_route=\/wp\/v2\/users\/1"}],"replies":[{"embeddable":true,"href":"https:\/\/www.progreskb.pl\/index.php?rest_route=%2Fwp%2Fv2%2Fcomments&post=163"}],"version-history":[{"count":26,"href":"https:\/\/www.progreskb.pl\/index.php?rest_route=\/wp\/v2\/pages\/163\/revisions"}],"predecessor-version":[{"id":1675,"href":"https:\/\/www.progreskb.pl\/index.php?rest_route=\/wp\/v2\/pages\/163\/revisions\/1675"}],"up":[{"embeddable":true,"href":"https:\/\/www.progreskb.pl\/index.php?rest_route=\/wp\/v2\/pages\/35"}],"wp:attachment":[{"href":"https:\/\/www.progreskb.pl\/index.php?rest_route=%2Fwp%2Fv2%2Fmedia&parent=163"}],"curies":[{"name":"wp","href":"https:\/\/api.w.org\/{rel}","templated":true}]}}