{"id":161,"date":"2011-01-31T20:49:59","date_gmt":"2011-01-31T20:49:59","guid":{"rendered":"http:\/\/www.progreskb.pl\/?page_id=161"},"modified":"2017-08-04T14:10:09","modified_gmt":"2017-08-04T12:10:09","slug":"wodne-dyspersyjne","status":"publish","type":"page","link":"https:\/\/www.progreskb.pl\/?page_id=161","title":{"rendered":"3M\u2122 Scotch-Weld\u2122 kleje wodne kontaktowe"},"content":{"rendered":"<p><img loading=\"lazy\" decoding=\"async\" class=\"alignleft\" style=\"margin-right: 15px; border: 0pt none;\" src=\"https:\/\/www.progreskb.pl\/wp-content\/uploads\/2012\/10\/klej_fastbond.jpg\" alt=\"\" width=\"110\" height=\"150\" \/>Rodzina   klej\u00f3w wodnych dyspersyjnych firmy 3M to doskona\u0142a alternatywa dla   tradycyjnych klej\u00f3w rozpuszczalnikowych, pozwalaj\u0105ca zachowa\u0107 wysok\u0105 jako\u015b\u0107.   Prezentowana grupa produkt\u00f3w o wysokiej jako\u015bci i wszechstronnym   zastosowaniu, oferuje u\u017cytkownikowi szereg korzy\u015bci, szczeg\u00f3lnie istotnych   ze wzgl\u0119du na obowi\u0105zuj\u0105ce w procesach produkcyjnych normy ochrony \u015brodowiska.   Przyk\u0142adowo: ka\u017cdy z produkt\u00f3w tej rodziny jest w stanie ciek\u0142ym produktem   niepalnym, posiadaj\u0105cym nisk\u0105 lub wr\u0119cz \u017cadn\u0105 zawarto\u015b\u0107 lotnych zwi\u0105zk\u00f3w   organicznych. Zminimalizowano ponadto problemy i koszty, zwi\u0105zane z   przechowywaniem takich produkt\u00f3w w pojemnikach oraz ich utylizacj\u0105. Dzi\u0119ki   wy\u017cszej zawarto\u015bci cz\u0119\u015bci sta\u0142ych kleje wodne dyspersyjne s\u0105 zazwyczaj   ta\u0144sze w eksploatacji ni\u017c kleje rozpuszczalnikowe, szczeg\u00f3lnie je\u015bli uwzgl\u0119dnia   si\u0119 koszty og\u00f3lne.<\/p>\n<h4><span style=\"color: #333333;\">Zalety klei wodnych dyspersyjnych: <\/span><\/h4>\n<ul>\n<li>\u0141atwe w u\u017cyciu:<\/li>\n<\/ul>\n<p style=\"padding-left: 60px;\">&#8211; proste nanoszenie: natrysk, p\u0119dzel, rolka, szpachla itp.,<br \/>\n&#8211; \u0142atwa ocena optymalnego momentu klejenia<br \/>\n&#8211; zmiana zabarwienia \/ przejrzysto\u015bci po wyschni\u0119ciu,<\/p>\n<ul>\n<li>Ekonomiczne:<\/li>\n<\/ul>\n<p style=\"padding-left: 60px;\">&#8211; du\u017ca wydajno\u015b\u0107 z litra (40-60% fazy sta\u0142ej),<br \/>\n&#8211; nietoksyczne oraz niepalne w stanie mokrym (niepotrzebne specjalne wyci\u0105gi lub urz\u0105dzenia zabezpieczaj\u0105ce przed wybuchem, ni\u017csze sk\u0142adki ubezpieczeniowe, brak dodatkowych op\u0142at \u015brodowiskowych),<br \/>\n&#8211; \u0142atwe do czyszczenia: roztworem wody z myd\u0142em (w stanie mokrym), industrial cleaner lub MEK (w stanie suchym),<\/p>\n<ul>\n<li>Odporne na wod\u0119,<\/li>\n<\/ul>\n<ul>\n<li> Stabilne &#8211; nie osiadaj\u0105, nie wymagaj\u0105 mieszania.<\/li>\n<\/ul>\n<div><a target=\"_blank\" title=\"Katalog klej\u00f3w 3M\" href=\"http:\/\/progres.katalogklejow3m.pl\/\" rel=\"nofollow\">Katalog klej\u00f3w 3M<\/a><\/div>\n<div style=\"clear:both\">\n<a href=\"https:\/\/progres.pasaz24.pl\/category\/Kleje-wodne-96091?#OfertaProduktowa\" target=\"_blank\" rel=\"nofollow\" title=\"Kup w sklepie internetowym\"><img loading=\"lazy\" decoding=\"async\" class=\"alignright size-full wp-image-1610\" src=\"https:\/\/www.progreskb.pl\/wp-content\/uploads\/2017\/05\/kop-online.png\" alt=\"Kup w sklepie internetowym\" width=\"113\" height=\"35\" \/><\/a>\n<\/div>\n","protected":false},"excerpt":{"rendered":"<p>Rodzina klej\u00f3w wodnych dyspersyjnych firmy 3M to doskona\u0142a alternatywa dla tradycyjnych klej\u00f3w rozpuszczalnikowych, pozwalaj\u0105ca zachowa\u0107 wysok\u0105 jako\u015b\u0107. Prezentowana grupa produkt\u00f3w o wysokiej jako\u015bci i wszechstronnym zastosowaniu, oferuje u\u017cytkownikowi szereg korzy\u015bci, [&hellip;]<\/p>\n","protected":false},"author":1,"featured_media":0,"parent":35,"menu_order":0,"comment_status":"closed","ping_status":"closed","template":"","meta":{"footnotes":""},"class_list":["post-161","page","type-page","status-publish","hentry"],"_links":{"self":[{"href":"https:\/\/www.progreskb.pl\/index.php?rest_route=\/wp\/v2\/pages\/161","targetHints":{"allow":["GET"]}}],"collection":[{"href":"https:\/\/www.progreskb.pl\/index.php?rest_route=\/wp\/v2\/pages"}],"about":[{"href":"https:\/\/www.progreskb.pl\/index.php?rest_route=\/wp\/v2\/types\/page"}],"author":[{"embeddable":true,"href":"https:\/\/www.progreskb.pl\/index.php?rest_route=\/wp\/v2\/users\/1"}],"replies":[{"embeddable":true,"href":"https:\/\/www.progreskb.pl\/index.php?rest_route=%2Fwp%2Fv2%2Fcomments&post=161"}],"version-history":[{"count":12,"href":"https:\/\/www.progreskb.pl\/index.php?rest_route=\/wp\/v2\/pages\/161\/revisions"}],"predecessor-version":[{"id":1674,"href":"https:\/\/www.progreskb.pl\/index.php?rest_route=\/wp\/v2\/pages\/161\/revisions\/1674"}],"up":[{"embeddable":true,"href":"https:\/\/www.progreskb.pl\/index.php?rest_route=\/wp\/v2\/pages\/35"}],"wp:attachment":[{"href":"https:\/\/www.progreskb.pl\/index.php?rest_route=%2Fwp%2Fv2%2Fmedia&parent=161"}],"curies":[{"name":"wp","href":"https:\/\/api.w.org\/{rel}","templated":true}]}}