{"id":157,"date":"2011-01-31T20:49:24","date_gmt":"2011-01-31T20:49:24","guid":{"rendered":"http:\/\/www.progreskb.pl\/?page_id=157"},"modified":"2017-08-04T14:09:44","modified_gmt":"2017-08-04T12:09:44","slug":"jet-melt","status":"publish","type":"page","link":"https:\/\/www.progreskb.pl\/?page_id=157","title":{"rendered":"3M\u2122 Scotch-Weld\u2122 kleje termotopliwe"},"content":{"rendered":"<p><a href=\"https:\/\/www.progreskb.pl\/wp-content\/uploads\/2011\/01\/topliwe1.jpg\"><img loading=\"lazy\" decoding=\"async\" class=\"alignleft size-full wp-image-1191\" title=\"topliwe\" src=\"https:\/\/www.progreskb.pl\/wp-content\/uploads\/2011\/01\/topliwe1.jpg\" alt=\"topliwe\" width=\"200\" height=\"155\" \/><\/a><\/p>\n<p>Kleje termotopliwe 3M\u2122 Scotch-Weld\u2122 oraz aplikatory Scotch-Weld\u2122 to uniwersalna i wygodna metoda klejenia wielu r\u00f3\u017cnorodnych materia\u0142\u00f3w:<\/p>\n<p>&#8211; prawie natychmiastowa wytrzyma\u0142o\u015b\u0107 ostateczna<br \/>\n&#8211; wysoka wytrzyma\u0142o\u015b\u0107 gotowego po\u0142\u0105czenia<br \/>\n&#8211; atwo\u015b\u0107 klejenia<br \/>\n&#8211; uproszczenie i przyspieszenie pracy.<\/p>\n<p>3M oferuje nie tylko standardowe kleje typu &#8222;hot melt&#8221; (nak\u0142adane w temperaturze ok. 210\u00b0C), ale tak\u017ce kleje &#8222;low melt&#8221; o ni\u017cszej temperaturze topnienia (ok. 130\u00b0C), kt\u00f3re mog\u0105 by\u0107 stosowane do materia\u0142\u00f3w o ni\u017cszej odporno\u015bci termicznej (np. styropian).<\/p>\n<p>Wi\u0119cej informacji w katalogu:<br \/>\n<a href=\"https:\/\/www.progreskb.pl\/wp-content\/uploads\/2011\/01\/HOT-MELT2.pdf\">Scotch-Weld kleje termotopliwe<\/a><\/p>\n<div><a target=\"_blank\" title=\"Katalog klej\u00f3w 3M\" href=\"http:\/\/progres.katalogklejow3m.pl\/\" rel=\"nofollow\">Katalog klej\u00f3w 3M<\/a><\/div>\n","protected":false},"excerpt":{"rendered":"<p>Kleje termotopliwe 3M\u2122 Scotch-Weld\u2122 oraz aplikatory Scotch-Weld\u2122 to uniwersalna i wygodna metoda klejenia wielu r\u00f3\u017cnorodnych materia\u0142\u00f3w: &#8211; prawie natychmiastowa wytrzyma\u0142o\u015b\u0107 ostateczna &#8211; wysoka wytrzyma\u0142o\u015b\u0107 gotowego po\u0142\u0105czenia &#8211; atwo\u015b\u0107 klejenia &#8211; [&hellip;]<\/p>\n","protected":false},"author":1,"featured_media":0,"parent":35,"menu_order":0,"comment_status":"closed","ping_status":"closed","template":"","meta":{"footnotes":""},"class_list":["post-157","page","type-page","status-publish","hentry"],"_links":{"self":[{"href":"https:\/\/www.progreskb.pl\/index.php?rest_route=\/wp\/v2\/pages\/157","targetHints":{"allow":["GET"]}}],"collection":[{"href":"https:\/\/www.progreskb.pl\/index.php?rest_route=\/wp\/v2\/pages"}],"about":[{"href":"https:\/\/www.progreskb.pl\/index.php?rest_route=\/wp\/v2\/types\/page"}],"author":[{"embeddable":true,"href":"https:\/\/www.progreskb.pl\/index.php?rest_route=\/wp\/v2\/users\/1"}],"replies":[{"embeddable":true,"href":"https:\/\/www.progreskb.pl\/index.php?rest_route=%2Fwp%2Fv2%2Fcomments&post=157"}],"version-history":[{"count":32,"href":"https:\/\/www.progreskb.pl\/index.php?rest_route=\/wp\/v2\/pages\/157\/revisions"}],"predecessor-version":[{"id":1673,"href":"https:\/\/www.progreskb.pl\/index.php?rest_route=\/wp\/v2\/pages\/157\/revisions\/1673"}],"up":[{"embeddable":true,"href":"https:\/\/www.progreskb.pl\/index.php?rest_route=\/wp\/v2\/pages\/35"}],"wp:attachment":[{"href":"https:\/\/www.progreskb.pl\/index.php?rest_route=%2Fwp%2Fv2%2Fmedia&parent=157"}],"curies":[{"name":"wp","href":"https:\/\/api.w.org\/{rel}","templated":true}]}}