{"id":155,"date":"2011-01-31T20:49:08","date_gmt":"2011-01-31T20:49:08","guid":{"rendered":"http:\/\/www.progreskb.pl\/?page_id=155"},"modified":"2017-08-04T14:08:35","modified_gmt":"2017-08-04T12:08:35","slug":"jet-weld","status":"publish","type":"page","link":"https:\/\/www.progreskb.pl\/?page_id=155","title":{"rendered":"3M\u2122 Scotch-Weld\u2122 (PUR) reaktywne kleje poliuretanowe"},"content":{"rendered":"<h2><img loading=\"lazy\" decoding=\"async\" class=\"alignleft\" style=\"margin-right: 15px; border: 0pt none;\" src=\"https:\/\/www.progreskb.pl\/wp-content\/uploads\/2012\/10\/klej_jet_weld.jpg\" alt=\"\" width=\"184\" height=\"122\" \/><\/h2>\n<p><span style=\"font-family: Verdana;\">Reaktywne kleje poliuretanowe 3M\u2122 Scotch-Weld\u2122 (PUR) i przystosowane do nich r\u0119czne aplikatory zwi\u0119kszaj\u0105 zdolno\u015bci produkcyjne ka\u017cdej firmy.<\/span><\/p>\n<p><span style=\"font-family: Verdana;\">Ten prosty system \u0142\u0105czy w sobie zalety typowych klej\u00f3w termotopliwych (szybko\u015b\u0107 uzyskania po\u0142\u0105czenia) oraz wysokie parametry uzyskiwane przy stosowaniu 2-sk\u0142adnikowych klej\u00f3w strukturalnych. Wysoka wytrzyma\u0142o\u015b\u0107 po\u0142\u0105czenia uzyskiwana jest przez reakcj\u0119 kleju z wilgoci\u0105 zawart\u0105 w klejonych materia\u0142ach i otoczeniu.<\/span><\/p>\n<ul>\n<li><strong>Szybko\u015b\u0107<\/strong> &#8211; wytrzyma\u0142o\u015b\u0107 wst\u0119pna \u2013 manipulacyjna uzyskiwana ju\u017c po 30 sekundach (dla kleju TE-030), skraca czas docisku i przyspiesza produkcj\u0119.<\/li>\n<li><strong>Si\u0142a po\u0142\u0105czenia strukturalnego<\/strong> &#8211; ju\u017c po 10 minutach od naniesienia kleju po\u0142\u0105czenie jest mocniejsze ni\u017c wykonane przy pomocy typowych klej\u00f3w termotopliwych lub PVA.<\/li>\n<li><strong>Uproszczenie procesu produkcyjnego<\/strong> &#8211; klej jednosk\u0142adnikowy &#8211; nie wymaga mieszania sk\u0142adnik\u00f3w.<\/li>\n<\/ul>\n<p><span style=\"font-family: Verdana;\">Kleje nie reaguj\u0105 z tworzywami sztucznymi.<\/span><\/p>\n<p>Wi\u0119cej informacji w katalogach:<br \/>\n<a href=\"https:\/\/www.progreskb.pl\/wp-content\/uploads\/2011\/01\/Scotch-Weld-PUR.pdf\">Scotch-Weld PUR<\/a><br \/>\n<a href=\"https:\/\/www.progreskb.pl\/wp-content\/uploads\/2011\/01\/SCOTCH-WELD-PUR-EASY.pdf\">Scotch-Weld PUR EASY<\/a><\/p>\n<div><a target=\"_blank\" title=\"Katalog klej\u00f3w 3M\" href=\"http:\/\/progres.katalogklejow3m.pl\/\" rel=\"nofollow\">Katalog klej\u00f3w 3M<\/a><\/div>\n","protected":false},"excerpt":{"rendered":"<p>Reaktywne kleje poliuretanowe 3M\u2122 Scotch-Weld\u2122 (PUR) i przystosowane do nich r\u0119czne aplikatory zwi\u0119kszaj\u0105 zdolno\u015bci produkcyjne ka\u017cdej firmy. Ten prosty system \u0142\u0105czy w sobie zalety typowych klej\u00f3w termotopliwych (szybko\u015b\u0107 uzyskania po\u0142\u0105czenia) [&hellip;]<\/p>\n","protected":false},"author":1,"featured_media":0,"parent":35,"menu_order":0,"comment_status":"closed","ping_status":"closed","template":"","meta":{"footnotes":""},"class_list":["post-155","page","type-page","status-publish","hentry"],"_links":{"self":[{"href":"https:\/\/www.progreskb.pl\/index.php?rest_route=\/wp\/v2\/pages\/155","targetHints":{"allow":["GET"]}}],"collection":[{"href":"https:\/\/www.progreskb.pl\/index.php?rest_route=\/wp\/v2\/pages"}],"about":[{"href":"https:\/\/www.progreskb.pl\/index.php?rest_route=\/wp\/v2\/types\/page"}],"author":[{"embeddable":true,"href":"https:\/\/www.progreskb.pl\/index.php?rest_route=\/wp\/v2\/users\/1"}],"replies":[{"embeddable":true,"href":"https:\/\/www.progreskb.pl\/index.php?rest_route=%2Fwp%2Fv2%2Fcomments&post=155"}],"version-history":[{"count":46,"href":"https:\/\/www.progreskb.pl\/index.php?rest_route=\/wp\/v2\/pages\/155\/revisions"}],"predecessor-version":[{"id":1672,"href":"https:\/\/www.progreskb.pl\/index.php?rest_route=\/wp\/v2\/pages\/155\/revisions\/1672"}],"up":[{"embeddable":true,"href":"https:\/\/www.progreskb.pl\/index.php?rest_route=\/wp\/v2\/pages\/35"}],"wp:attachment":[{"href":"https:\/\/www.progreskb.pl\/index.php?rest_route=%2Fwp%2Fv2%2Fmedia&parent=155"}],"curies":[{"name":"wp","href":"https:\/\/api.w.org\/{rel}","templated":true}]}}