{"id":146,"date":"2011-01-31T20:46:27","date_gmt":"2011-01-31T20:46:27","guid":{"rendered":"http:\/\/www.progreskb.pl\/?page_id=146"},"modified":"2012-10-17T13:00:10","modified_gmt":"2012-10-17T11:00:10","slug":"roloc","status":"publish","type":"page","link":"https:\/\/www.progreskb.pl\/?page_id=146","title":{"rendered":"Roloc+"},"content":{"rendered":"<p><img loading=\"lazy\" decoding=\"async\" class=\"alignleft\" style=\"margin-right: 15px; border: 0pt none;\" src=\"https:\/\/www.progreskb.pl\/wp-content\/uploads\/2012\/10\/roloc2.jpg\" border=\"0\" alt=\"\" width=\"165\" height=\"136\" align=\"left\" \/> We wszystkich przypadkach, gdzie u\u017cywa si\u0119 szlifierek r\u0119cznych, wyroby 3M pozwalaj\u0105 na nale\u017cyt\u0105 obr\u00f3bk\u0119, a jednocze\u015bnie zapewniaj\u0105 oszcz\u0119dno\u015b\u0107 pieni\u0119dzy, pozwalaj\u0105 na u\u017cycie materia\u0142\u00f3w \u015bciernych o wysokiej jako\u015bci i wykorzystanie element\u00f3w \u015bciernych do czyszczenia powierzchni (usuwania wad powierzchniowych). Ka\u017cdy z tych element\u00f3w \u015bciernych jest tak wykonany, aby dawa\u0142 doskona\u0142e wyniki obr\u00f3bki, a jednocze\u015bnie skraca\u0142 czas szczeg\u00f3lnie pracoch\u0142onnych operacji takich jak: szlifowanie, usuwanie zadzior\u00f3w, polerowanie i wyka\u0144czanie p\u0142askich, nieregularnych powierzchni w trudno dost\u0119pnych strefach obrabianego przedmiotu.<\/p>\n<p>Przedstawione tutaj elementy \u015bcierne w po\u0142\u0105czeniu z wygodnym i \u0142atwym do obs\u0142ugi systemem mocowania Roloc+ 3M przyczyniaj\u0105 si\u0119 do oszcz\u0119dno\u015bci czasu, zmniejszenia koszt\u00f3w robocizny i poprawy wydajno\u015bci.<\/p>\n<p>Sercem systemu element\u00f3w \u015bciernych Roloc+ jest jedyny w swoim rodzaju gwint. Jest on tak wykonany, aby maksymalnie u\u0142atwi\u0142 mocowanie i zdejmowanie za pomoc\u0105 p\u00f3\u0142obrotu w jedn\u0105 lub w drug\u0105 stron\u0119, co wystarcza do zwolnienia lub pewnego zamocowania cz\u0119\u015bci. Gwarantuje on pewne zamocowanie elementu \u015bciernego na uchwycie (w obsadzie), kt\u00f3ry pozostaje nieporuszony do chwili wymiany elementu \u015bciernego. Wyeliminowano w ten spos\u00f3b ca\u0142kowicie niebezpiecze\u0144stwo &#8222;odpadni\u0119cia&#8221;, kt\u00f3re normalnie wyst\u0119puje w przypadkach system\u00f3w mocowania z zastosowaniem kleju.<\/p>\n<h3><span style=\"color: #000000;\">Podstawowe korzy\u015bci z systemu mocowania Roloc+ i przedstawionych element\u00f3w \u015bciernych:<\/span><\/h3>\n<ul>\n<li>szybka i bezpo\u015brednia zamiana element\u00f3w \u015bciernych<\/li>\n<\/ul>\n<ul>\n<li>znaczne zmniejszenie czasu przestoj\u00f3w w por\u00f3wnaniu do element\u00f3w \u015bciernych o tradycyjnym systemie mocowania na wa\u0142ku,<\/li>\n<\/ul>\n<ul>\n<li>szeroki asortyment obejmuj\u0105cy praktycznie wszystkie elementy \u015bcierne, pozwalaj\u0105cy na spe\u0142nienie Twoich indywidualnych wymaga\u0144,<\/li>\n<\/ul>\n<ul>\n<li>zastosowanie najnowszych wysoko wydajnych element\u00f3w \u015bciernych 3M,<\/li>\n<\/ul>\n<ul>\n<li>znormalizowany system mocowania r\u00f3\u017cnych element\u00f3w.<\/li>\n<\/ul>\n<h3><span style=\"color: #000000;\">3M system Roloc+ do miniszlifierek: <\/span><\/h3>\n<ul>\n<li>minimalizuje obszary pracy poprzez obni\u017ck\u0119 czasu ponownego wyka\u0144czania,<\/li>\n<\/ul>\n<ul>\n<li>dzia\u0142a delikatnie, redukuj\u0105c zm\u0119czenie operatora,<\/li>\n<\/ul>\n<ul>\n<li>pracuje znacznie ciszej w por\u00f3wnaniu ze \u015bciernicami korundowymi,<\/li>\n<\/ul>\n<ul>\n<li>redukuje czas przej\u015bcia przez szybsz\u0105 zmian\u0119 dysk\u00f3w,<\/li>\n<\/ul>\n<ul>\n<li>\u017cywotniejszy dzi\u0119ki ceramicznemu minera\u0142owi Cubitron,<\/li>\n<\/ul>\n<ul>\n<li>szybsze \u015bcieranie w por\u00f3wnaniu z tradycyjnymi produktami korundowymi,<\/li>\n<\/ul>\n<ul>\n<li>redukuje odrzuty polepszaj\u0105c ca\u0142y proces pracy,<\/li>\n<\/ul>\n<ul>\n<li>wygodny do u\u017cycia na ka\u017cdym stanowisku pracy.<\/li>\n<\/ul>\n<p>Wi\u0119cej informacji w katalogu:<a href=\"https:\/\/www.progreskb.pl\/wp-content\/uploads\/2011\/01\/Narzedzia-scierne-do-obrobki-metalu.pdf\"><br \/>\nNarz\u0119dzia \u015bcierne do obr\u00f3bki metalu<\/a><span style=\"color: #cc0000;\"> <\/span><\/p>\n<p><img loading=\"lazy\" decoding=\"async\" class=\"alignleft\" src=\"https:\/\/www.progreskb.pl\/wp-content\/uploads\/2012\/10\/roloc6.jpg\" alt=\"\" width=\"140\" height=\"90\" \/><img loading=\"lazy\" decoding=\"async\" class=\"alignleft\" src=\"https:\/\/www.progreskb.pl\/wp-content\/uploads\/2012\/10\/miniszlifierki2.jpg\" alt=\"\" width=\"140\" height=\"90\" \/><img loading=\"lazy\" decoding=\"async\" class=\"alignleft\" style=\"margin-left: 5px; margin-right: 5px;\" src=\"https:\/\/www.progreskb.pl\/wp-content\/uploads\/2012\/10\/miniszlifierki1.jpg\" alt=\"\" hspace=\"5\" width=\"140\" height=\"90\" \/><\/p>\n","protected":false},"excerpt":{"rendered":"<p>We wszystkich przypadkach, gdzie u\u017cywa si\u0119 szlifierek r\u0119cznych, wyroby 3M pozwalaj\u0105 na nale\u017cyt\u0105 obr\u00f3bk\u0119, a jednocze\u015bnie zapewniaj\u0105 oszcz\u0119dno\u015b\u0107 pieni\u0119dzy, pozwalaj\u0105 na u\u017cycie materia\u0142\u00f3w \u015bciernych o wysokiej jako\u015bci i wykorzystanie element\u00f3w [&hellip;]<\/p>\n","protected":false},"author":1,"featured_media":0,"parent":113,"menu_order":0,"comment_status":"closed","ping_status":"closed","template":"","meta":{"footnotes":""},"class_list":["post-146","page","type-page","status-publish","hentry"],"_links":{"self":[{"href":"https:\/\/www.progreskb.pl\/index.php?rest_route=\/wp\/v2\/pages\/146","targetHints":{"allow":["GET"]}}],"collection":[{"href":"https:\/\/www.progreskb.pl\/index.php?rest_route=\/wp\/v2\/pages"}],"about":[{"href":"https:\/\/www.progreskb.pl\/index.php?rest_route=\/wp\/v2\/types\/page"}],"author":[{"embeddable":true,"href":"https:\/\/www.progreskb.pl\/index.php?rest_route=\/wp\/v2\/users\/1"}],"replies":[{"embeddable":true,"href":"https:\/\/www.progreskb.pl\/index.php?rest_route=%2Fwp%2Fv2%2Fcomments&post=146"}],"version-history":[{"count":17,"href":"https:\/\/www.progreskb.pl\/index.php?rest_route=\/wp\/v2\/pages\/146\/revisions"}],"predecessor-version":[{"id":154,"href":"https:\/\/www.progreskb.pl\/index.php?rest_route=\/wp\/v2\/pages\/146\/revisions\/154"}],"up":[{"embeddable":true,"href":"https:\/\/www.progreskb.pl\/index.php?rest_route=\/wp\/v2\/pages\/113"}],"wp:attachment":[{"href":"https:\/\/www.progreskb.pl\/index.php?rest_route=%2Fwp%2Fv2%2Fmedia&parent=146"}],"curies":[{"name":"wp","href":"https:\/\/api.w.org\/{rel}","templated":true}]}}