{"id":143,"date":"2011-01-31T20:46:03","date_gmt":"2011-01-31T20:46:03","guid":{"rendered":"http:\/\/www.progreskb.pl\/?page_id=143"},"modified":"2012-10-17T15:19:09","modified_gmt":"2012-10-17T13:19:09","slug":"trizact","status":"publish","type":"page","link":"https:\/\/www.progreskb.pl\/?page_id=143","title":{"rendered":"Trizact"},"content":{"rendered":"<h3><img loading=\"lazy\" decoding=\"async\" class=\"alignleft\" style=\"margin-bottom: 105px; margin-right: 15px; border: 0pt none;\" src=\"https:\/\/www.progreskb.pl\/wp-content\/uploads\/2012\/10\/pir1.jpg\" width=\"185\" height=\"277\" \/>Nie ma nic trwalszego od piramid<\/h3>\n<p><strong>Chcesz obni\u017cy\u0107  koszty a jednocze\u015bnie poprawi\u0107 jako\u015b\u0107 i powtarzalno\u015b\u0107 procesu  szlifowania wyka\u0144czaj\u0105cego \u2013 poznaj materia\u0142y strukturalne Trizact.<\/strong><\/p>\n<p><strong>Dlaczego Trizact jest tak wydajny?<\/strong><\/p>\n<p>Strukturalne  materia\u0142y \u015bcierne Trizact zbudowane s\u0105 z powtarzalnych piramidek  precyzyjnie naniesionych metod\u0105 mikroreplikacji. Ka\u017cda piramidka  uformowana jest z du\u017cej ilo\u015bci dok\u0142adnie frakcjonowanego \u015bcierniwa. W  trakcie pracy piramidki \u015bcieraj\u0105 si\u0119, eksponuj\u0105c nowe ziarna, a\u017c do  podstawy piramidy. W efekcie ten materia\u0142 \u015bcierny nowej generacji  pracuje kilka razy d\u0142u\u017cej od tradycyjnych nasypowych<br \/>\n<br \/>\n<strong>Jak zapewni\u0107 jednorodny i powtarzalny efekt szlifowania?<\/strong><\/p>\n<p>W procesie szlifowania wyka\u0144czaj\u0105cego d\u0105\u017cymy do uzyskania jednorodnego efektu na mo\u017cliwie du\u017cej ilo\u015bci element\u00f3w.<\/p>\n<p>Tradycyjne  materia\u0142y nasypowe t\u0119pi\u0105c si\u0119 pozostawiaj\u0105 coraz drobniejsz\u0105 rys\u0119.  Trizact pracuje inaczej: coraz to nowe ziarna eksponowane w miar\u0119  \u015bcierania si\u0119 piramidek odnawiaj\u0105 w\u0142asno\u015bci tn\u0105ce narz\u0119dzia, gwarantuj\u0105c  jednorodne wyko\u0144czenie powierzchni na wielokrotnie wi\u0119kszej liczbie  element\u00f3w.<\/p>\n<p>3M Trizact to bardzo precyzyjne narz\u0119dzie do  szlifowania wyka\u0144czaj\u0105cego powierzchni zar\u00f3wno tytanu, stali  wysokostopowych, jak i metali nie\u017celaznych.<\/p>\n<p><strong>Trizact \u2013 redukuje koszty obr\u00f3bki, poniewa\u017c:<\/strong><\/p>\n<ul>\n<li>zmniejsza     liczb\u0119 operacji szlifowania wyka\u0144czaj\u0105cegoskraca     czas potrzebny na wymian\u0119 pas\u00f3w<\/li>\n<\/ul>\n<ul>\n<li> ogranicza     liczb\u0119 odpad\u00f3w<\/li>\n<\/ul>\n<ul>\n<li> obni\u017ca     wymagany nacisk<\/li>\n<\/ul>\n<ul>\n<li> zmniejsza     wysi\u0142ek szlifierza<\/li>\n<\/ul>\n<ul>\n<li> lepiej     przygotowuje powierzchni\u0119 do kolejnych operacji: polerowania b\u0105d\u017a     galwanizacji<\/li>\n<\/ul>\n<p><span><img loading=\"lazy\" decoding=\"async\" class=\"alignleft\" style=\"margin-right: 15px; border: 0pt none;\" src=\"https:\/\/www.progreskb.pl\/wp-content\/uploads\/2012\/10\/wpe6.gif\" alt=\"\" width=\"314\" height=\"148\" \/><\/span><\/p>\n","protected":false},"excerpt":{"rendered":"<p>Nie ma nic trwalszego od piramid Chcesz obni\u017cy\u0107 koszty a jednocze\u015bnie poprawi\u0107 jako\u015b\u0107 i powtarzalno\u015b\u0107 procesu szlifowania wyka\u0144czaj\u0105cego \u2013 poznaj materia\u0142y strukturalne Trizact. Dlaczego Trizact jest tak wydajny? Strukturalne materia\u0142y [&hellip;]<\/p>\n","protected":false},"author":1,"featured_media":0,"parent":113,"menu_order":0,"comment_status":"closed","ping_status":"closed","template":"","meta":{"footnotes":""},"class_list":["post-143","page","type-page","status-publish","hentry"],"_links":{"self":[{"href":"https:\/\/www.progreskb.pl\/index.php?rest_route=\/wp\/v2\/pages\/143","targetHints":{"allow":["GET"]}}],"collection":[{"href":"https:\/\/www.progreskb.pl\/index.php?rest_route=\/wp\/v2\/pages"}],"about":[{"href":"https:\/\/www.progreskb.pl\/index.php?rest_route=\/wp\/v2\/types\/page"}],"author":[{"embeddable":true,"href":"https:\/\/www.progreskb.pl\/index.php?rest_route=\/wp\/v2\/users\/1"}],"replies":[{"embeddable":true,"href":"https:\/\/www.progreskb.pl\/index.php?rest_route=%2Fwp%2Fv2%2Fcomments&post=143"}],"version-history":[{"count":20,"href":"https:\/\/www.progreskb.pl\/index.php?rest_route=\/wp\/v2\/pages\/143\/revisions"}],"predecessor-version":[{"id":446,"href":"https:\/\/www.progreskb.pl\/index.php?rest_route=\/wp\/v2\/pages\/143\/revisions\/446"}],"up":[{"embeddable":true,"href":"https:\/\/www.progreskb.pl\/index.php?rest_route=\/wp\/v2\/pages\/113"}],"wp:attachment":[{"href":"https:\/\/www.progreskb.pl\/index.php?rest_route=%2Fwp%2Fv2%2Fmedia&parent=143"}],"curies":[{"name":"wp","href":"https:\/\/api.w.org\/{rel}","templated":true}]}}