{"id":141,"date":"2011-01-31T20:45:52","date_gmt":"2011-01-31T20:45:52","guid":{"rendered":"http:\/\/www.progreskb.pl\/?page_id=141"},"modified":"2012-10-17T12:16:34","modified_gmt":"2012-10-17T10:16:34","slug":"pasy-pilniczkowe","status":"publish","type":"page","link":"https:\/\/www.progreskb.pl\/?page_id=141","title":{"rendered":"Pasy bezko\u0144cowe"},"content":{"rendered":"<h3><a href=\"https:\/\/www.progreskb.pl\/wp-content\/uploads\/2011\/01\/pasy.jpg\"><img loading=\"lazy\" decoding=\"async\" class=\"alignleft size-full wp-image-1004\" title=\"pasy\" src=\"https:\/\/www.progreskb.pl\/wp-content\/uploads\/2011\/01\/pasy.jpg\" alt=\"\" width=\"182\" height=\"235\" \/><\/a>Pasy nasypowe z ceramicznym tlenkiem glinu \u2013 CUBITRON II\u2122<\/h3>\n<p>Nowe pasy \u015bcierne 3M\u2122 Cubitron\u2122 II podnios\u0142y poprzeczk\u0119 szlifowania<br \/>\ni wydajno\u015bci dzi\u0119ki prze\u0142omowej technologii, kt\u00f3ra na nowo wyznacza standardy<br \/>\ndla pr\u0119dko\u015bci szlifowania, wytrzyma\u0142o\u015bci pasa i jako\u015bci wyko\u0144czenia powierzchni.<br \/>\n1. \u015arednio do 30% szybsza obr\u00f3bka na trudno skrawalnych metalach, w por\u00f3wnaniu z najlepszym konkurencyjnym pasem z tradycyjnym nasypem.<br \/>\n2. Do 4 razy bardziej wytrzyma\u0142y od konwencjonalnych pas\u00f3w ceramicznych.<br \/>\n3. Dzi\u0119ki zawartemu dodatkowi ch\u0142odz\u0105cemu eliminuje powstawanie ciep\u0142a redukuj\u0105c nadmierne przegrzewanie detalu.<\/p>\n<h3>Pasy nasypowe z ceramicznym tlenkiem glinu \u2013 CUBITRON\u2122<\/h3>\n<p>1. Minera\u0142 \u015bcierny o udarno\u015bci przewy\u017cszaj\u0105cej cyrkon (elektrokorund cyrkonowy<br \/>\n2. Ziarna kubitronowe s\u0105 niezwykle ostre przez ca\u0142y czas obr\u00f3bki<br \/>\n3. Nawet pod du\u017cymi naciskami ilo\u015b\u0107 generowanego ciep\u0142a pozostaje pod kontrol\u0105<\/p>\n<h3><a href=\"https:\/\/www.progreskb.pl\/wp-content\/uploads\/2011\/01\/trizact.jpg\"><img loading=\"lazy\" decoding=\"async\" class=\"alignleft size-full wp-image-1011\" title=\"trizact\" src=\"https:\/\/www.progreskb.pl\/wp-content\/uploads\/2011\/01\/trizact.jpg\" alt=\"\" width=\"245\" height=\"254\" srcset=\"https:\/\/www.progreskb.pl\/wp-content\/uploads\/2011\/01\/trizact.jpg 245w, https:\/\/www.progreskb.pl\/wp-content\/uploads\/2011\/01\/trizact-36x36.jpg 36w\" sizes=\"auto, (max-width: 245px) 100vw, 245px\" \/><\/a><\/p>\n<p>\n<br \/>\nStrukturalne materia\u0142y \u015bcierne do szlifowania i obr\u00f3bek wyko\u0144czeniowych \u2013 TRIZACT\u2122<\/h3>\n<p>1. P\u0142\u00f3tno z nasypem strukturalnym &#8211; mikroskopijne piramidki z minera\u0142em \u015bciernym<br \/>\n2. Niezwykle \u017cywotny, nie zapycha si\u0119, nie przegrzewa obrabianej powierzchni, sta\u0142a i powtarzalna jako\u015b\u0107 wyko\u0144czenia<br \/>\n3. Bardzo wydajny &#8211; skr\u00f3cenie czasu obr\u00f3bki dzi\u0119ki redukcji krok\u00f3w obr\u00f3bki \u015bciernej\n<\/p>\n<p><\/br><\/p>\n<h3>W\u0142\u00f3kniny \u015bcierne Scotch Brite\u2122 Surface Conditioning do prac wyko\u0144czeniowych<\/h3>\n<p>1. W\u0142\u00f3knina \u015bcierna z ziarnem \u015bciernym rozmieszczonym w ca\u0142ej obj\u0119to\u015bci<br \/>\n2. A\u017curowa budowa zapewnia doskona\u0142e ch\u0142odzenie, jak r\u00f3wnie\u017c zapobiega zapychaniu si\u0119 narz\u0119dzia<br \/>\n3. Bardzo du\u017ca spr\u0119\u017cysto\u015b\u0107, dzi\u0119ki czemu doskonale dopasowuje si\u0119 do kszta\u0142tu obrabianej powierzchni<br \/>\nW\u0142\u00f3knina Scotch-Brite\u2122 Surface Conditioning \u201ezbrojona\u201d na podk\u0142adzie, z kt\u00f3rej oferowane s\u0105 pasy bezko\u0144cowe i dyski Roloc\u2122<br \/>\n<br \/><\/br><br \/>\nWi\u0119cej informacji w katalogach:<br \/>\n<a href=\"https:\/\/www.progreskb.pl\/wp-content\/uploads\/2011\/01\/Narzedzia-scierne-do-obrobki-metalu.pdf\">Narz\u0119dzia \u015bcierne do obr\u00f3bki metalu<\/a><br \/>\n<a href=\"https:\/\/www.progreskb.pl\/wp-content\/uploads\/2011\/01\/Cubitron-II-pasy-scierne.pdf\">Cubitron II pasy \u015bcierne<\/a><br \/>\n<a href=\"https:\/\/www.progreskb.pl\/wp-content\/uploads\/2011\/01\/pasy-bezkoncowe.pdf\">Bezko\u0144cowe pasy \u015bcierne<\/a><br \/>\n<a href=\"https:\/\/www.progreskb.pl\/wp-content\/uploads\/2011\/01\/Wlokniny-Scotch-Brite-SC.pdf\">W\u0142\u00f3kniny Scotch-Brite SC<\/a><\/p>\n","protected":false},"excerpt":{"rendered":"<p>Pasy nasypowe z ceramicznym tlenkiem glinu \u2013 CUBITRON II\u2122 Nowe pasy \u015bcierne 3M\u2122 Cubitron\u2122 II podnios\u0142y poprzeczk\u0119 szlifowania i wydajno\u015bci dzi\u0119ki prze\u0142omowej technologii, kt\u00f3ra na nowo wyznacza standardy dla pr\u0119dko\u015bci [&hellip;]<\/p>\n","protected":false},"author":1,"featured_media":0,"parent":113,"menu_order":0,"comment_status":"closed","ping_status":"closed","template":"","meta":{"footnotes":""},"class_list":["post-141","page","type-page","status-publish","hentry"],"_links":{"self":[{"href":"https:\/\/www.progreskb.pl\/index.php?rest_route=\/wp\/v2\/pages\/141","targetHints":{"allow":["GET"]}}],"collection":[{"href":"https:\/\/www.progreskb.pl\/index.php?rest_route=\/wp\/v2\/pages"}],"about":[{"href":"https:\/\/www.progreskb.pl\/index.php?rest_route=\/wp\/v2\/types\/page"}],"author":[{"embeddable":true,"href":"https:\/\/www.progreskb.pl\/index.php?rest_route=\/wp\/v2\/users\/1"}],"replies":[{"embeddable":true,"href":"https:\/\/www.progreskb.pl\/index.php?rest_route=%2Fwp%2Fv2%2Fcomments&post=141"}],"version-history":[{"count":18,"href":"https:\/\/www.progreskb.pl\/index.php?rest_route=\/wp\/v2\/pages\/141\/revisions"}],"predecessor-version":[{"id":1001,"href":"https:\/\/www.progreskb.pl\/index.php?rest_route=\/wp\/v2\/pages\/141\/revisions\/1001"}],"up":[{"embeddable":true,"href":"https:\/\/www.progreskb.pl\/index.php?rest_route=\/wp\/v2\/pages\/113"}],"wp:attachment":[{"href":"https:\/\/www.progreskb.pl\/index.php?rest_route=%2Fwp%2Fv2%2Fmedia&parent=141"}],"curies":[{"name":"wp","href":"https:\/\/api.w.org\/{rel}","templated":true}]}}