{"id":139,"date":"2011-01-31T20:45:33","date_gmt":"2011-01-31T20:45:33","guid":{"rendered":"http:\/\/www.progreskb.pl\/?page_id=139"},"modified":"2017-05-25T12:13:47","modified_gmt":"2017-05-25T10:13:47","slug":"tarcze-scierne","status":"publish","type":"page","link":"https:\/\/www.progreskb.pl\/?page_id=139","title":{"rendered":"Tarcze \u015bcierne"},"content":{"rendered":"<p>Ko\u0142a zespolone 3M Scotch-Brite EXL s\u0105 dedykowane <strong>do usuwania zadzior\u00f3w <\/strong>poniewa\u017c  nie pozostawiaj\u0105 fragment\u00f3w nie doczyszczonych, ani te\u017c nie wy\u017c\u0142obi\u0105  nadmiernie obrabianego elementu. Zaokr\u0105glony kszta\u0142t zapewnia lepsze  przyleganie oraz zapobiega nadmiernym napr\u0119\u017ceniom mog\u0105cym prowadzi\u0107 do  p\u0119kni\u0119\u0107.<\/p>\n<p>Zespolone  \u015bciernice i tarcze \u015bcierne EXL s\u0105 wytwarzane przez sprasowanie  nietkanej osnowy, \u017cywicy i ziarna \u015bciernego w celu wytworzenia  \u201csandwich\u2019a\u201d.  Dobieraj\u0105c odpowiednio typ u\u017cywanej osnowy i  rodzaje \u017cywic mo\u017cna nadawa\u0107 zespolonej tarczy \u015bciernej lub \u015bciernicy  r\u00f3\u017cne charakterystyki. Asortyment zespolonych element\u00f3w \u015bciernych EXL  obejmuje elementy o r\u00f3\u017cnych charakterystykach, pocz\u0105wszy od bardzo  elastycznych element\u00f3w \u015bciernych o twardo\u015bci 2 do bardzo twardych  wyrob\u00f3w o twardo\u015bci 8.\u015aciernice s\u0105 przystosowane do pracy z:  szybkoobrotowymi szlifierkami, szlifierkami tarczowymi z wa\u0142kiem  prostym, maszynami z wa\u0142kiem gi\u0119tkim, ma\u0142ymi szlifierkami tarczowymi,  wiertarkami z uchwytami pistoletowymi, szlifierkami sto\u0142owymi i  stojakowymi.<\/p>\n<h2><span style=\"color: #cc0000;\"> <\/span><\/h2>\n<p><img loading=\"lazy\" decoding=\"async\" class=\"alignleft\" style=\"border: 0pt none;\" src=\"https:\/\/www.progreskb.pl\/wp-content\/uploads\/2012\/10\/roloc5.jpg\" border=\"0\" alt=\"\" width=\"165\" height=\"136\" align=\"right\" \/><\/p>\n<p><img loading=\"lazy\" decoding=\"async\" class=\"alignleft\" style=\"margin-bottom: 0px; margin-right: 15px; border: 0pt none;\" src=\"https:\/\/www.progreskb.pl\/wp-content\/uploads\/2012\/10\/roloc7.jpg\" border=\"0\" alt=\"\" width=\"165\" height=\"136\" align=\"left\" \/><img loading=\"lazy\" decoding=\"async\" class=\"alignleft\" style=\"margin-right: 15px; border: 0pt none;\" src=\"https:\/\/www.progreskb.pl\/wp-content\/uploads\/2012\/10\/roloc4.jpg\" border=\"0\" alt=\"\" width=\"165\" height=\"136\" align=\"right\" \/><\/p>\n<div style=\"clear:both\">\n<a href=\"https:\/\/progres.pasaz24.pl\/category\/Tarcze-scierne-EXL-96076?#OfertaProduktowa\" target=\"_blank\" rel=\"nofollow\" title=\"Kup w sklepie internetowym\"><img loading=\"lazy\" decoding=\"async\" class=\"alignright size-full wp-image-1610\" src=\"https:\/\/www.progreskb.pl\/wp-content\/uploads\/2017\/05\/kop-online.png\" alt=\"Kup w sklepie internetowym\" width=\"113\" height=\"35\" \/><\/a>\n<\/div>\n","protected":false},"excerpt":{"rendered":"<p>Ko\u0142a zespolone 3M Scotch-Brite EXL s\u0105 dedykowane do usuwania zadzior\u00f3w poniewa\u017c nie pozostawiaj\u0105 fragment\u00f3w nie doczyszczonych, ani te\u017c nie wy\u017c\u0142obi\u0105 nadmiernie obrabianego elementu. Zaokr\u0105glony kszta\u0142t zapewnia lepsze przyleganie oraz zapobiega [&hellip;]<\/p>\n","protected":false},"author":1,"featured_media":0,"parent":113,"menu_order":0,"comment_status":"closed","ping_status":"closed","template":"","meta":{"footnotes":""},"class_list":["post-139","page","type-page","status-publish","hentry"],"_links":{"self":[{"href":"https:\/\/www.progreskb.pl\/index.php?rest_route=\/wp\/v2\/pages\/139","targetHints":{"allow":["GET"]}}],"collection":[{"href":"https:\/\/www.progreskb.pl\/index.php?rest_route=\/wp\/v2\/pages"}],"about":[{"href":"https:\/\/www.progreskb.pl\/index.php?rest_route=\/wp\/v2\/types\/page"}],"author":[{"embeddable":true,"href":"https:\/\/www.progreskb.pl\/index.php?rest_route=\/wp\/v2\/users\/1"}],"replies":[{"embeddable":true,"href":"https:\/\/www.progreskb.pl\/index.php?rest_route=%2Fwp%2Fv2%2Fcomments&post=139"}],"version-history":[{"count":21,"href":"https:\/\/www.progreskb.pl\/index.php?rest_route=\/wp\/v2\/pages\/139\/revisions"}],"predecessor-version":[{"id":1634,"href":"https:\/\/www.progreskb.pl\/index.php?rest_route=\/wp\/v2\/pages\/139\/revisions\/1634"}],"up":[{"embeddable":true,"href":"https:\/\/www.progreskb.pl\/index.php?rest_route=\/wp\/v2\/pages\/113"}],"wp:attachment":[{"href":"https:\/\/www.progreskb.pl\/index.php?rest_route=%2Fwp%2Fv2%2Fmedia&parent=139"}],"curies":[{"name":"wp","href":"https:\/\/api.w.org\/{rel}","templated":true}]}}