{"id":137,"date":"2011-01-31T20:45:05","date_gmt":"2011-01-31T20:45:05","guid":{"rendered":"http:\/\/www.progreskb.pl\/?page_id=137"},"modified":"2017-05-25T11:40:47","modified_gmt":"2017-05-25T09:40:47","slug":"dyski-fibrowe","status":"publish","type":"page","link":"https:\/\/www.progreskb.pl\/?page_id=137","title":{"rendered":"Dyski fibrowe"},"content":{"rendered":"<div style=\"clear: both;\"><img loading=\"lazy\" decoding=\"async\" class=\"alignleft size-thumbnail wp-image-984\" title=\"785c\" src=\"https:\/\/www.progreskb.pl\/wp-content\/uploads\/2011\/01\/785c-150x150.jpg\" alt=\"\" width=\"150\" height=\"150\" srcset=\"https:\/\/www.progreskb.pl\/wp-content\/uploads\/2011\/01\/785c-150x150.jpg 150w, https:\/\/www.progreskb.pl\/wp-content\/uploads\/2011\/01\/785c-300x300.jpg 300w, https:\/\/www.progreskb.pl\/wp-content\/uploads\/2011\/01\/785c-36x36.jpg 36w, https:\/\/www.progreskb.pl\/wp-content\/uploads\/2011\/01\/785c-115x115.jpg 115w, https:\/\/www.progreskb.pl\/wp-content\/uploads\/2011\/01\/785c.jpg 800w\" sizes=\"auto, (max-width: 150px) 100vw, 150px\" \/><\/p>\n<h3>3M Cubitron\u2122 Kr\u0105\u017cki fibrowe 785C<\/h3>\n<p>Dyski 3M 785C maj\u0105 nasyp z ceramicznego tlenku glinu \u2013 Cubitron na podk\u0142adzie z twardej fibry ze specjalnym dodatkiem ch\u0142odz\u0105cym.<br \/>\nZalecane s\u0105 do obr\u00f3bki stali nierdzewnej i stop\u00f3w metali nie\u017celaznych.<\/p>\n<\/div>\n<div style=\"clear: both;\"><a href=\"https:\/\/www.progreskb.pl\/wp-content\/uploads\/2011\/01\/985c.jpg\"><img loading=\"lazy\" decoding=\"async\" class=\"size-thumbnail wp-image-987 alignleft\" title=\"985c\" src=\"https:\/\/www.progreskb.pl\/wp-content\/uploads\/2011\/01\/985c-150x150.jpg\" alt=\"\" width=\"150\" height=\"150\" srcset=\"https:\/\/www.progreskb.pl\/wp-content\/uploads\/2011\/01\/985c-150x150.jpg 150w, https:\/\/www.progreskb.pl\/wp-content\/uploads\/2011\/01\/985c-300x300.jpg 300w, https:\/\/www.progreskb.pl\/wp-content\/uploads\/2011\/01\/985c-36x36.jpg 36w, https:\/\/www.progreskb.pl\/wp-content\/uploads\/2011\/01\/985c-115x115.jpg 115w, https:\/\/www.progreskb.pl\/wp-content\/uploads\/2011\/01\/985c.jpg 800w\" sizes=\"auto, (max-width: 150px) 100vw, 150px\" \/><\/a><\/p>\n<h3>3M Cubitron\u2122 Kr\u0105\u017cki fibrowe 985C<\/h3>\n<p>Dyski fibrowe do stali nierdzewnej &#8211; posiadaj\u0105 nasyp ze specjalnym dodatkiem ch\u0142odz\u0105cym z ceramicznego tlenku &#8211; Cubitron na podk\u0142adzie z twardej fibry.<br \/>\nAplikacje: szlifowanie spoin. Zaleca si\u0119 u\u017cywanie dysk\u00f3w fibrowych wraz z podk\u0142adk\u0105 do dysk\u00f3w fibrowych 3M.<\/p>\n<\/div>\n<div style=\"clear: both;\"><a href=\"https:\/\/www.progreskb.pl\/wp-content\/uploads\/2011\/01\/501c.jpg\"><img loading=\"lazy\" decoding=\"async\" class=\"alignleft size-thumbnail wp-image-992\" title=\"501c\" src=\"https:\/\/www.progreskb.pl\/wp-content\/uploads\/2011\/01\/501c-150x150.jpg\" alt=\"\" width=\"150\" height=\"150\" srcset=\"https:\/\/www.progreskb.pl\/wp-content\/uploads\/2011\/01\/501c-150x150.jpg 150w, https:\/\/www.progreskb.pl\/wp-content\/uploads\/2011\/01\/501c-300x300.jpg 300w, https:\/\/www.progreskb.pl\/wp-content\/uploads\/2011\/01\/501c-36x36.jpg 36w, https:\/\/www.progreskb.pl\/wp-content\/uploads\/2011\/01\/501c-115x115.jpg 115w, https:\/\/www.progreskb.pl\/wp-content\/uploads\/2011\/01\/501c.jpg 800w\" sizes=\"auto, (max-width: 150px) 100vw, 150px\" \/><\/a><\/p>\n<h3>3M Kr\u0105\u017cki fibrowe 501C<\/h3>\n<p>Dyski 3M 501C do og\u00f3lnego zastosowania z nasypem cyrkonowym. Zalecane s\u0105 do szlifowania i zacierania \u015blad\u00f3w po\u0142\u0105cze\u0144.<br \/>\nDyski zalecane do obr\u00f3bki stali konstrukcyjnej i nierdzewnej oraz metali nie\u017celaznych.<\/p>\n<\/div>\n<div style=\"clear: both;\"><a href=\"https:\/\/www.progreskb.pl\/wp-content\/uploads\/2011\/01\/982c.jpg\"><img loading=\"lazy\" decoding=\"async\" class=\"alignleft size-thumbnail wp-image-993\" title=\"982c\" src=\"https:\/\/www.progreskb.pl\/wp-content\/uploads\/2011\/01\/982c-150x150.jpg\" alt=\"\" width=\"150\" height=\"150\" srcset=\"https:\/\/www.progreskb.pl\/wp-content\/uploads\/2011\/01\/982c-150x150.jpg 150w, https:\/\/www.progreskb.pl\/wp-content\/uploads\/2011\/01\/982c-300x300.jpg 300w, https:\/\/www.progreskb.pl\/wp-content\/uploads\/2011\/01\/982c-36x36.jpg 36w, https:\/\/www.progreskb.pl\/wp-content\/uploads\/2011\/01\/982c-115x115.jpg 115w, https:\/\/www.progreskb.pl\/wp-content\/uploads\/2011\/01\/982c.jpg 800w\" sizes=\"auto, (max-width: 150px) 100vw, 150px\" \/><\/a><\/p>\n<h3>3M Cubitron II Kr\u0105\u017cki fibrowe 982C<\/h3>\n<p>Dyski fibrowe do badzo wydajnego szlifowania. Dyski 982C CUBITRON II wykonano z zastosowaniem rewolucyjnej technologii precyzyjnego kszta\u0142towania ziaren \u015bciernych. Tak wykonane ziarna s\u0105 ostre, zu\u017cywaj\u0105 si\u0119 bardzo r\u00f3wnomiernie, przez co pracuj\u0105 precyzyjnie i nie przegrzewaj\u0105 obrabianej powierzchni.<\/p>\n<\/div>\n<div style=\"clear: both;\"><a href=\"https:\/\/www.progreskb.pl\/wp-content\/uploads\/2011\/01\/987c.jpg\"><img loading=\"lazy\" decoding=\"async\" class=\"alignleft size-thumbnail wp-image-994\" title=\"987c\" src=\"https:\/\/www.progreskb.pl\/wp-content\/uploads\/2011\/01\/987c-150x150.jpg\" alt=\"\" width=\"150\" height=\"150\" srcset=\"https:\/\/www.progreskb.pl\/wp-content\/uploads\/2011\/01\/987c-150x150.jpg 150w, https:\/\/www.progreskb.pl\/wp-content\/uploads\/2011\/01\/987c-300x300.jpg 300w, https:\/\/www.progreskb.pl\/wp-content\/uploads\/2011\/01\/987c-36x36.jpg 36w, https:\/\/www.progreskb.pl\/wp-content\/uploads\/2011\/01\/987c-115x115.jpg 115w, https:\/\/www.progreskb.pl\/wp-content\/uploads\/2011\/01\/987c.jpg 800w\" sizes=\"auto, (max-width: 150px) 100vw, 150px\" \/><\/a><\/p>\n<h3>3M Cubitron II Kr\u0105\u017cki fibrowe 987C<\/h3>\n<p>Dyski fibrowe 987C Cubitron II: Najlepszy spos\u00f3b na zwi\u0119kszenie wydajno\u015bci.<br \/>\nJe\u015bli pracujesz na materia\u0142ach wra\u017cliwych na ciep\u0142o jak np. stal nierdzewna, z pewno\u015bci\u0105 docenisz spos\u00f3b pracy dysk\u00f3w fibrowych 987C, kt\u00f3re szlifuj\u0105 szybciej bez potrzeby nacisku i wykazuj\u0105 d\u0142u\u017csz\u0105 \u017cywotno\u015b\u0107 w por\u00f3wnaniu z tradycyjnymi dyskami \u015bciernymi. Wypr\u00f3buj dysk fibrowy 987C i wykonaj wi\u0119cej pracy zu\u017cywaj\u0105c mniej dysk\u00f3w. Nawet do 5 razy bardziej wytrzyma\u0142y.<\/p>\n<\/div>\n<p>&nbsp;<\/p>\n<div style=\"clear: both;\">Wi\u0119cej informacji w katalogach:<br \/>\n<a href=\"https:\/\/www.progreskb.pl\/wp-content\/uploads\/2011\/01\/CUBITRON-II.pdf\">CUBITRON II<\/a><br \/>\n<a href=\"https:\/\/www.progreskb.pl\/wp-content\/uploads\/2011\/01\/Narzedzia-scierne-do-obrobki-metalu.pdf\">Narz\u0119dzia \u015bcierne do obr\u00f3bki metalu<\/a><a href=\"..\/..\/..\/%7Ep.marczyszyn\/progres\/wp-content\/uploads\/2011\/01\/Narz%C4%99dzia-%C5%9Bcierne-do-obr%C3%B3bki-metalu.pdf\"><br \/>\n<\/a><\/p>\n<p><a href=\"https:\/\/progres.pasaz24.pl\/category\/Dyski-fibrowe-96067?#OfertaProduktowa\" target=\"_blank\" rel=\"nofollow\" title=\"Kup w sklepie internetowym\"><img loading=\"lazy\" decoding=\"async\" class=\"alignright size-full wp-image-1610\" src=\"https:\/\/www.progreskb.pl\/wp-content\/uploads\/2017\/05\/kop-online.png\" alt=\"Kup w sklepie internetowym\" width=\"113\" height=\"35\" \/><\/a><\/div>\n","protected":false},"excerpt":{"rendered":"<p>3M Cubitron\u2122 Kr\u0105\u017cki fibrowe 785C Dyski 3M 785C maj\u0105 nasyp z ceramicznego tlenku glinu \u2013 Cubitron na podk\u0142adzie z twardej fibry ze specjalnym dodatkiem ch\u0142odz\u0105cym. Zalecane s\u0105 do obr\u00f3bki stali [&hellip;]<\/p>\n","protected":false},"author":1,"featured_media":0,"parent":113,"menu_order":0,"comment_status":"closed","ping_status":"closed","template":"","meta":{"footnotes":""},"class_list":["post-137","page","type-page","status-publish","hentry"],"_links":{"self":[{"href":"https:\/\/www.progreskb.pl\/index.php?rest_route=\/wp\/v2\/pages\/137","targetHints":{"allow":["GET"]}}],"collection":[{"href":"https:\/\/www.progreskb.pl\/index.php?rest_route=\/wp\/v2\/pages"}],"about":[{"href":"https:\/\/www.progreskb.pl\/index.php?rest_route=\/wp\/v2\/types\/page"}],"author":[{"embeddable":true,"href":"https:\/\/www.progreskb.pl\/index.php?rest_route=\/wp\/v2\/users\/1"}],"replies":[{"embeddable":true,"href":"https:\/\/www.progreskb.pl\/index.php?rest_route=%2Fwp%2Fv2%2Fcomments&post=137"}],"version-history":[{"count":32,"href":"https:\/\/www.progreskb.pl\/index.php?rest_route=\/wp\/v2\/pages\/137\/revisions"}],"predecessor-version":[{"id":1615,"href":"https:\/\/www.progreskb.pl\/index.php?rest_route=\/wp\/v2\/pages\/137\/revisions\/1615"}],"up":[{"embeddable":true,"href":"https:\/\/www.progreskb.pl\/index.php?rest_route=\/wp\/v2\/pages\/113"}],"wp:attachment":[{"href":"https:\/\/www.progreskb.pl\/index.php?rest_route=%2Fwp%2Fv2%2Fmedia&parent=137"}],"curies":[{"name":"wp","href":"https:\/\/api.w.org\/{rel}","templated":true}]}}