{"id":135,"date":"2011-01-31T20:44:45","date_gmt":"2011-01-31T20:44:45","guid":{"rendered":"http:\/\/www.progreskb.pl\/?page_id=135"},"modified":"2017-05-25T12:12:26","modified_gmt":"2017-05-25T10:12:26","slug":"clean-strip","status":"publish","type":"page","link":"https:\/\/www.progreskb.pl\/?page_id=135","title":{"rendered":"Clean &#038; Strip"},"content":{"rendered":"<h4>Najwy\u017csza jako\u015b\u0107 ma teraz kolor fioletowy.<\/h4>\n<p><strong>Firma 3M wynalazca oryginalnego kr\u0105\u017cka z w\u0142\u00f3kniny Clean&amp;Strip, wyprodukowa\u0142a teraz nowy jeszcze lepszy kr\u0105\u017cek Clean &amp; Strip XT w kolorze fioletowym<\/strong><\/p>\n<p><img loading=\"lazy\" decoding=\"async\" class=\"alignleft\" style=\"margin-bottom: 85px; margin-right: 15px; border: 0pt none;\" src=\"https:\/\/www.progreskb.pl\/wp-content\/uploads\/2012\/10\/clean_strip.jpg\" border=\"0\" alt=\"\" width=\"300\" height=\"300\" \/>Nowy kr\u0105\u017cek charakteryzuje si\u0119 znacznie wy\u017csz\u0105       trwa\u0142o\u015bci\u0105 w stosunku do poprzedniej generacji produkt\u00f3w Clean &amp;       Strip.<\/p>\n<p>Dzi\u0119ki silniejszej konstrukcji w\u0142\u00f3kniny fioletowe       kr\u0105\u017cki XT skutecznie opieraj\u0105 si\u0119 zniszczeniom na kraw\u0119dziach, co<\/p>\n<p>znacznie podnosi ich \u017cywotno\u015b\u0107.<\/p>\n<p>Produkty Clean &amp; Strip XT zaprojektowane s\u0105 do oczyszczania spaw\u00f3w na wszelkich elementach oraz usuwania nalot\u00f3w, rdzy       I pow\u0142ok malarskich z powierzchni metalu. Nie zapychaj\u0105 si\u0119, gwarantuj\u0105c sta\u0142\u0105 wydajno\u015b\u0107 przez ca\u0142y czas pracy<\/p>\n<p><strong>Clean       &amp; Strip \u2026&#8230;.teraz tylko fioletowy<\/strong><\/p>\n<li>zmaksymalizowana \u017cywotno\u015b\u0107<\/li>\n<li> zwi\u0119kszona odporno\u015b\u0107 na zniszczenie na kraw\u0119dziach<\/li>\n<li>nie  zapycha si\u0119 &#8211; sta\u0142a wydajno\u015b\u0107<\/li>\n<li>najwy\u017csza efektywno\u015b\u0107 w tej kategorii produkt\u00f3w<\/li>\n<h4><img loading=\"lazy\" decoding=\"async\" class=\"alignleft\" style=\"margin-right: 15px; border: 0pt none;\" src=\"https:\/\/www.progreskb.pl\/wp-content\/uploads\/2012\/10\/clip_image001.jpg\" border=\"0\" alt=\"\" width=\"366\" height=\"217\" \/><\/h4>\n<p><\/br><br \/>\n<br \/><\/br><br \/>\nWi\u0119cej informacji w katalogu:<a href=\"https:\/\/www.progreskb.pl\/wp-content\/uploads\/2011\/01\/Narzedzia-scierne-do-obrobki-metalu.pdf\"><br \/>\nNarz\u0119dzia \u015bcierne do obr\u00f3bki metalu<\/a><\/p>\n<div style=\"clear:both\">\n<a href=\"https:\/\/progres.pasaz24.pl\/category\/Szczotki-Clean-Strip-96075?#OfertaProduktowa\" target=\"_blank\" rel=\"nofollow\" title=\"Kup w sklepie internetowym\"><img loading=\"lazy\" decoding=\"async\" class=\"alignright size-full wp-image-1610\" src=\"https:\/\/www.progreskb.pl\/wp-content\/uploads\/2017\/05\/kop-online.png\" alt=\"Kup w sklepie internetowym\" width=\"113\" height=\"35\" \/><\/a>\n<\/div>\n","protected":false},"excerpt":{"rendered":"<p>Najwy\u017csza jako\u015b\u0107 ma teraz kolor fioletowy. Firma 3M wynalazca oryginalnego kr\u0105\u017cka z w\u0142\u00f3kniny Clean&amp;Strip, wyprodukowa\u0142a teraz nowy jeszcze lepszy kr\u0105\u017cek Clean &amp; Strip XT w kolorze fioletowym Nowy kr\u0105\u017cek charakteryzuje [&hellip;]<\/p>\n","protected":false},"author":1,"featured_media":0,"parent":113,"menu_order":0,"comment_status":"closed","ping_status":"closed","template":"","meta":{"footnotes":""},"class_list":["post-135","page","type-page","status-publish","hentry"],"_links":{"self":[{"href":"https:\/\/www.progreskb.pl\/index.php?rest_route=\/wp\/v2\/pages\/135","targetHints":{"allow":["GET"]}}],"collection":[{"href":"https:\/\/www.progreskb.pl\/index.php?rest_route=\/wp\/v2\/pages"}],"about":[{"href":"https:\/\/www.progreskb.pl\/index.php?rest_route=\/wp\/v2\/types\/page"}],"author":[{"embeddable":true,"href":"https:\/\/www.progreskb.pl\/index.php?rest_route=\/wp\/v2\/users\/1"}],"replies":[{"embeddable":true,"href":"https:\/\/www.progreskb.pl\/index.php?rest_route=%2Fwp%2Fv2%2Fcomments&post=135"}],"version-history":[{"count":42,"href":"https:\/\/www.progreskb.pl\/index.php?rest_route=\/wp\/v2\/pages\/135\/revisions"}],"predecessor-version":[{"id":1632,"href":"https:\/\/www.progreskb.pl\/index.php?rest_route=\/wp\/v2\/pages\/135\/revisions\/1632"}],"up":[{"embeddable":true,"href":"https:\/\/www.progreskb.pl\/index.php?rest_route=\/wp\/v2\/pages\/113"}],"wp:attachment":[{"href":"https:\/\/www.progreskb.pl\/index.php?rest_route=%2Fwp%2Fv2%2Fmedia&parent=135"}],"curies":[{"name":"wp","href":"https:\/\/api.w.org\/{rel}","templated":true}]}}