{"id":127,"date":"2011-01-31T20:42:36","date_gmt":"2011-01-31T20:42:36","guid":{"rendered":"http:\/\/www.progreskb.pl\/?page_id=127"},"modified":"2017-05-25T11:58:43","modified_gmt":"2017-05-25T09:58:43","slug":"hookit-stikit","status":"publish","type":"page","link":"https:\/\/www.progreskb.pl\/?page_id=127","title":{"rendered":"Dyski Hookit"},"content":{"rendered":"<p>Dyski Hookit posiadaj\u0105 system Hookit\u2122, kt\u00f3ry umo\u017cliwia szybkie i precyzyjne mocowanie kr\u0105\u017ck\u00f3w i arkuszy \u015bciernych na podk\u0142adce szlifierki. System otwor\u00f3w dobrany do charakteru pracy zapewnia doskona\u0142e odpylanie i utrzymanie w czysto\u015bci \u015brodowiska pracy. Kr\u0105\u017cki Hookit\u2122 wsp\u00f3\u0142pracuj\u0105 ze szlifierkami oscylacyjnymi i oscylacyjno-obrotowymi. Po\u0142\u0105czenie obrotowego i oscylacyjnego ruchu ziarna \u015bciernego zapewnia uzyskanie najbardziej oczekiwanego obrazu rysy, dok\u0142adne przygotowanie powierzchni pod lakierowanie oraz delikatne matowienie pow\u0142oki lakierniczej.<\/p>\n<p>Cechy charakterystyczne kr\u0105\u017ck\u00f3w Hookit\u2122 : &#8211; wysok\u0105 odporno\u015b\u0107 na rozrywanie (papier F), &#8211; mo\u017cliwo\u015b\u0107 zbierania du\u017cych naddatk\u00f3w (papier F), &#8211; precyzyjne szlifowanie wyka\u0144czaj\u0105ce (papier C, D), &#8211; delikatne matowienie pow\u0142ok lakierniczych (papier A, folia, g\u0105bka), &#8211; ostre i odporne na st\u0119pienie ziarno Cubitron\u2122 pozwalaj\u0105ce na zbieranie du\u017cych naddatk\u00f3w, &#8211; nasyp u\u0142atwiaj\u0105cy odpylanie \u2013 Xodust\u2122, &#8211; pow\u0142oka stearynianowa Fre-Cut\u2122 zapobiegaj\u0105ca przedwczesnemu zapchaniu py\u0142em \u015bciernym, &#8211; pod\u0142o\u017ce foliowe kr\u0105\u017ck\u00f3w drobnoziarnistych zapewniaj\u0105ce wysok\u0105 jako\u015b\u0107 obr\u00f3bki, &#8211; pod\u0142o\u017ce g\u0105bkowe kr\u0105\u017ck\u00f3w Trizact\u2122 zabezpieczaj\u0105ce przed powstawaniem \u201edzikich rys\u201d.<\/p>\n<h3>3M Hookit\u2122 Dysk 618<\/h3>\n<p>Zastosowanie &#8211; szlifowanie mi\u0119dzyoperacyjne cienkich pow\u0142ok lakierniczych.<\/p>\n<h3>3M Hookit\u2122 Dysk 245<\/h3>\n<p>Dyski Hookit 245 maj\u0105 nasyp z tlenku aluminium na podk\u0142adzie z grubego papieru. Posiadaj\u0105 specjaln\u0105 pow\u0142ok\u0119 zapobiegaj\u0105c\u0105 przegrzewaniu si\u0119 materia\u0142u.<br \/>\nDyski te wyst\u0119puj\u0105 w trzech formach: bez otwor\u00f3w, z 6 otworami i z 9 otworami.<br \/>\nS\u0105 bardziej agresywne ni\u017c dyski 3M 255P.<\/p>\n<h3>3M Hookit\u2122 Dysk 255P<\/h3>\n<p>Dyski Hookit 255P maj\u0105 nasyp z tlenku aluminium na podk\u0142adzie z papieru. Posiadaj\u0105 specjaln\u0105 pow\u0142ok\u0119 zapobiegaj\u0105c\u0105 zapychaniu si\u0119 materia\u0142u, co znacz\u0105co przed\u0142u\u017ca ich \u017cywotno\u015b\u0107\u0107.<br \/>\nDyski te wyst\u0119puj\u0105 w trzech formach: bez otwor\u00f3w, z 6 otworami i z 9 otworami.<\/p>\n<h3>3M Hookit\u2122 Dysk 236U<\/h3>\n<p>Dyski Hookit 236U to wielootworowe dyski na rzep.<\/p>\n<p>Korzy\u015bci:<br \/>\n&#8211; wysoki poziom odprowadzanego py\u0142u,<br \/>\n&#8211; po\u0142\u0105czenie zalety wielootworowej podk\u0142adki (150mm) z nowymi dyskami,<br \/>\n&#8211; wysoka wydajno\u015b\u0107 podczas szlifowania,<br \/>\n&#8211; nie wymaga osiowania kr\u0105\u017ck\u00f3w \u015bciernych z otworami podk\u0142adki.<br \/>\n&#8211; dzi\u0119ki ma\u0142ym precyzyjnie wyci\u0119tym laserowo otworom nie nara\u017ca podk\u0142adki na zniszczenie oraz zmniejsz ryzyko powstawania tzw. spr\u0119\u017cynek.<\/p>\n<p>Wi\u0119cej informacji w katalogach:<br \/>\n<a href=\"https:\/\/www.progreskb.pl\/wp-content\/uploads\/2011\/01\/katalog-drewno.pdf\">Narz\u0119dzia \u015bcierne do obr\u00f3bki drewna<\/a><br \/>\n<a href=\"https:\/\/www.progreskb.pl\/wp-content\/uploads\/2011\/01\/Pneumatyczne-szlifierki-oscylacyjne-i-akcesoria.pdf\">Pneumatyczne szlifierki oscylacyjne i akcesoria<\/a><br \/>\n<a href=\"https:\/\/www.progreskb.pl\/wp-content\/uploads\/2011\/01\/Pneumatyczne-szlifierki-oscylacyjne.pdf\">Pneumatyczne szlifierki oscylacyjne<\/a><\/p>\n<p><a href=\"https:\/\/progres.pasaz24.pl\/category\/Dyski-Hookit-96069?#OfertaProduktowa\" target=\"_blank\" rel=\"nofollow\" title=\"Kup w sklepie internetowym\"><img loading=\"lazy\" decoding=\"async\" class=\"alignright size-full wp-image-1610\" src=\"https:\/\/www.progreskb.pl\/wp-content\/uploads\/2017\/05\/kop-online.png\" alt=\"Kup w sklepie internetowym\" width=\"113\" height=\"35\" \/><\/a><\/p>\n","protected":false},"excerpt":{"rendered":"<p>Dyski Hookit posiadaj\u0105 system Hookit\u2122, kt\u00f3ry umo\u017cliwia szybkie i precyzyjne mocowanie kr\u0105\u017ck\u00f3w i arkuszy \u015bciernych na podk\u0142adce szlifierki. System otwor\u00f3w dobrany do charakteru pracy zapewnia doskona\u0142e odpylanie i utrzymanie w [&hellip;]<\/p>\n","protected":false},"author":1,"featured_media":0,"parent":115,"menu_order":0,"comment_status":"closed","ping_status":"closed","template":"","meta":{"footnotes":""},"class_list":["post-127","page","type-page","status-publish","hentry"],"_links":{"self":[{"href":"https:\/\/www.progreskb.pl\/index.php?rest_route=\/wp\/v2\/pages\/127","targetHints":{"allow":["GET"]}}],"collection":[{"href":"https:\/\/www.progreskb.pl\/index.php?rest_route=\/wp\/v2\/pages"}],"about":[{"href":"https:\/\/www.progreskb.pl\/index.php?rest_route=\/wp\/v2\/types\/page"}],"author":[{"embeddable":true,"href":"https:\/\/www.progreskb.pl\/index.php?rest_route=\/wp\/v2\/users\/1"}],"replies":[{"embeddable":true,"href":"https:\/\/www.progreskb.pl\/index.php?rest_route=%2Fwp%2Fv2%2Fcomments&post=127"}],"version-history":[{"count":27,"href":"https:\/\/www.progreskb.pl\/index.php?rest_route=\/wp\/v2\/pages\/127\/revisions"}],"predecessor-version":[{"id":1619,"href":"https:\/\/www.progreskb.pl\/index.php?rest_route=\/wp\/v2\/pages\/127\/revisions\/1619"}],"up":[{"embeddable":true,"href":"https:\/\/www.progreskb.pl\/index.php?rest_route=\/wp\/v2\/pages\/115"}],"wp:attachment":[{"href":"https:\/\/www.progreskb.pl\/index.php?rest_route=%2Fwp%2Fv2%2Fmedia&parent=127"}],"curies":[{"name":"wp","href":"https:\/\/api.w.org\/{rel}","templated":true}]}}