{"id":125,"date":"2011-01-31T20:42:09","date_gmt":"2011-01-31T20:42:09","guid":{"rendered":"http:\/\/www.progreskb.pl\/?page_id=125"},"modified":"2012-10-17T12:04:40","modified_gmt":"2012-10-17T10:04:40","slug":"materialy-mikroscierne","status":"publish","type":"page","link":"https:\/\/www.progreskb.pl\/?page_id=125","title":{"rendered":"Materia\u0142y mikro\u015bcierne"},"content":{"rendered":"<p>Materia\u0142y mikro\u015bcierne produkowane na podk\u0142adach z folii poliestrowej, znajduj\u0105 zastosowanie w przemy\u015ble komputerowym i elektronicznym a tak\u017ce w telekomunikacji gdzie stosowane s\u0105 do wyko\u0144czania ko\u0144c\u00f3wek kabli \u015bwiat\u0142owodowych.<\/p>\n<h4><a href=\"https:\/\/www.progreskb.pl\/wp-content\/uploads\/2011\/01\/mikroscierne.jpg\"><img decoding=\"async\" class=\"alignleft size-full wp-image-937\" title=\"mikro\u015bcierne\" src=\"https:\/\/www.progreskb.pl\/wp-content\/uploads\/2011\/01\/mikroscierne.jpg\" alt=\"\" \/><\/a><span style=\"color: #cc0000;\">System Finesse-it do napraw powierzchni lakierowanych <\/span><\/h4>\n<p>System naprawy powierzchni 3M &#8222;Finesse-it&#8221; s\u0142u\u017cy do usuwania drobnych defekt\u00f3w i \u015blad\u00f3w obr\u00f3bki na lustrzanych powierzchniach oraz eliminuje konieczno\u015b\u0107 nak\u0142adania nowej warstwy lakieru. Strefy wymagaj\u0105ce naprawy s\u0105 szlifowane na mokro przy u\u017cyciu drobnoziarnistych tarcz \u015bciernych. Nast\u0119pnie oszlifowana strefa zostaje wypolerowana tak, aby upodobni\u0142a si\u0119 ona ca\u0142kowicie do pozosta\u0142ej powierzchni.<br \/>\n<br \/><\/br><br \/>\nNa zako\u0144czenie strefa podlegaj\u0105ca naprawie jest polerowana i czyszczona za pomoc\u0105 tkaniny bawe\u0142nianej zwil\u017conej w mieszaninie alkoholu i wody.<\/p>\n<p><img loading=\"lazy\" decoding=\"async\" class=\"alignleft\" style=\"margin-right: 15px; border: 0pt none;\" src=\"https:\/\/www.progreskb.pl\/wp-content\/uploads\/2012\/10\/mikrosc.jpg\" border=\"0\" alt=\"\" hspace=\"3\" width=\"200\" height=\"184\" align=\"right\" \/> Urz\u0105dzenie do szlifowania 3M &#8222;Finesse-it&#8221; jest przeznaczone do obr\u00f3bki wyko\u0144czeniowej powierzchni element\u00f3w lakierowanych na wysoki po\u0142ysk oraz tworzyw sztucznych, takich jak Corian, Surell czy Avonite. Po szlifowaniu za pomoc\u0105 coraz drobniejszych materia\u0142\u00f3w \u015bciernych poleruje si\u0119 powierzchnie stosuj\u0105c zwi\u0105zek polerski 3M &#8222;Finesse-it&#8221; a\u017c do osi\u0105gni\u0119cia wymaganej g\u0142adko\u015bci.<\/p>\n<p>Wi\u0119cej informacji w katalogach:<br \/>\n<a href=\"https:\/\/www.progreskb.pl\/wp-content\/uploads\/2011\/01\/Technologia-polerowania-powlok-lakierniczych.pdf\">Technologia polerowania pow\u0142ok lakierniczych<\/a><br \/>\n<a href=\"https:\/\/www.progreskb.pl\/wp-content\/uploads\/2011\/01\/Finesse-it.pdf\">Finesse-it<\/a>\ufeff<\/p>\n","protected":false},"excerpt":{"rendered":"<p>Materia\u0142y mikro\u015bcierne produkowane na podk\u0142adach z folii poliestrowej, znajduj\u0105 zastosowanie w przemy\u015ble komputerowym i elektronicznym a tak\u017ce w telekomunikacji gdzie stosowane s\u0105 do wyko\u0144czania ko\u0144c\u00f3wek kabli \u015bwiat\u0142owodowych. System Finesse-it do [&hellip;]<\/p>\n","protected":false},"author":1,"featured_media":0,"parent":115,"menu_order":0,"comment_status":"closed","ping_status":"closed","template":"","meta":{"footnotes":""},"class_list":["post-125","page","type-page","status-publish","hentry"],"_links":{"self":[{"href":"https:\/\/www.progreskb.pl\/index.php?rest_route=\/wp\/v2\/pages\/125","targetHints":{"allow":["GET"]}}],"collection":[{"href":"https:\/\/www.progreskb.pl\/index.php?rest_route=\/wp\/v2\/pages"}],"about":[{"href":"https:\/\/www.progreskb.pl\/index.php?rest_route=\/wp\/v2\/types\/page"}],"author":[{"embeddable":true,"href":"https:\/\/www.progreskb.pl\/index.php?rest_route=\/wp\/v2\/users\/1"}],"replies":[{"embeddable":true,"href":"https:\/\/www.progreskb.pl\/index.php?rest_route=%2Fwp%2Fv2%2Fcomments&post=125"}],"version-history":[{"count":22,"href":"https:\/\/www.progreskb.pl\/index.php?rest_route=\/wp\/v2\/pages\/125\/revisions"}],"predecessor-version":[{"id":362,"href":"https:\/\/www.progreskb.pl\/index.php?rest_route=\/wp\/v2\/pages\/125\/revisions\/362"}],"up":[{"embeddable":true,"href":"https:\/\/www.progreskb.pl\/index.php?rest_route=\/wp\/v2\/pages\/115"}],"wp:attachment":[{"href":"https:\/\/www.progreskb.pl\/index.php?rest_route=%2Fwp%2Fv2%2Fmedia&parent=125"}],"curies":[{"name":"wp","href":"https:\/\/api.w.org\/{rel}","templated":true}]}}