{"id":1242,"date":"2011-08-07T19:19:09","date_gmt":"2011-08-07T19:19:09","guid":{"rendered":"http:\/\/www.progreskb.pl\/?page_id=1242"},"modified":"2017-08-04T14:11:20","modified_gmt":"2017-08-04T12:11:20","slug":"scotch-weld%e2%84%a2-preparaty-anaerobowe","status":"publish","type":"page","link":"https:\/\/www.progreskb.pl\/?page_id=1242","title":{"rendered":"Scotch-Weld\u2122 Preparaty aneorobowe"},"content":{"rendered":"<p><a href=\"https:\/\/www.progreskb.pl\/wp-content\/uploads\/2011\/08\/aneoroby1.jpg\"><img loading=\"lazy\" decoding=\"async\" class=\"alignleft size-full wp-image-1244\" title=\"aneoroby\" src=\"https:\/\/www.progreskb.pl\/wp-content\/uploads\/2011\/08\/aneoroby1.jpg\" alt=\"aneoroby\" width=\"132\" height=\"101\" \/><\/a>Preparaty anaerobowe Scotch-Weld\u2122 s\u0105 powszechne  stosowane w procesach produkcyjnych oraz w utrzymaniu ruchu w zak\u0142adach  przemys\u0142owych. Poszczeg\u00f3lne produkty z tej serii r\u00f3\u017cni\u0105 si\u0119  wytrzyma\u0142o\u015bci\u0105 oraz p\u0142ynno\u015bci\u0105, dzi\u0119ki czemu tworz\u0105 kompleksow\u0105 gam\u0119  preparat\u00f3w do wszystkich zastosowa\u0144 z zakresu blokowania gwint\u00f3w oraz  uszczelniania i blokowania po\u0142\u0105cze\u0144 cylindrycznych oraz powierzchni  p\u0142askich.<\/p>\n<ul>\n<li>Mo\u017cliwo\u015b\u0107 dopasowania produktu do ka\u017cdego zastosowania<\/li>\n<li>Doskona\u0142a odporno\u015b\u0107 na wibracje<\/li>\n<li>Skuteczne uszczelnianie<\/li>\n<li>Ochrona przed korozj\u0105<\/li>\n<li>Odporno\u015b\u0107 na dzia\u0142anie p\u0142yn\u00f3w<\/li>\n<li>Odporno\u015b\u0107 na wysokie temperatury<\/li>\n<li>Brak ryzyka zanieczyszczenia system\u00f3w hydraulicznych i pneumatycznych<\/li>\n<li> \u0141atwa aplikacja r\u0119czna lub z wykorzystaniem automatycznych system\u00f3w dozuj\u0105cych.<\/li>\n<\/ul>\n<p><strong>Blokowanie po\u0142\u0105cze\u0144 gwintowych &#8211; seria TL<\/strong><\/p>\n<ul>\n<li>Wype\u0142nienie szczelin w po\u0142\u0105czeniu gwintowym zapobiegaj\u0105ce luzowaniu si\u0119 \u015brub pod wp\u0142ywem wibracji<\/li>\n<li>Uszczelnienie i zapobieganie korozji<\/li>\n<li>Zmniejszenie masy i obni\u017cenie koszt\u00f3w dzi\u0119ki zast\u0105pieniu  tradycyjnych metod (jak np. podk\u0142adki spr\u0119\u017cyste lub rade\u0142kowane,  zawleczki)<\/li>\n<li>\u0141atwe w stosowaniu.<\/li>\n<\/ul>\n<p><strong>Blokowanie po\u0142\u0105cze\u0144 cylindrycznych &#8211; seria RT<\/strong><\/p>\n<ul>\n<li>Do monta\u017cu element\u00f3w takich jak: \u0142o\u017cyska, ko\u0142a z\u0119bate, wa\u0142y, tuleje, ko\u0142a pasowe, wirniki wk\u0142adki cylindryczne<\/li>\n<li>Poprawa charakterystki dopuszczalnych obci\u0105\u017ce\u0144 po\u0142\u0105cze\u0144 cylindrycznych<\/li>\n<li>Redukcja napr\u0119\u017ce\u0144<\/li>\n<li>Redukcja dodatkowej obr\u00f3bki powierzchni<\/li>\n<li>Zast\u0105pienie tradycyjnych, dro\u017cszych metod zabezpieczania po\u0142\u0105cze\u0144 cylindrycznych.<\/li>\n<\/ul>\n<p><strong>Uszczelnianie powierzchni p\u0142askich &#8211; seria GM<\/strong><\/p>\n<ul>\n<li>Zmniejszenie masy i obni\u017cenie koszt\u00f3w dzi\u0119ki zast\u0105pieniu tradycyjnych uszczelek mechanicznych<\/li>\n<li>Polepsza uszczelnienie i zapewnia dodatkow\u0105 wytrzyma\u0142o\u015b\u0107 po\u0142\u0105czenia<\/li>\n<li>Do uszczelniania po\u0142\u0105cze\u0144 pokryw i obud\u00f3w w pompach wody, oleju i paliwa, silnikach elektrycznych, spr\u0119\u017carkach, itp<\/li>\n<li>Nie kurczy si\u0119 i nie p\u0119ka<\/li>\n<li>Nie sp\u0142ywa i nie wycieka<\/li>\n<li>Wype\u0142nia nier\u00f3wno\u015bci powierzchni, redukuj\u0105c koszty dodatkowej obr\u00f3bki powierzchni.<\/li>\n<\/ul>\n<p><strong>Uszczelnianie i blokowanie gwint\u00f3w rurowych &#8211; seria PS i HP<\/strong><\/p>\n<ul>\n<li>Stosowane zamiast ta\u015bm teflonowych lub paku\u0142<\/li>\n<li>Nie ma ryzyka dostania si\u0119 resztek materia\u0142u uszczelniaj\u0105cego do instalacji<\/li>\n<li>Nieutwadzony produkt rozprasza si\u0119 w instalacji bez skutk\u00f3w ubocznych<\/li>\n<li>Nie zawiera rozpuszczalnik\u00f3w<\/li>\n<li>Zapewnia natychmiastow\u0105 szczelno\u015b\u0107 z\u0142\u0105cza (przy niskim ci\u015bnieniu)<\/li>\n<li>\u0141atwe roz\u0142\u0105czenie nawet po d\u0142u\u017cszym czasie.<\/li>\n<\/ul>\n<div><a target=\"_blank\" title=\"Katalog klej\u00f3w 3M\" href=\"http:\/\/progres.katalogklejow3m.pl\/\" rel=\"nofollow\">Katalog klej\u00f3w 3M<\/a><\/div>\n","protected":false},"excerpt":{"rendered":"<p>Preparaty anaerobowe Scotch-Weld\u2122 s\u0105 powszechne stosowane w procesach produkcyjnych oraz w utrzymaniu ruchu w zak\u0142adach przemys\u0142owych. Poszczeg\u00f3lne produkty z tej serii r\u00f3\u017cni\u0105 si\u0119 wytrzyma\u0142o\u015bci\u0105 oraz p\u0142ynno\u015bci\u0105, dzi\u0119ki czemu tworz\u0105 kompleksow\u0105 [&hellip;]<\/p>\n","protected":false},"author":1,"featured_media":0,"parent":35,"menu_order":0,"comment_status":"closed","ping_status":"closed","template":"","meta":{"footnotes":""},"class_list":["post-1242","page","type-page","status-publish","hentry"],"_links":{"self":[{"href":"https:\/\/www.progreskb.pl\/index.php?rest_route=\/wp\/v2\/pages\/1242","targetHints":{"allow":["GET"]}}],"collection":[{"href":"https:\/\/www.progreskb.pl\/index.php?rest_route=\/wp\/v2\/pages"}],"about":[{"href":"https:\/\/www.progreskb.pl\/index.php?rest_route=\/wp\/v2\/types\/page"}],"author":[{"embeddable":true,"href":"https:\/\/www.progreskb.pl\/index.php?rest_route=\/wp\/v2\/users\/1"}],"replies":[{"embeddable":true,"href":"https:\/\/www.progreskb.pl\/index.php?rest_route=%2Fwp%2Fv2%2Fcomments&post=1242"}],"version-history":[{"count":9,"href":"https:\/\/www.progreskb.pl\/index.php?rest_route=\/wp\/v2\/pages\/1242\/revisions"}],"predecessor-version":[{"id":1679,"href":"https:\/\/www.progreskb.pl\/index.php?rest_route=\/wp\/v2\/pages\/1242\/revisions\/1679"}],"up":[{"embeddable":true,"href":"https:\/\/www.progreskb.pl\/index.php?rest_route=\/wp\/v2\/pages\/35"}],"wp:attachment":[{"href":"https:\/\/www.progreskb.pl\/index.php?rest_route=%2Fwp%2Fv2%2Fmedia&parent=1242"}],"curies":[{"name":"wp","href":"https:\/\/api.w.org\/{rel}","templated":true}]}}