{"id":123,"date":"2011-01-31T20:41:43","date_gmt":"2011-01-31T20:41:43","guid":{"rendered":"http:\/\/www.progreskb.pl\/?page_id=123"},"modified":"2017-05-25T12:09:24","modified_gmt":"2017-05-25T10:09:24","slug":"wlokniny-scierne","status":"publish","type":"page","link":"https:\/\/www.progreskb.pl\/?page_id=123","title":{"rendered":"W\u0142\u00f3kniny \u015bcierne"},"content":{"rendered":"<p><img loading=\"lazy\" decoding=\"async\" class=\" alignleft\" style=\"margin-right: 15px; margin-bottom: 25px;\" src=\"https:\/\/www.progreskb.pl\/wp-content\/uploads\/2012\/10\/scotch_brite1.jpg\" border=\"0\" alt=\"\" width=\"150\" height=\"125\" align=\"left\" \/><\/p>\n<p>Arkusze 3M <strong>Scotch-Brite<\/strong> stanowi\u0105 alternatyw\u0119 zar\u00f3wno pod wzgl\u0119dem koszt\u00f3w jak i efektywno\u015bci dla tradycyjnych materia\u0142\u00f3w takich jak szczotki, we\u0142ny stalowe, skrobaki, zdzieraki, g\u0105bki i papiery do obr\u00f3bki r\u0119cznej oraz rozpuszczalniki.<\/p>\n<p>Podstawowe cechy to:<\/p>\n<p>&#8211; elastyczno\u015b\u0107<\/p>\n<p>&#8211; agresywnie \u015bcieraj\u0105<\/p>\n<p><img loading=\"lazy\" decoding=\"async\" class=\"alignleft\" style=\"border: 0pt none;\" src=\"https:\/\/www.progreskb.pl\/wp-content\/uploads\/2012\/10\/roloc6.jpg\" border=\"0\" alt=\"\" width=\"165\" height=\"136\" align=\"right\" \/><\/p>\n<p>&#8211; gwarantuj\u0105 idealne wyko\u0144czenie<\/p>\n<p>&#8211; mog\u0105 by\u0107 zwijane, zginane, sk\u0142adane, rozrywane<\/p>\n<p><!--msthemelist--> W przeciwie\u0144stwie do tradycyjnych nasypowych materia\u0142\u00f3w \u015bciernych materia\u0142 Scotch-Brite nie powoduje powstawania <strong>zadzior\u00f3w<\/strong>, pozostawia powierzchni\u0119 g\u0142adk\u0105 i eliminuje powstawanie <strong>ostrych, niebezpiecznych kraw\u0119dzi<\/strong>. Jednocze\u015bnie zapewnia swobodny przep\u0142yw powietrza w czasie ca\u0142ego procesu, dzi\u0119ki czemu podczas operacji szlifowania nast\u0119puje ch\u0142odzenie, co przeciwdzia\u0142a odkszta\u0142caniu i przebarwianiu obrabianego materia\u0142u.<\/p>\n<p><img loading=\"lazy\" decoding=\"async\" class=\"alignleft\" style=\"margin-bottom: 35px; margin-right: 15px; border: 0pt none;\" src=\"https:\/\/www.progreskb.pl\/wp-content\/uploads\/2012\/10\/brite3.jpg\" border=\"0\" alt=\"\" width=\"150\" height=\"125\" align=\"right\" \/><\/p>\n<p>W odr\u00f3\u017cnieniu od we\u0142ny stalowej arkusze<strong> Multi-Flex<\/strong> nie pozostawiaj\u0105 \u017cadnych w\u0142\u00f3kien na obrabianej powierzchni. Mo\u017cna je \u0142atwo przerywa\u0107, sk\u0142ada\u0107, fa\u0142dowa\u0107, zgina\u0107 czy zwija\u0107 dostosowuj\u0105c w ten<\/p>\n<p>spos\u00f3b do kszta\u0142tu wymaganego przez u\u017cytkownika, nawet do najbardziej zawi\u0142ych profili. Arkusze Multi-Flex s\u0105 idealnym rozwi\u0105zaniem dla prac<\/p>\n<p>zwi\u0105zanych zar\u00f3wno z obr\u00f3bk\u0105 drewna jak i metalu. Nadaj\u0105 si\u0119 do czyszczenia, usuwania warstwy tlenkowej po spawaniu, rdzy i zgrzelin oraz do ostatecznego wyka\u0144czania r\u00f3\u017cnych metali.<\/p>\n<p><img loading=\"lazy\" decoding=\"async\" class=\"alignleft\" style=\"margin-right: 15px; border: 0pt none;\" src=\"https:\/\/www.progreskb.pl\/wp-content\/uploads\/2012\/10\/multiflex1.jpg\" border=\"0\" alt=\"\" width=\"155\" height=\"136\" align=\"left\" \/><\/p>\n<p>Wi\u0119cej informacji w katalogach:<br \/>\n<a href=\"https:\/\/www.progreskb.pl\/wp-content\/uploads\/2011\/01\/katalog-drewno.pdf\">Narz\u0119dzia \u015bcierne do obr\u00f3bki drewna<\/a><br \/>\n<a href=\"https:\/\/www.progreskb.pl\/wp-content\/uploads\/2011\/01\/Narzedzia-scierne-do-recznej-obrobki-drewna.pdf\">Narz\u0119dzia \u015bcierne do r\u0119cznej obr\u00f3bki drewna<\/a><\/p>\n<p><a href=\"https:\/\/progres.pasaz24.pl\/category\/Wlokniny-Scierne-96074?#OfertaProduktowa\" target=\"_blank\" rel=\"nofollow\" title=\"Kup w sklepie internetowym\"><img loading=\"lazy\" decoding=\"async\" class=\"alignright size-full wp-image-1610\" src=\"https:\/\/www.progreskb.pl\/wp-content\/uploads\/2017\/05\/kop-online.png\" alt=\"Kup w sklepie internetowym\" width=\"113\" height=\"35\" \/><\/a><\/p>\n","protected":false},"excerpt":{"rendered":"<p>Arkusze 3M Scotch-Brite stanowi\u0105 alternatyw\u0119 zar\u00f3wno pod wzgl\u0119dem koszt\u00f3w jak i efektywno\u015bci dla tradycyjnych materia\u0142\u00f3w takich jak szczotki, we\u0142ny stalowe, skrobaki, zdzieraki, g\u0105bki i papiery do obr\u00f3bki r\u0119cznej oraz rozpuszczalniki. [&hellip;]<\/p>\n","protected":false},"author":1,"featured_media":0,"parent":115,"menu_order":0,"comment_status":"closed","ping_status":"closed","template":"","meta":{"footnotes":""},"class_list":["post-123","page","type-page","status-publish","hentry"],"_links":{"self":[{"href":"https:\/\/www.progreskb.pl\/index.php?rest_route=\/wp\/v2\/pages\/123","targetHints":{"allow":["GET"]}}],"collection":[{"href":"https:\/\/www.progreskb.pl\/index.php?rest_route=\/wp\/v2\/pages"}],"about":[{"href":"https:\/\/www.progreskb.pl\/index.php?rest_route=\/wp\/v2\/types\/page"}],"author":[{"embeddable":true,"href":"https:\/\/www.progreskb.pl\/index.php?rest_route=\/wp\/v2\/users\/1"}],"replies":[{"embeddable":true,"href":"https:\/\/www.progreskb.pl\/index.php?rest_route=%2Fwp%2Fv2%2Fcomments&post=123"}],"version-history":[{"count":33,"href":"https:\/\/www.progreskb.pl\/index.php?rest_route=\/wp\/v2\/pages\/123\/revisions"}],"predecessor-version":[{"id":1628,"href":"https:\/\/www.progreskb.pl\/index.php?rest_route=\/wp\/v2\/pages\/123\/revisions\/1628"}],"up":[{"embeddable":true,"href":"https:\/\/www.progreskb.pl\/index.php?rest_route=\/wp\/v2\/pages\/115"}],"wp:attachment":[{"href":"https:\/\/www.progreskb.pl\/index.php?rest_route=%2Fwp%2Fv2%2Fmedia&parent=123"}],"curies":[{"name":"wp","href":"https:\/\/api.w.org\/{rel}","templated":true}]}}