{"id":121,"date":"2011-01-31T20:41:27","date_gmt":"2011-01-31T20:41:27","guid":{"rendered":"http:\/\/www.progreskb.pl\/?page_id=121"},"modified":"2017-05-25T11:59:43","modified_gmt":"2017-05-25T09:59:43","slug":"gabki-scierne","status":"publish","type":"page","link":"https:\/\/www.progreskb.pl\/?page_id=121","title":{"rendered":"G\u0105bki \u015bcierne"},"content":{"rendered":"<p><img loading=\"lazy\" decoding=\"async\" class=\"alignleft\" style=\"margin-right: 25px; border: 0pt none;\" src=\"https:\/\/www.progreskb.pl\/wp-content\/uploads\/2011\/01\/gabki-scierne1.jpg\" border=\"0\" alt=\"\" width=\"180\" height=\"186\" \/><\/p>\n<p>Ko\u0144cow\u0105 obr\u00f3bk\u0105 wymagan\u0105 do uzyskania idealnej powierzchni jest szlifowanie r\u0119czne. Mo\u017cna do tego celu u\u017cy\u0107 g\u0105bek \u015bciernych: standardowych &#8211; pokrytych \u015bcierniwem z <strong>czterech stron<\/strong>, lub elastycznych arkuszy z <strong>nasypem jednostronnym<\/strong>.<\/p>\n<p>G\u0105bki \u015bcierne 3M zbudowane s\u0105 z ziarna \u015bciernego z tlenku glinu naniesionego na elastyczne pod\u0142o\u017ce piankowe o zr\u00f3\u017cnicowanej twardo\u015bci i grubo\u015bci. Zastosowanie elastycznej \u017cywicy podk\u0142adowej zapobiega za\u0142amywaniu materia\u0142u \u015bciernego i wykruszaniu \u015bcierniwa. Konstrukcja g\u0105bki zapewnia precyzyjn\u0105 i bezpieczn\u0105 prac\u0119 dzi\u0119ki ograniczeniu niebezpiecze\u0144stwa tworzenia \u201edzikich rys\u201d.<\/p>\n<p>Wi\u0119cej informacji w katalogach:<br \/>\n<a href=\"https:\/\/www.progreskb.pl\/wp-content\/uploads\/2011\/01\/gabki-scierne.pdf\">G\u0105bki \u015bcierne<\/a><br \/>\n<a href=\"https:\/\/www.progreskb.pl\/wp-content\/uploads\/2011\/01\/katalog-drewno.pdf\">Narz\u0119dzia \u015bcierne do obr\u00f3bki drewna<\/a><br \/>\n<a href=\"https:\/\/www.progreskb.pl\/wp-content\/uploads\/2011\/01\/Narzedzia-scierne-do-recznej-obrobki-drewna.pdf\">Narz\u0119dzia \u015bcierne do r\u0119cznej obr\u00f3bki drewna<\/a><\/p>\n<p><a href=\"https:\/\/progres.pasaz24.pl\/category\/Gabki-scierne-96070?#OfertaProduktowa\" target=\"_blank\" rel=\"nofollow\" title=\"Kup w sklepie internetowym\"><img loading=\"lazy\" decoding=\"async\" class=\"alignright size-full wp-image-1610\" src=\"https:\/\/www.progreskb.pl\/wp-content\/uploads\/2017\/05\/kop-online.png\" alt=\"Kup w sklepie internetowym\" width=\"113\" height=\"35\" \/><\/a><\/p>\n","protected":false},"excerpt":{"rendered":"<p>Ko\u0144cow\u0105 obr\u00f3bk\u0105 wymagan\u0105 do uzyskania idealnej powierzchni jest szlifowanie r\u0119czne. Mo\u017cna do tego celu u\u017cy\u0107 g\u0105bek \u015bciernych: standardowych &#8211; pokrytych \u015bcierniwem z czterech stron, lub elastycznych arkuszy z nasypem jednostronnym. [&hellip;]<\/p>\n","protected":false},"author":1,"featured_media":0,"parent":115,"menu_order":0,"comment_status":"closed","ping_status":"closed","template":"","meta":{"footnotes":""},"class_list":["post-121","page","type-page","status-publish","hentry"],"_links":{"self":[{"href":"https:\/\/www.progreskb.pl\/index.php?rest_route=\/wp\/v2\/pages\/121","targetHints":{"allow":["GET"]}}],"collection":[{"href":"https:\/\/www.progreskb.pl\/index.php?rest_route=\/wp\/v2\/pages"}],"about":[{"href":"https:\/\/www.progreskb.pl\/index.php?rest_route=\/wp\/v2\/types\/page"}],"author":[{"embeddable":true,"href":"https:\/\/www.progreskb.pl\/index.php?rest_route=\/wp\/v2\/users\/1"}],"replies":[{"embeddable":true,"href":"https:\/\/www.progreskb.pl\/index.php?rest_route=%2Fwp%2Fv2%2Fcomments&post=121"}],"version-history":[{"count":24,"href":"https:\/\/www.progreskb.pl\/index.php?rest_route=\/wp\/v2\/pages\/121\/revisions"}],"predecessor-version":[{"id":1621,"href":"https:\/\/www.progreskb.pl\/index.php?rest_route=\/wp\/v2\/pages\/121\/revisions\/1621"}],"up":[{"embeddable":true,"href":"https:\/\/www.progreskb.pl\/index.php?rest_route=\/wp\/v2\/pages\/115"}],"wp:attachment":[{"href":"https:\/\/www.progreskb.pl\/index.php?rest_route=%2Fwp%2Fv2%2Fmedia&parent=121"}],"curies":[{"name":"wp","href":"https:\/\/api.w.org\/{rel}","templated":true}]}}