{"id":119,"date":"2011-01-31T20:41:08","date_gmt":"2011-01-31T20:41:08","guid":{"rendered":"http:\/\/www.progreskb.pl\/?page_id=119"},"modified":"2017-05-25T12:04:12","modified_gmt":"2017-05-25T10:04:12","slug":"papiery-scierne","status":"publish","type":"page","link":"https:\/\/www.progreskb.pl\/?page_id=119","title":{"rendered":"Papiery \u015bcierne"},"content":{"rendered":"<h2><a href=\"https:\/\/www.progreskb.pl\/wp-content\/uploads\/2012\/10\/szlif6.gif\"><img loading=\"lazy\" decoding=\"async\" class=\"alignleft size-full wp-image-1379\" title=\"szlif6\" src=\"https:\/\/www.progreskb.pl\/wp-content\/uploads\/2012\/10\/szlif6.gif\" alt=\"\" width=\"156\" height=\"141\" \/><\/a><\/h2>\n<p>Firma 3M proponuje materia\u0142y \u015bcierne w postaci arkuszy oraz rolek.  Materia\u0142y z nasypem z tlenku glinu doskonale nadaj\u0105 si\u0119 do obr\u00f3bki  drewna i powierzchni zagruntowanych. Materia\u0142y z nasypem z w\u0119glika krzemu s\u0105 bardziej  agresywne i dlatego stosuje si\u0119 je do obr\u00f3bki twardych lakier\u00f3w.  Charakterystyczn\u0105 cech\u0105 materia\u0142\u00f3w 3M jest pow\u0142oka &#8222;<strong>Free-Cut<\/strong>&#8221; zapobiegaj\u0105ca zapychaniu py\u0142em \u015bciernym.<\/p>\n<p>\ufeffWi\u0119cej informacji w katalogu:<br \/>\n<a href=\"https:\/\/www.progreskb.pl\/wp-content\/uploads\/2011\/01\/Narzedzia-scierne-do-recznej-obrobki-drewna.pdf\">Narz\u0119dzia \u015bcierne do r\u0119cznej obr\u00f3bki drewna<\/a><\/p>\n<p><a href=\"https:\/\/progres.pasaz24.pl\/category\/Papier-scierny-w-rolce-96095?#OfertaProduktowa\" target=\"_blank\" rel=\"nofollow\" title=\"Kup w sklepie internetowym\"><img loading=\"lazy\" decoding=\"async\" class=\"alignright size-full wp-image-1610\" src=\"https:\/\/www.progreskb.pl\/wp-content\/uploads\/2017\/05\/kop-online.png\" alt=\"Kup w sklepie internetowym\" width=\"113\" height=\"35\" \/><\/a><\/p>\n","protected":false},"excerpt":{"rendered":"<p>Firma 3M proponuje materia\u0142y \u015bcierne w postaci arkuszy oraz rolek. Materia\u0142y z nasypem z tlenku glinu doskonale nadaj\u0105 si\u0119 do obr\u00f3bki drewna i powierzchni zagruntowanych. Materia\u0142y z nasypem z w\u0119glika [&hellip;]<\/p>\n","protected":false},"author":1,"featured_media":0,"parent":115,"menu_order":0,"comment_status":"closed","ping_status":"closed","template":"","meta":{"footnotes":""},"class_list":["post-119","page","type-page","status-publish","hentry"],"_links":{"self":[{"href":"https:\/\/www.progreskb.pl\/index.php?rest_route=\/wp\/v2\/pages\/119","targetHints":{"allow":["GET"]}}],"collection":[{"href":"https:\/\/www.progreskb.pl\/index.php?rest_route=\/wp\/v2\/pages"}],"about":[{"href":"https:\/\/www.progreskb.pl\/index.php?rest_route=\/wp\/v2\/types\/page"}],"author":[{"embeddable":true,"href":"https:\/\/www.progreskb.pl\/index.php?rest_route=\/wp\/v2\/users\/1"}],"replies":[{"embeddable":true,"href":"https:\/\/www.progreskb.pl\/index.php?rest_route=%2Fwp%2Fv2%2Fcomments&post=119"}],"version-history":[{"count":15,"href":"https:\/\/www.progreskb.pl\/index.php?rest_route=\/wp\/v2\/pages\/119\/revisions"}],"predecessor-version":[{"id":1624,"href":"https:\/\/www.progreskb.pl\/index.php?rest_route=\/wp\/v2\/pages\/119\/revisions\/1624"}],"up":[{"embeddable":true,"href":"https:\/\/www.progreskb.pl\/index.php?rest_route=\/wp\/v2\/pages\/115"}],"wp:attachment":[{"href":"https:\/\/www.progreskb.pl\/index.php?rest_route=%2Fwp%2Fv2%2Fmedia&parent=119"}],"curies":[{"name":"wp","href":"https:\/\/api.w.org\/{rel}","templated":true}]}}