{"id":115,"date":"2011-01-31T20:39:50","date_gmt":"2011-01-31T20:39:50","guid":{"rendered":"http:\/\/www.progreskb.pl\/?page_id=115"},"modified":"2012-10-17T11:41:27","modified_gmt":"2012-10-17T09:41:27","slug":"do-drewna","status":"publish","type":"page","link":"https:\/\/www.progreskb.pl\/?page_id=115","title":{"rendered":"Do drewna"},"content":{"rendered":"<p><span><span style=\"color: #cc0000;\"> <\/span><\/span><\/p>\n<p><a href=\"https:\/\/www.progreskb.pl\/wp-content\/uploads\/2012\/10\/materialy_do_drewna.jpg\"><img loading=\"lazy\" decoding=\"async\" class=\"size-full wp-image-1377 alignleft\" style=\"margin-right: 25px; border: 0pt none;\"title=\"materialy_do_drewna\" src=\"https:\/\/www.progreskb.pl\/wp-content\/uploads\/2012\/10\/materialy_do_drewna.jpg\" alt=\"Materia\u0142y do Drewna\" width=\"200\" height=\"207\" srcset=\"https:\/\/www.progreskb.pl\/wp-content\/uploads\/2012\/10\/materialy_do_drewna.jpg 200w, https:\/\/www.progreskb.pl\/wp-content\/uploads\/2012\/10\/materialy_do_drewna-36x36.jpg 36w\" sizes=\"auto, (max-width: 200px) 100vw, 200px\" \/><\/a><\/p>\n<ul>\n<li>Papiery \u015bcierne<\/li>\n<\/ul>\n<ul>\n<li>W\u0142\u00f3kniny \u015bcierne<\/li>\n<\/ul>\n<ul>\n<li>G\u0105bki \u015bcierne<\/li>\n<\/ul>\n<ul>\n<li>Materia\u0142y mikro\u015bcierne<\/li>\n<\/ul>\n<ul>\n<li>Dyski Hookit<\/li>\n<\/ul>\n<ul>\n<li>Szlifierki oscylacyjne<\/li>\n<\/ul>\n","protected":false},"excerpt":{"rendered":"<p>Papiery \u015bcierne W\u0142\u00f3kniny \u015bcierne G\u0105bki \u015bcierne Materia\u0142y mikro\u015bcierne Dyski Hookit Szlifierki oscylacyjne<\/p>\n","protected":false},"author":1,"featured_media":0,"parent":23,"menu_order":0,"comment_status":"closed","ping_status":"closed","template":"","meta":{"footnotes":""},"class_list":["post-115","page","type-page","status-publish","hentry"],"_links":{"self":[{"href":"https:\/\/www.progreskb.pl\/index.php?rest_route=\/wp\/v2\/pages\/115","targetHints":{"allow":["GET"]}}],"collection":[{"href":"https:\/\/www.progreskb.pl\/index.php?rest_route=\/wp\/v2\/pages"}],"about":[{"href":"https:\/\/www.progreskb.pl\/index.php?rest_route=\/wp\/v2\/types\/page"}],"author":[{"embeddable":true,"href":"https:\/\/www.progreskb.pl\/index.php?rest_route=\/wp\/v2\/users\/1"}],"replies":[{"embeddable":true,"href":"https:\/\/www.progreskb.pl\/index.php?rest_route=%2Fwp%2Fv2%2Fcomments&post=115"}],"version-history":[{"count":21,"href":"https:\/\/www.progreskb.pl\/index.php?rest_route=\/wp\/v2\/pages\/115\/revisions"}],"predecessor-version":[{"id":465,"href":"https:\/\/www.progreskb.pl\/index.php?rest_route=\/wp\/v2\/pages\/115\/revisions\/465"}],"up":[{"embeddable":true,"href":"https:\/\/www.progreskb.pl\/index.php?rest_route=\/wp\/v2\/pages\/23"}],"wp:attachment":[{"href":"https:\/\/www.progreskb.pl\/index.php?rest_route=%2Fwp%2Fv2%2Fmedia&parent=115"}],"curies":[{"name":"wp","href":"https:\/\/api.w.org\/{rel}","templated":true}]}}