{"id":113,"date":"2011-01-31T20:39:39","date_gmt":"2011-01-31T20:39:39","guid":{"rendered":"http:\/\/www.progreskb.pl\/?page_id=113"},"modified":"2012-10-16T11:12:16","modified_gmt":"2012-10-16T09:12:16","slug":"do-metalu","status":"publish","type":"page","link":"https:\/\/www.progreskb.pl\/?page_id=113","title":{"rendered":"Do metalu"},"content":{"rendered":"<ul>\n<li>Clean &amp; Strip<\/li>\n<\/ul>\n<ul>\n<li> Dyski fibrowe<\/li>\n<\/ul>\n<ul>\n<li> Tarcze \u015bcierne<\/li>\n<\/ul>\n<ul>\n<li> Pasy bezko\u0144cowe<\/li>\n<\/ul>\n<ul>\n<li> Trizact<\/li>\n<\/ul>\n<ul>\n<li>Roloc+<\/li>\n<\/ul>\n<ul>\n<li>Szczotki BB-ZB<\/li>\n<\/ul>\n<ul>\n<li>Produkty Unifam<\/li>\n<\/ul>\n<ul>\n<li>Tarcze GreenCorps<\/li>\n<\/ul>\n<ul>\n<li>Tarcze do ci\u0119cie<\/li>\n<\/ul>\n","protected":false},"excerpt":{"rendered":"<p>Clean &amp; Strip Dyski fibrowe Tarcze \u015bcierne Pasy bezko\u0144cowe Trizact Roloc+ Szczotki BB-ZB Produkty Unifam Tarcze GreenCorps Tarcze do ci\u0119cie<\/p>\n","protected":false},"author":1,"featured_media":0,"parent":23,"menu_order":0,"comment_status":"closed","ping_status":"closed","template":"","meta":{"footnotes":""},"class_list":["post-113","page","type-page","status-publish","hentry"],"_links":{"self":[{"href":"https:\/\/www.progreskb.pl\/index.php?rest_route=\/wp\/v2\/pages\/113","targetHints":{"allow":["GET"]}}],"collection":[{"href":"https:\/\/www.progreskb.pl\/index.php?rest_route=\/wp\/v2\/pages"}],"about":[{"href":"https:\/\/www.progreskb.pl\/index.php?rest_route=\/wp\/v2\/types\/page"}],"author":[{"embeddable":true,"href":"https:\/\/www.progreskb.pl\/index.php?rest_route=\/wp\/v2\/users\/1"}],"replies":[{"embeddable":true,"href":"https:\/\/www.progreskb.pl\/index.php?rest_route=%2Fwp%2Fv2%2Fcomments&post=113"}],"version-history":[{"count":5,"href":"https:\/\/www.progreskb.pl\/index.php?rest_route=\/wp\/v2\/pages\/113\/revisions"}],"predecessor-version":[{"id":477,"href":"https:\/\/www.progreskb.pl\/index.php?rest_route=\/wp\/v2\/pages\/113\/revisions\/477"}],"up":[{"embeddable":true,"href":"https:\/\/www.progreskb.pl\/index.php?rest_route=\/wp\/v2\/pages\/23"}],"wp:attachment":[{"href":"https:\/\/www.progreskb.pl\/index.php?rest_route=%2Fwp%2Fv2%2Fmedia&parent=113"}],"curies":[{"name":"wp","href":"https:\/\/api.w.org\/{rel}","templated":true}]}}