{"id":107,"date":"2011-01-31T20:38:43","date_gmt":"2011-01-31T20:38:43","guid":{"rendered":"http:\/\/www.progreskb.pl\/?page_id=107"},"modified":"2012-04-03T21:49:15","modified_gmt":"2012-04-03T21:49:15","slug":"inne","status":"publish","type":"page","link":"https:\/\/www.progreskb.pl\/?page_id=107","title":{"rendered":"Inne"},"content":{"rendered":"<p>Opr\u00f3cz ta\u015bm przemys\u0142owych dwustronnie klej\u0105cych wymienionych w zestawieniu oferujemy r\u00f3wnie\u017c:<\/p>\n<ul>\n<li> ta\u015bmy dywanowe<\/li>\n<\/ul>\n<ul>\n<li> ta\u015bmy przewodz\u0105ce<\/li>\n<\/ul>\n<ul>\n<li> folie dystansowe specjalistyczne<\/li>\n<\/ul>\n<ul>\n<li> b\u0142ony klejowe aktywizowane na gor\u0105co<\/li>\n<\/ul>\n<ul>\n<li> ta\u015bmy dwustronnie klej\u0105ce usuwalne<\/li>\n<\/ul>\n<ul>\n<li> ta\u015bmy do mocowania klisz fleksograficznych i innych<\/li>\n<\/ul>\n","protected":false},"excerpt":{"rendered":"<p>Opr\u00f3cz ta\u015bm przemys\u0142owych dwustronnie klej\u0105cych wymienionych w zestawieniu oferujemy r\u00f3wnie\u017c: ta\u015bmy dywanowe ta\u015bmy przewodz\u0105ce folie dystansowe specjalistyczne b\u0142ony klejowe aktywizowane na gor\u0105co ta\u015bmy dwustronnie klej\u0105ce usuwalne ta\u015bmy do mocowania klisz [&hellip;]<\/p>\n","protected":false},"author":1,"featured_media":0,"parent":39,"menu_order":0,"comment_status":"closed","ping_status":"closed","template":"","meta":{"footnotes":""},"class_list":["post-107","page","type-page","status-publish","hentry"],"_links":{"self":[{"href":"https:\/\/www.progreskb.pl\/index.php?rest_route=\/wp\/v2\/pages\/107","targetHints":{"allow":["GET"]}}],"collection":[{"href":"https:\/\/www.progreskb.pl\/index.php?rest_route=\/wp\/v2\/pages"}],"about":[{"href":"https:\/\/www.progreskb.pl\/index.php?rest_route=\/wp\/v2\/types\/page"}],"author":[{"embeddable":true,"href":"https:\/\/www.progreskb.pl\/index.php?rest_route=\/wp\/v2\/users\/1"}],"replies":[{"embeddable":true,"href":"https:\/\/www.progreskb.pl\/index.php?rest_route=%2Fwp%2Fv2%2Fcomments&post=107"}],"version-history":[{"count":5,"href":"https:\/\/www.progreskb.pl\/index.php?rest_route=\/wp\/v2\/pages\/107\/revisions"}],"predecessor-version":[{"id":737,"href":"https:\/\/www.progreskb.pl\/index.php?rest_route=\/wp\/v2\/pages\/107\/revisions\/737"}],"up":[{"embeddable":true,"href":"https:\/\/www.progreskb.pl\/index.php?rest_route=\/wp\/v2\/pages\/39"}],"wp:attachment":[{"href":"https:\/\/www.progreskb.pl\/index.php?rest_route=%2Fwp%2Fv2%2Fmedia&parent=107"}],"curies":[{"name":"wp","href":"https:\/\/api.w.org\/{rel}","templated":true}]}}