{"id":105,"date":"2011-01-31T20:38:31","date_gmt":"2011-01-31T20:38:31","guid":{"rendered":"http:\/\/www.progreskb.pl\/?page_id=105"},"modified":"2017-05-25T12:30:31","modified_gmt":"2017-05-25T10:30:31","slug":"transferowe","status":"publish","type":"page","link":"https:\/\/www.progreskb.pl\/?page_id=105","title":{"rendered":"3M\u2122 ATG &#8211; System b\u0142on klejowych"},"content":{"rendered":"<p><span style=\"font-family: Verdana;\"><a href=\"https:\/\/www.progreskb.pl\/wp-content\/uploads\/2011\/01\/ATG1.jpg\"><img loading=\"lazy\" decoding=\"async\" class=\"alignright size-full wp-image-1142\" title=\"ATG\" src=\"https:\/\/www.progreskb.pl\/wp-content\/uploads\/2011\/01\/ATG1.jpg\" alt=\"ATG\" width=\"200\" height=\"203\" srcset=\"https:\/\/www.progreskb.pl\/wp-content\/uploads\/2011\/01\/ATG1.jpg 200w, https:\/\/www.progreskb.pl\/wp-content\/uploads\/2011\/01\/ATG1-36x36.jpg 36w\" sizes=\"auto, (max-width: 200px) 100vw, 200px\" \/><\/a>System Scotch\u2122 ATG to bardzo cienkie ta\u015bmy dwustronnie klej\u0105ce o specjalnej konstrukcji (tzw. b\u0142ony klejowe ATG), przystosowane do nak\u0142adania aplikatorem ATG 700.<\/span><\/p>\n<p><span style=\"font-family: Verdana;\">Po za\u0142o\u017ceniu ta\u015bmy do aplikatowa wystarczy nacisn\u0105\u0107 spust i rozpocz\u0105\u0107 nak\u0142adanie kleju. Warstwa zabezpieczaj\u0105ca klej pozostaje w aplikatorze, pozwalaj\u0105c utrzyma\u0107 porz\u0105dek w miejscu pracy.<\/span><\/p>\n<p><span style=\"font-family: Verdana;\">B\u0142ony klejowe ATG wykonane z kleju akrylowego s\u0105 przeznaczone do klejenia r\u00f3\u017cnorodnych materia\u0142\u00f3w, takich jak drewno, metale, tektura, tkaniny, pianki oraz niekt\u00f3re tworzywa sztuczne. Doskonale sprawdzaj\u0105 si\u0119 przy tzw. l\u017cejszych pracach, jak monta\u017c element\u00f3w wystaw sklepowych, przyklejanie ozdobnych listew wyko\u0144czeniowych lub pr\u00f3bek produkt\u00f3w.<\/span><\/p>\n<p><span style=\"font-family: Verdana;\">Zalety stosowania b\u0142on klejowych przy u\u017cyciu aplikatora ATG 700:<\/span><\/p>\n<ul>\n<li>szybko\u015b\u0107 i \u0142atwo\u015b\u0107 nanoszenia kleju &#8211; wystarczy nacisn\u0105\u0107 spust aplikatora.<\/li>\n<li>estetyka produktu ko\u0144cowego &#8211; klej nie przesi\u0105ka i nie wyp\u0142ywa.<\/li>\n<li>porz\u0105dek w miejscu pracy &#8211; warstwa zabezpieczaj\u0105ca klej pozostaje w aplikatorze.<\/li>\n<li>przezroczysta pokrywa aplikatora umo\u017cliwia sprawdzenie ilo\u015bci pozosta\u0142ej do u\u017cycia ta\u015bmy bez potrzeby otwierania pokrywy.praca z aplikatorem nie jest m\u0119cz\u0105ca &#8211; ma\u0142a masa, lekki spust.<\/li>\n<li>\u017c\u00f3\u0142ty kolor aplikatora jest doskonale widoczny na stanowisku pracy.<\/li>\n<\/ul>\n<p><span style=\"font-family: Verdana;\">Przyk\u0142adowe zastosowania b\u0142on klejowych Scotch\u2122 ATG\u2122:<\/span><\/p>\n<ul>\n<li>w reklamie &#8211; przyklejanie zdj\u0119\u0107, liter, emblemat\u00f3w, plakat\u00f3w.w poligrafii,<\/li>\n<li>introligatorstwie &#8211; klejenie folder\u00f3w, kart okoliczno\u015bciowych, teczek, wzornik\u00f3w.<\/li>\n<li>w produkcji mebli i art. tekstylnych &#8211; przyklejanie listew wyko\u0144czeniowych i ozdobnych, przyklejanie pr\u00f3bek tkanin do wzornik\u00f3w.<\/li>\n<li>w produkcji opakowa\u0144 &#8211; zamykanie ma\u0142ych pude\u0142ek.<\/li>\n<\/ul>\n<p>Wi\u0119cej informacji w katalogu:<br \/>\n<a href=\"https:\/\/www.progreskb.pl\/wp-content\/uploads\/2011\/01\/ATG.pdf\">System b\u0142on klejowych ATG<\/a><\/p>\n<div style=\"clear:both\">\n<a href=\"https:\/\/progres.pasaz24.pl\/category\/Blony-klejowe-ATG-96087?#OfertaProduktowa\" target=\"_blank\" rel=\"nofollow\" title=\"Kup w sklepie internetowym\"><img loading=\"lazy\" decoding=\"async\" class=\"alignright size-full wp-image-1610\" src=\"https:\/\/www.progreskb.pl\/wp-content\/uploads\/2017\/05\/kop-online.png\" alt=\"Kup w sklepie internetowym\" width=\"113\" height=\"35\" \/><\/a>\n<\/div>\n","protected":false},"excerpt":{"rendered":"<p>System Scotch\u2122 ATG to bardzo cienkie ta\u015bmy dwustronnie klej\u0105ce o specjalnej konstrukcji (tzw. b\u0142ony klejowe ATG), przystosowane do nak\u0142adania aplikatorem ATG 700. Po za\u0142o\u017ceniu ta\u015bmy do aplikatowa wystarczy nacisn\u0105\u0107 spust [&hellip;]<\/p>\n","protected":false},"author":1,"featured_media":0,"parent":39,"menu_order":0,"comment_status":"closed","ping_status":"closed","template":"","meta":{"footnotes":""},"class_list":["post-105","page","type-page","status-publish","hentry"],"_links":{"self":[{"href":"https:\/\/www.progreskb.pl\/index.php?rest_route=\/wp\/v2\/pages\/105","targetHints":{"allow":["GET"]}}],"collection":[{"href":"https:\/\/www.progreskb.pl\/index.php?rest_route=\/wp\/v2\/pages"}],"about":[{"href":"https:\/\/www.progreskb.pl\/index.php?rest_route=\/wp\/v2\/types\/page"}],"author":[{"embeddable":true,"href":"https:\/\/www.progreskb.pl\/index.php?rest_route=\/wp\/v2\/users\/1"}],"replies":[{"embeddable":true,"href":"https:\/\/www.progreskb.pl\/index.php?rest_route=%2Fwp%2Fv2%2Fcomments&post=105"}],"version-history":[{"count":34,"href":"https:\/\/www.progreskb.pl\/index.php?rest_route=\/wp\/v2\/pages\/105\/revisions"}],"predecessor-version":[{"id":1654,"href":"https:\/\/www.progreskb.pl\/index.php?rest_route=\/wp\/v2\/pages\/105\/revisions\/1654"}],"up":[{"embeddable":true,"href":"https:\/\/www.progreskb.pl\/index.php?rest_route=\/wp\/v2\/pages\/39"}],"wp:attachment":[{"href":"https:\/\/www.progreskb.pl\/index.php?rest_route=%2Fwp%2Fv2%2Fmedia&parent=105"}],"curies":[{"name":"wp","href":"https:\/\/api.w.org\/{rel}","templated":true}]}}