{"id":103,"date":"2011-01-31T20:38:20","date_gmt":"2011-01-31T20:38:20","guid":{"rendered":"http:\/\/www.progreskb.pl\/?page_id=103"},"modified":"2017-05-25T12:31:13","modified_gmt":"2017-05-25T10:31:13","slug":"z-pianka","status":"publish","type":"page","link":"https:\/\/www.progreskb.pl\/?page_id=103","title":{"rendered":"Piankowe"},"content":{"rendered":"<p><a href=\"https:\/\/www.progreskb.pl\/wp-content\/uploads\/2012\/10\/tasma_piankowa.jpg\"><img loading=\"lazy\" decoding=\"async\" class=\"alignleft size-full wp-image-1123\" title=\"piankowa\" src=\"https:\/\/www.progreskb.pl\/wp-content\/uploads\/2011\/01\/piankowa.jpg\" alt=\"piankowa\" width=\"167\" height=\"192\" srcset=\"https:\/\/www.progreskb.pl\/wp-content\/uploads\/2011\/01\/piankowa.jpg 332w, https:\/\/www.progreskb.pl\/wp-content\/uploads\/2011\/01\/piankowa-261x300.jpg 261w\" sizes=\"auto, (max-width: 167px) 100vw, 167px\" \/><\/a><br \/>\n<br \/>\nTa\u015bmy klej\u0105ce z tworzywa piankowego Scotch Brand sk\u0142adaj\u0105 si\u0119 z warstwy kleju, no\u015bnika z tworzywa piankowego, drugiej warstwy kleju oraz warstwy chroni\u0105cej. Dzi\u0119ki piankowemu no\u015bnikowi ta\u015bmy te s\u0105 wyj\u0105tkowo elastyczne i \u0142atwe w u\u017cyciu. Dobrze si\u0119 przyklejaj\u0105 do nier\u00f3wnej powierzchni i doskonale wype\u0142niaj\u0105 przestrze\u0144. Ta\u015bmy te s\u0105 \u0142atwo wykrawalne, nadaj\u0105 si\u0119 r\u00f3wnie\u017c do uszczelniania.<\/p>\n<p>\n<br \/><\/br><br \/>\n<br \/><\/br><\/p>\n<h3><span style=\"color: #333333;\">Cechy ta\u015bm z no\u015bnikiem piankowym: <\/span><\/h3>\n<ul>\n<li>elastyczno\u015b\u0107<\/li>\n<\/ul>\n<ul>\n<li>t\u0142umienie drga\u0144 i ha\u0142asu<\/li>\n<\/ul>\n<ul>\n<li>odporno\u015b\u0107 na uderzenia<\/li>\n<\/ul>\n<ul>\n<li>dobre w\u0142a\u015bciwo\u015bci izolacyjne<\/li>\n<\/ul>\n<ul>\n<li>termoodporno\u015b\u0107<\/li>\n<\/ul>\n<ul>\n<li>\u0142atwo\u015b\u0107 u\u017cycia<\/li>\n<\/ul>\n<h4><span><span style=\"color: #cc0000;\"><img decoding=\"async\" class=\"alignleft\" style=\"margin-right: 15px; border: 0pt none;\" src=\"https:\/\/www.progreskb.pl\/wp-content\/uploads\/2012\/10\/tasma_piankowa_1.jpg\" alt=\"\" \/><\/span><\/span><\/h4>\n<p>\nDwustronnie klej\u0105ce ta\u015bmy Scotch Brand s\u0105 produkowane z r\u00f3\u017cnymi warstwami klej\u0105cymi (kleje kauczukowe lub akrylowe) i r\u00f3\u017cnym no\u015bnikiem z tworzyw piankowych (no\u015bnik poliuretanowy o otwartych porach, winylowy, polietylenowy, elastomerowy i neoprenowy o zamkni\u0119tych porach).<br \/>\n<br \/><\/br><br \/>\n<br \/><\/br><br \/>\nWi\u0119cej informacji w katalogu:<br \/>\n<a href=\"https:\/\/www.progreskb.pl\/wp-content\/uploads\/2011\/01\/TASMY-PIANKOWE-DWUSTRONNE.pdf\">Ta\u015bmy piankowe dwustronne<\/a><\/p>\n<div style=\"clear:both\">\n<a href=\"https:\/\/progres.pasaz24.pl\/category\/Tasmy-piankowe-96088?#OfertaProduktowa\" target=\"_blank\" rel=\"nofollow\" title=\"Kup w sklepie internetowym\"><img loading=\"lazy\" decoding=\"async\" class=\"alignright size-full wp-image-1610\" src=\"https:\/\/www.progreskb.pl\/wp-content\/uploads\/2017\/05\/kop-online.png\" alt=\"Kup w sklepie internetowym\" width=\"113\" height=\"35\" \/><\/a>\n<\/div>\n","protected":false},"excerpt":{"rendered":"<p>Ta\u015bmy klej\u0105ce z tworzywa piankowego Scotch Brand sk\u0142adaj\u0105 si\u0119 z warstwy kleju, no\u015bnika z tworzywa piankowego, drugiej warstwy kleju oraz warstwy chroni\u0105cej. Dzi\u0119ki piankowemu no\u015bnikowi ta\u015bmy te s\u0105 wyj\u0105tkowo elastyczne [&hellip;]<\/p>\n","protected":false},"author":1,"featured_media":0,"parent":39,"menu_order":0,"comment_status":"closed","ping_status":"closed","template":"","meta":{"footnotes":""},"class_list":["post-103","page","type-page","status-publish","hentry"],"_links":{"self":[{"href":"https:\/\/www.progreskb.pl\/index.php?rest_route=\/wp\/v2\/pages\/103","targetHints":{"allow":["GET"]}}],"collection":[{"href":"https:\/\/www.progreskb.pl\/index.php?rest_route=\/wp\/v2\/pages"}],"about":[{"href":"https:\/\/www.progreskb.pl\/index.php?rest_route=\/wp\/v2\/types\/page"}],"author":[{"embeddable":true,"href":"https:\/\/www.progreskb.pl\/index.php?rest_route=\/wp\/v2\/users\/1"}],"replies":[{"embeddable":true,"href":"https:\/\/www.progreskb.pl\/index.php?rest_route=%2Fwp%2Fv2%2Fcomments&post=103"}],"version-history":[{"count":18,"href":"https:\/\/www.progreskb.pl\/index.php?rest_route=\/wp\/v2\/pages\/103\/revisions"}],"predecessor-version":[{"id":1655,"href":"https:\/\/www.progreskb.pl\/index.php?rest_route=\/wp\/v2\/pages\/103\/revisions\/1655"}],"up":[{"embeddable":true,"href":"https:\/\/www.progreskb.pl\/index.php?rest_route=\/wp\/v2\/pages\/39"}],"wp:attachment":[{"href":"https:\/\/www.progreskb.pl\/index.php?rest_route=%2Fwp%2Fv2%2Fmedia&parent=103"}],"curies":[{"name":"wp","href":"https:\/\/api.w.org\/{rel}","templated":true}]}}