{"id":101,"date":"2011-01-31T20:38:06","date_gmt":"2011-01-31T20:38:06","guid":{"rendered":"http:\/\/www.progreskb.pl\/?page_id=101"},"modified":"2017-05-25T12:27:57","modified_gmt":"2017-05-25T10:27:57","slug":"vhb-i-vhb","status":"publish","type":"page","link":"https:\/\/www.progreskb.pl\/?page_id=101","title":{"rendered":"VHB i VHB+"},"content":{"rendered":"<h3><span style=\"color: #cc0000;\"><img loading=\"lazy\" decoding=\"async\" class=\"alignleft\" style=\"margin-right: 25px; border: 0pt none;\" src=\"https:\/\/www.progreskb.pl\/wp-content\/uploads\/2012\/10\/vhb27.jpg\" alt=\"\" width=\"100\" height=\"160\" \/><span style=\"color: #333333;\">Zastosowanie ta\u015bm 3M VHB:<\/span><\/span><\/h3>\n<ul>\n<li>Transport<\/li>\n<\/ul>\n<ul>\n<li>Elektronika<\/li>\n<\/ul>\n<ul>\n<li>Oznakowanie i szyldy<\/li>\n<\/ul>\n<ul>\n<li>Budownictwo<\/li>\n<\/ul>\n<ul>\n<li>Produkcja wyrob\u00f3w z metali i tworzyw sztucznych<\/li>\n<\/ul>\n<p>Ta\u015bmy VHB\u2122 (Very High Bond) to grupa ta\u015bm dwustronnie klej\u0105cych o du\u017cej sile wi\u0105zania, kt\u00f3re mog\u0105 by\u0107 alternatyw\u0105 dla po\u0142\u0105cze\u0144 mechanicznych, takich jak \u015bruby, nity lub wkr\u0119ty.<\/p>\n<p>Ta\u015bmy VHB powsta\u0142y jako efekt wieloletnich do\u015bwiadcze\u0144 firmy 3M w produkcji klej\u00f3w i ta\u015bm klej\u0105cych. Konstrukcja tych ta\u015bm jest nowatorska, poniewa\u017c, w odr\u00f3\u017cnieniu od typowych piankowych ta\u015bm dwustronnie klej\u0105cych, ich budowa jest bardziej jednorodna. No\u015bnikiem w ta\u015bmach VHB jest spieniony klej akrylowy, dzi\u0119ki czemu po\u0142\u0105czenia uzyskiwane przy pomocy tych ta\u015bm charakteryzuj\u0105 si\u0119 wysok\u0105 wytrzyma\u0142o\u015bci\u0105 mechaniczn\u0105 i odporno\u015bci\u0105 na wiele czynnik\u00f3w zewn\u0119trznych.<\/p>\n<p><img loading=\"lazy\" decoding=\"async\" class=\"alignleft\" style=\"margin-right: 15px; border: 0pt none;\" src=\"https:\/\/www.progreskb.pl\/wp-content\/uploads\/2012\/10\/vhb.gif\" alt=\"\" width=\"200\" height=\"158\" \/>Za pomoc\u0105 ta\u015bm VHB mo\u017cna \u0142\u0105czy\u0107 metale, drewno, szk\u0142o, wiele tworzyw sztucznych, kompozyty. Poszczeg\u00f3lne ta\u015bmy r\u00f3\u017cni\u0105 si\u0119 mi\u0119dzy sob\u0105 wytrzyma\u0142o\u015bci\u0105 na obci\u0105\u017cenia rozrywaj\u0105ce, \u015bcinaj\u0105ce i odrywaj\u0105ce, odporno\u015bci\u0105 na rozpuszczalniki, wilgo\u0107, plastyfikatory, promieniowanie UV itp. parametrami.<\/p>\n<p>Jako uzupe\u0142nienie i rozwini\u0119cie gamy ta\u015bm VHB firma 3M opracowa\u0142a ta\u015bmy VHB+. Modyfikacja polega g\u0142\u00f3wnie na zwi\u0119kszeniu mi\u0119kko\u015bci ta\u015bmy i zastosowaniu kleju o formule zapewniaj\u0105cej odporno\u015b\u0107 na wp\u0142yw substancji zmi\u0119kczaj\u0105cych, zawartych w niekt\u00f3rych tworzywach sztucznych.<\/p>\n<p><font size=\"3\"><b>Ta\u015bmy VHB+<\/font size=\"3\"><\/b>, dzi\u0119ki temu, \u017ce s\u0105 mi\u0119kkie, doskonale \u0142\u0105cz\u0105 nier\u00f3wne powierzchnie o skomplikowanej fakturze. Optymalna si\u0142a po\u0142\u0105czenia osi\u0105gana jest w kr\u00f3tszym czasie, przy mniejszej sile docisku.<br \/>\n<\/p>\n<h4>Ta\u015bmy 3M VHB\u2122RP s\u0105 nowym cz\u0142onkiem rodziny ta\u015bm VHB\u2122 <\/h4>\n<p>Ta\u015bmy 3M VHB\u2122RP:<\/p>\n<ul>\n<li> posiadaj\u0105 wysokie parametry wytrzyma\u0142o\u015bciowe<\/li>\n<\/ul>\n<ul>\n<li> zapewniaj\u0105 uzyskanie mocnych po\u0142\u0105cze\u0144<\/li>\n<\/ul>\n<ul>\n<li> stanowi\u0105 ekonomicznie uzasadnion\u0105 alternatyw\u0119 dla innych metod \u0142\u0105czenia materia\u0142\u00f3w\n<\/ul>\n<ul>\n<li> dost\u0119pne s\u0105 w  rewolucyjnej cenie\n<\/ul>\n<p><a><br \/>\n            <object width=\"650\" height=\"150\" style=\"pointer-events:none;\"><param name=\"movie\" value=\"https:\/\/www.progreskb.pl\/wp-content\/uploads\/2013\/09\/vhb_rp.swf\"><param name=\"allowscriptaccess\" value=\"always\"><param name=\"wmode\" value=\"transparent\"><param name=\"FlashVars\" value=\"fileID=4928&#038;context=12&#038;embeded=true&#038;environment=production\"><embed width=\"650\" wmode=\"transparent\" height=\"150\" src=\"https:\/\/www.progreskb.pl\/wp-content\/uploads\/2013\/09\/vhb_rp.swf\" flashvars=\"fileID=4928&#038;context=12&#038;embeded=true&#038;environment=production\" type=\"application\/x-shockwave-flash\" allowscriptaccess=\"always\"><\/embed><\/object><br \/>\n<\/a><br \/>\n<br \/>\nWi\u0119cej informacji w katalogach:<br \/>\n<a href=\"https:\/\/www.progreskb.pl\/wp-content\/uploads\/2013\/09\/VHB-RPt.pdf\"><FONT COLOR=\"FF0000\">Ta\u015bmy VHB RP<\/font><\/a><br \/>\n<a href=\"https:\/\/www.progreskb.pl\/wp-content\/uploads\/2011\/01\/VHB.pdf\">Ta\u015bmy VHB<\/a><br \/>\n<a href=\"https:\/\/www.progreskb.pl\/wp-content\/uploads\/2011\/01\/Katalog-tasm-VHB.pdf\">Katalog ta\u015bm VHB<\/a><br \/>\n<a href=\"https:\/\/www.progreskb.pl\/wp-content\/uploads\/2011\/01\/Tasmy-VHB-akcesoria-i-narzedzia.pdf\">Ta\u015bmy VHB akcesoria i narz\u0119dzia<\/a><br \/>\n<a href=\"https:\/\/www.progreskb.pl\/wp-content\/uploads\/2011\/01\/VHB-DLA-BUDOWNICTWA.pdf\">Ta\u015bmy VHB dla szklenia strukturalnego<\/a><br \/>\n<a href=\"https:\/\/www.progreskb.pl\/wp-content\/uploads\/2011\/01\/DLA-POJAZDOW-SZYNOWYCH.pdf\">Rozwi\u0105zania dla pojazd\u00f3w szynowych<\/a><\/p>\n<div style=\"clear:both\">\n<a href=\"https:\/\/progres.pasaz24.pl\/category\/Tasmy-VHB-96085?#OfertaProduktowa\" target=\"_blank\" rel=\"nofollow\" title=\"Kup w sklepie internetowym\"><img loading=\"lazy\" decoding=\"async\" class=\"alignright size-full wp-image-1610\" src=\"https:\/\/www.progreskb.pl\/wp-content\/uploads\/2017\/05\/kop-online.png\" alt=\"Kup w sklepie internetowym\" width=\"113\" height=\"35\" \/><\/a>\n<\/div>\n","protected":false},"excerpt":{"rendered":"<p>Zastosowanie ta\u015bm 3M VHB: Transport Elektronika Oznakowanie i szyldy Budownictwo Produkcja wyrob\u00f3w z metali i tworzyw sztucznych Ta\u015bmy VHB\u2122 (Very High Bond) to grupa ta\u015bm dwustronnie klej\u0105cych o du\u017cej sile [&hellip;]<\/p>\n","protected":false},"author":1,"featured_media":0,"parent":39,"menu_order":0,"comment_status":"closed","ping_status":"closed","template":"","meta":{"footnotes":""},"class_list":["post-101","page","type-page","status-publish","hentry"],"_links":{"self":[{"href":"https:\/\/www.progreskb.pl\/index.php?rest_route=\/wp\/v2\/pages\/101","targetHints":{"allow":["GET"]}}],"collection":[{"href":"https:\/\/www.progreskb.pl\/index.php?rest_route=\/wp\/v2\/pages"}],"about":[{"href":"https:\/\/www.progreskb.pl\/index.php?rest_route=\/wp\/v2\/types\/page"}],"author":[{"embeddable":true,"href":"https:\/\/www.progreskb.pl\/index.php?rest_route=\/wp\/v2\/users\/1"}],"replies":[{"embeddable":true,"href":"https:\/\/www.progreskb.pl\/index.php?rest_route=%2Fwp%2Fv2%2Fcomments&post=101"}],"version-history":[{"count":14,"href":"https:\/\/www.progreskb.pl\/index.php?rest_route=\/wp\/v2\/pages\/101\/revisions"}],"predecessor-version":[{"id":1649,"href":"https:\/\/www.progreskb.pl\/index.php?rest_route=\/wp\/v2\/pages\/101\/revisions\/1649"}],"up":[{"embeddable":true,"href":"https:\/\/www.progreskb.pl\/index.php?rest_route=\/wp\/v2\/pages\/39"}],"wp:attachment":[{"href":"https:\/\/www.progreskb.pl\/index.php?rest_route=%2Fwp%2Fv2%2Fmedia&parent=101"}],"curies":[{"name":"wp","href":"https:\/\/api.w.org\/{rel}","templated":true}]}}